{"id":281,"date":"2020-09-10T11:28:04","date_gmt":"2020-09-10T11:28:04","guid":{"rendered":"https:\/\/demosites.io\/shop-gb\/?page_id=281"},"modified":"2025-01-21T11:12:52","modified_gmt":"2025-01-21T10:12:52","slug":"52e3e-about","status":"publish","type":"page","link":"https:\/\/through-history.boostrestau.com\/?page_id=281","title":{"rendered":"Qui sommes nous ?"},"content":{"rendered":"\t\t<div data-elementor-type=\"wp-page\" data-elementor-id=\"281\" class=\"elementor elementor-281\">\r\n\t\t\t\t\t\t<section class=\"elementor-section elementor-top-section elementor-element elementor-element-2175d73 elementor-section-height-min-height elementor-reverse-mobile elementor-section-stretched elementor-section-boxed elementor-section-height-default elementor-section-items-middle\" data-id=\"2175d73\" data-element_type=\"section\" data-settings=\"{&quot;background_background&quot;:&quot;classic&quot;,&quot;stretch_section&quot;:&quot;section-stretched&quot;}\">\r\n\t\t\t\t\t\t\t<div class=\"elementor-background-overlay\"><\/div>\r\n\t\t\t\t\t\t\t<div class=\"elementor-container elementor-column-gap-no\">\r\n\t\t\t\t\t<div class=\"elementor-column elementor-col-100 elementor-top-column elementor-element elementor-element-b852205\" data-id=\"b852205\" data-element_type=\"column\">\r\n\t\t\t<div class=\"elementor-widget-wrap elementor-element-populated\">\r\n\t\t\t\t\t\t<div class=\"elementor-element elementor-element-c7c0c91 elementor-widget elementor-widget-text-editor\" data-id=\"c7c0c91\" data-element_type=\"widget\" data-widget_type=\"text-editor.default\">\r\n\t\t\t\t<div class=\"elementor-widget-container\">\r\n\t\t\t\t\t\t\t<p class=\"has-text-align-center has-nv-site-bg-color has-text-color has-link-color has-large-font-size\">&#8220;Quand le pass\u00e9 n&#8217;\u00e9claire plus l&#8217;avenir, l&#8217;esprit marche dans les t\u00e9n\u00e8bres&#8221;<\/p>\n<p><!-- \/wp:paragraph --><!-- wp:paragraph {\"align\":\"center\",\"style\":{\"elements\":{\"link\":{\"color\":{\"text\":\"var:preset|color|nv-site-bg\"}}},\"typography\":{\"fontStyle\":\"italic\",\"fontWeight\":\"100\",\"letterSpacing\":\"1px\"}},\"textColor\":\"nv-site-bg\",\"fontSize\":\"large\"} --><\/p>\n<p><!-- \/wp:paragraph --><!-- wp:paragraph {\"align\":\"right\",\"style\":{\"elements\":{\"link\":{\"color\":{\"text\":\"var:preset|color|nv-site-bg\"}}}},\"textColor\":\"nv-site-bg\",\"fontSize\":\"medium\"} --><\/p>\n<p class=\"has-text-align-right has-nv-site-bg-color has-text-color has-link-color has-medium-font-size\"><em>Alexis de Tocqueville<\/em><\/p>\t\t\t\t\t\t<\/div>\r\n\t\t\t\t<\/div>\r\n\t\t\t\t\t<\/div>\r\n\t\t<\/div>\r\n\t\t\t\t\t<\/div>\r\n\t\t<\/section>\r\n\t\t\t\t<section class=\"elementor-section elementor-top-section elementor-element elementor-element-b89dcae elementor-section-boxed elementor-section-height-default elementor-section-height-default\" data-id=\"b89dcae\" data-element_type=\"section\">\r\n\t\t\t\t\t\t<div class=\"elementor-container elementor-column-gap-default\">\r\n\t\t\t\t\t<div class=\"elementor-column elementor-col-100 elementor-top-column elementor-element elementor-element-90015a7\" data-id=\"90015a7\" data-element_type=\"column\">\r\n\t\t\t<div class=\"elementor-widget-wrap elementor-element-populated\">\r\n\t\t\t\t\t\t<section class=\"elementor-section elementor-inner-section elementor-element elementor-element-702c7bd elementor-section-boxed elementor-section-height-default elementor-section-height-default\" data-id=\"702c7bd\" data-element_type=\"section\">\r\n\t\t\t\t\t\t<div class=\"elementor-container elementor-column-gap-default\">\r\n\t\t\t\t\t<div class=\"elementor-column elementor-col-50 elementor-inner-column elementor-element elementor-element-8675b14\" data-id=\"8675b14\" data-element_type=\"column\">\r\n\t\t\t<div class=\"elementor-widget-wrap elementor-element-populated\">\r\n\t\t\t\t\t\t<div class=\"elementor-element elementor-element-01c1158 elementor-widget elementor-widget-text-editor\" data-id=\"01c1158\" data-element_type=\"widget\" data-widget_type=\"text-editor.default\">\r\n\t\t\t\t<div class=\"elementor-widget-container\">\r\n\t\t\t\t\t\t\t<h2><strong>IL \u00c9TAIT UNE FOIS&#8230;<\/strong><\/h2>\n<p><em>Through History<\/em> est n\u00e9 de l\u2019amour pour cette p\u00e9riode historique riche et vari\u00e9e qu&#8217;est le moyen \u00e2ge. Nous nous sommes donn\u00e9s pour mission de rendre accessible \u00e0 tous les passionn\u00e9s, amateurs et professionnels, une large gamme de mat\u00e9riel m\u00e9di\u00e9val authentique et de qualit\u00e9.<\/p>\n<p>Fond\u00e9e par Fridleiv, un passionn\u00e9 de l\u2019\u00e9poque m\u00e9di\u00e9vale et pratiquant la reconstitution historique depuis plus de cinq ans, notre entreprise se consacre \u00e0 offrir des produits de qualit\u00e9 pour les amateurs et les professionnels de la reconstitution. Sa passion l\u2019a conduit \u00e0 s\u2019immerger dans la reconstitution historique, o\u00f9 il a acquis une connaissance approfondie des armes, des v\u00eatements et des accessoires de l\u2019\u00e9poque. Cette expertise se refl\u00e8te dans la s\u00e9lection rigoureuse des produits que nous proposons.<\/p>\n<p>Notre entreprise se consacre \u00e0 offrir des produits de qualit\u00e9 pour les amateurs et les professionnels de la reconstitution ; des \u00e9quipements authentiques et durables qui vous permettront de revivre les grandes \u00e9poques du Moyen \u00c2ge.<\/p>\n<p>\u00a0<\/p>\t\t\t\t\t\t<\/div>\r\n\t\t\t\t<\/div>\r\n\t\t\t\t\t<\/div>\r\n\t\t<\/div>\r\n\t\t\t\t<div class=\"elementor-column elementor-col-50 elementor-inner-column elementor-element elementor-element-4d2783f\" data-id=\"4d2783f\" data-element_type=\"column\">\r\n\t\t\t<div class=\"elementor-widget-wrap elementor-element-populated\">\r\n\t\t\t\t\t\t<div class=\"elementor-element elementor-element-208d933 elementor-widget elementor-widget-image\" data-id=\"208d933\" data-element_type=\"widget\" data-widget_type=\"image.default\">\r\n\t\t\t\t<div class=\"elementor-widget-container\">\r\n\t\t\t\t\t\t\t\t\t\t\t\t\t<img data-opt-id=925805516  fetchpriority=\"high\" decoding=\"async\" width=\"1024\" height=\"768\" src=\"https:\/\/mlugbwfz3xin.i.optimole.com\/cb:hFXJ.54d4c\/w:1024\/h:768\/q:mauto\/f:best\/id:228094165381798eaeded155de3687a1\/http:\/\/through-history.boostrestau.com\/IMG-20250106-WA0001.jpg\" class=\"attachment-large size-large wp-image-1932\" alt=\"\" srcset=\"https:\/\/mlugbwfz3xin.i.optimole.com\/cb:hFXJ.54d4c\/w:300\/h:225\/q:mauto\/f:best\/id:228094165381798eaeded155de3687a1\/http:\/\/through-history.boostrestau.com\/IMG-20250106-WA0001.jpg 300w, https:\/\/mlugbwfz3xin.i.optimole.com\/cb:hFXJ.54d4c\/w:1024\/h:768\/q:mauto\/f:best\/id:228094165381798eaeded155de3687a1\/http:\/\/through-history.boostrestau.com\/IMG-20250106-WA0001.jpg 1024w, https:\/\/mlugbwfz3xin.i.optimole.com\/cb:hFXJ.54d4c\/w:1440\/h:1080\/q:mauto\/f:best\/id:228094165381798eaeded155de3687a1\/http:\/\/through-history.boostrestau.com\/IMG-20250106-WA0001.jpg 1536w, https:\/\/mlugbwfz3xin.i.optimole.com\/cb:hFXJ.54d4c\/w:600\/h:450\/q:mauto\/f:best\/id:228094165381798eaeded155de3687a1\/http:\/\/through-history.boostrestau.com\/IMG-20250106-WA0001.jpg 600w\" sizes=\"(max-width: 1024px) 100vw, 1024px\" \/>\t\t\t\t\t\t\t\t\t\t\t\t\t<\/div>\r\n\t\t\t\t<\/div>\r\n\t\t\t\t\t<\/div>\r\n\t\t<\/div>\r\n\t\t\t\t\t<\/div>\r\n\t\t<\/section>\r\n\t\t\t\t\t<\/div>\r\n\t\t<\/div>\r\n\t\t\t\t\t<\/div>\r\n\t\t<\/section>\r\n\t\t\t\t<section class=\"elementor-section elementor-top-section elementor-element elementor-element-33bc142 elementor-section-boxed elementor-section-height-default elementor-section-height-default\" data-id=\"33bc142\" data-element_type=\"section\">\r\n\t\t\t\t\t\t<div class=\"elementor-container elementor-column-gap-default\">\r\n\t\t\t\t\t<div class=\"elementor-column elementor-col-100 elementor-top-column elementor-element elementor-element-76ef837\" data-id=\"76ef837\" data-element_type=\"column\">\r\n\t\t\t<div class=\"elementor-widget-wrap elementor-element-populated\">\r\n\t\t\t\t\t\t<div class=\"elementor-element elementor-element-f78982e elementor-widget elementor-widget-heading\" data-id=\"f78982e\" data-element_type=\"widget\" data-widget_type=\"heading.default\">\r\n\t\t\t\t<div class=\"elementor-widget-container\">\r\n\t\t\t<h2 class=\"elementor-heading-title elementor-size-default\">UNE PASSION QUI RASSEMBLE<\/h2>\t\t<\/div>\r\n\t\t\t\t<\/div>\r\n\t\t\t\t<div class=\"elementor-element elementor-element-ed4fe1e elementor-widget elementor-widget-text-editor\" data-id=\"ed4fe1e\" data-element_type=\"widget\" data-widget_type=\"text-editor.default\">\r\n\t\t\t\t<div class=\"elementor-widget-container\">\r\n\t\t\t\t\t\t\t<p><em>Nous avons tous le m\u00eame amour pour le m\u00e9di\u00e9val, mais pas la m\u00eame fa\u00e7on de la vivre.<\/em><\/p>\t\t\t\t\t\t<\/div>\r\n\t\t\t\t<\/div>\r\n\t\t\t\t\t<\/div>\r\n\t\t<\/div>\r\n\t\t\t\t\t<\/div>\r\n\t\t<\/section>\r\n\t\t\t\t<section class=\"elementor-section elementor-top-section elementor-element elementor-element-becd44d elementor-section-boxed elementor-section-height-default elementor-section-height-default\" data-id=\"becd44d\" data-element_type=\"section\">\r\n\t\t\t\t\t\t<div class=\"elementor-container elementor-column-gap-default\">\r\n\t\t\t\t\t<div class=\"elementor-column elementor-col-33 elementor-top-column elementor-element elementor-element-0284b48\" data-id=\"0284b48\" data-element_type=\"column\">\r\n\t\t\t<div class=\"elementor-widget-wrap elementor-element-populated\">\r\n\t\t\t\t\t\t<div class=\"elementor-element elementor-element-4fcaacc elementor-cta--layout-image-above elementor-cta--skin-classic elementor-animated-content elementor-bg-transform elementor-bg-transform-zoom-in elementor-widget elementor-widget-call-to-action\" data-id=\"4fcaacc\" data-element_type=\"widget\" data-widget_type=\"call-to-action.default\">\r\n\t\t\t\t<div class=\"elementor-widget-container\">\r\n\t\t\t\t\t<div class=\"elementor-cta\">\n\t\t\t\t\t<div class=\"elementor-cta__bg-wrapper\">\n\t\t\t\t<div class=\"elementor-cta__bg elementor-bg\" style=\"background-image: url(https:\/\/mlugbwfz3xin.i.optimole.com\/cb:hFXJ.54d4c\/w:1084\/h:1075\/q:mauto\/f:best\/id:5b3a8e73f035bc24a84fbedfe63296f4\/http:\/\/through-history.boostrestau.com\/337299976_748903450289220_4982261168828176815_n-1337299976_748903450289220_4982261168828176815_n-2.jpg);\" role=\"img\" aria-label=\"337299976_748903450289220_4982261168828176815_n.jpg\"><\/div>\n\t\t\t\t<div class=\"elementor-cta__bg-overlay\"><\/div>\n\t\t\t<\/div>\n\t\t\t\t\t\t\t<div class=\"elementor-cta__content\">\n\t\t\t\t\n\t\t\t\t<h2 class=\"elementor-cta__title elementor-cta__content-item elementor-content-item\">  Reconstituteur Historique<\/h2>\n\t\t\t\t\n\t\t\t\t\t\t\t<\/div>\n\t\t\t\t\t\t<\/div>\n\t\t\t\t<\/div>\r\n\t\t\t\t<\/div>\r\n\t\t\t\t\t<\/div>\r\n\t\t<\/div>\r\n\t\t\t\t<div class=\"elementor-column elementor-col-33 elementor-top-column elementor-element elementor-element-1fd2e57\" data-id=\"1fd2e57\" data-element_type=\"column\">\r\n\t\t\t<div class=\"elementor-widget-wrap elementor-element-populated\">\r\n\t\t\t\t\t\t<div class=\"elementor-element elementor-element-1f91e08 elementor-cta--skin-classic elementor-animated-content elementor-bg-transform elementor-bg-transform-zoom-in elementor-widget elementor-widget-call-to-action\" data-id=\"1f91e08\" data-element_type=\"widget\" data-widget_type=\"call-to-action.default\">\r\n\t\t\t\t<div class=\"elementor-widget-container\">\r\n\t\t\t\t\t<div class=\"elementor-cta\">\n\t\t\t\t\t<div class=\"elementor-cta__bg-wrapper\">\n\t\t\t\t<div class=\"elementor-cta__bg elementor-bg\" style=\"background-image: url(https:\/\/mlugbwfz3xin.i.optimole.com\/cb:hFXJ.54d4c\/w:1024\/h:768\/q:mauto\/f:best\/id:bef4a2d0141b4ad60c2487989a1c86f0\/http:\/\/through-history.boostrestau.com\/IMG-20241216-WA0009.jpg);\" role=\"img\" aria-label=\"IMG-20241216-WA0009\"><\/div>\n\t\t\t\t<div class=\"elementor-cta__bg-overlay\"><\/div>\n\t\t\t<\/div>\n\t\t\t\t\t\t\t<div class=\"elementor-cta__content\">\n\t\t\t\t\n\t\t\t\t<h2 class=\"elementor-cta__title elementor-cta__content-item elementor-content-item\">  Amoureux du m\u00e9di\u00e9val<\/h2>\n\t\t\t\t\n\t\t\t\t\t\t\t<\/div>\n\t\t\t\t\t\t<\/div>\n\t\t\t\t<\/div>\r\n\t\t\t\t<\/div>\r\n\t\t\t\t\t<\/div>\r\n\t\t<\/div>\r\n\t\t\t\t<div class=\"elementor-column elementor-col-33 elementor-top-column elementor-element elementor-element-25d5222\" data-id=\"25d5222\" data-element_type=\"column\">\r\n\t\t\t<div class=\"elementor-widget-wrap elementor-element-populated\">\r\n\t\t\t\t\t\t<div class=\"elementor-element elementor-element-8e26ac6 elementor-cta--skin-classic elementor-animated-content elementor-bg-transform elementor-bg-transform-zoom-in elementor-widget elementor-widget-call-to-action\" data-id=\"8e26ac6\" data-element_type=\"widget\" data-widget_type=\"call-to-action.default\">\r\n\t\t\t\t<div class=\"elementor-widget-container\">\r\n\t\t\t\t\t<div class=\"elementor-cta\">\n\t\t\t\t\t<div class=\"elementor-cta__bg-wrapper\">\n\t\t\t\t<div class=\"elementor-cta__bg elementor-bg\" style=\"background-image: url(https:\/\/mlugbwfz3xin.i.optimole.com\/cb:hFXJ.54d4c\/w:640\/h:638\/q:mauto\/f:best\/id:737e9acd551593e7a7e2e806651fa17d\/http:\/\/through-history.boostrestau.com\/WhatsApp-Image-2024-02-26-a-10.54.52_ecb03ea3-2.jpg);\" role=\"img\" aria-label=\"WhatsApp-Image-2024-02-26-a-10.54.52_ecb03ea3.jpg\"><\/div>\n\t\t\t\t<div class=\"elementor-cta__bg-overlay\"><\/div>\n\t\t\t<\/div>\n\t\t\t\t\t\t\t<div class=\"elementor-cta__content\">\n\t\t\t\t\n\t\t\t\t<h2 class=\"elementor-cta__title elementor-cta__content-item elementor-content-item\">  Cosplay \/ R\u00f4listes<\/h2>\n\t\t\t\t\n\t\t\t\t\t\t\t<\/div>\n\t\t\t\t\t\t<\/div>\n\t\t\t\t<\/div>\r\n\t\t\t\t<\/div>\r\n\t\t\t\t\t<\/div>\r\n\t\t<\/div>\r\n\t\t\t\t\t<\/div>\r\n\t\t<\/section>\r\n\t\t\t\t<section class=\"elementor-section elementor-top-section elementor-element elementor-element-1b34fb6 elementor-section-boxed elementor-section-height-default elementor-section-height-default\" data-id=\"1b34fb6\" data-element_type=\"section\">\r\n\t\t\t\t\t\t<div class=\"elementor-container elementor-column-gap-default\">\r\n\t\t\t\t\t<div class=\"elementor-column elementor-col-100 elementor-top-column elementor-element elementor-element-1810715\" data-id=\"1810715\" data-element_type=\"column\">\r\n\t\t\t<div class=\"elementor-widget-wrap elementor-element-populated\">\r\n\t\t\t\t\t\t<div class=\"elementor-element elementor-element-7a4d209 elementor--h-position-center elementor--v-position-middle elementor-arrows-position-inside elementor-pagination-position-inside elementor-widget elementor-widget-slides\" data-id=\"7a4d209\" data-element_type=\"widget\" data-settings=\"{&quot;navigation&quot;:&quot;both&quot;,&quot;autoplay&quot;:&quot;yes&quot;,&quot;pause_on_hover&quot;:&quot;yes&quot;,&quot;pause_on_interaction&quot;:&quot;yes&quot;,&quot;autoplay_speed&quot;:5000,&quot;infinite&quot;:&quot;yes&quot;,&quot;transition&quot;:&quot;slide&quot;,&quot;transition_speed&quot;:500}\" data-widget_type=\"slides.default\">\r\n\t\t\t\t<div class=\"elementor-widget-container\">\r\n\t\t\t\t\t<div class=\"elementor-swiper\">\n\t\t\t<div class=\"elementor-slides-wrapper elementor-main-swiper swiper\" dir=\"ltr\" data-animation=\"fadeInUp\">\n\t\t\t\t<div class=\"swiper-wrapper elementor-slides\">\n\t\t\t\t\t\t\t\t\t\t<div class=\"elementor-repeater-item-a1a65cf swiper-slide\"><div class=\"swiper-slide-bg elementor-ken-burns elementor-ken-burns--in\" role=\"img\"><\/div><div class=\"elementor-background-overlay\"><\/div><div class=\"swiper-slide-inner\" ><div class=\"swiper-slide-contents\"><div class=\"elementor-slide-heading\">Pourquoi nous ?<\/div><div class=\"elementor-slide-description\">Chez Through History, nous croyons en l\u2019importance de l\u2019authenticit\u00e9 et de la qualit\u00e9. C\u2019est pourquoi nous collaborons avec des artisans talentueux et des fournisseurs r\u00e9put\u00e9s pour vous offrir des articles qui respectent les standards historiques tout en \u00e9tant fonctionnels pour vos activit\u00e9s. Nous sommes fiers de contribuer \u00e0 la pr\u00e9servation et \u00e0 la c\u00e9l\u00e9bration de l\u2019histoire m\u00e9di\u00e9vale. Rejoignez-nous dans cette aventure et d\u00e9couvrez notre gamme compl\u00e8te de produits m\u00e9di\u00e9vaux. Que vous pr\u00e9pariez une bataille \u00e9pique, une foire m\u00e9di\u00e9vale, un d\u00e9guisement ou une simple d\u00e9monstration, nous sommes l\u00e0 pour vous \u00e9quiper. Ensemble, faisons revivre le pass\u00e9 !<\/div><\/div><\/div><\/div>\t\t\t\t<\/div>\n\t\t\t\t\t\t\t<\/div>\n\t\t<\/div>\n\t\t\t\t<\/div>\r\n\t\t\t\t<\/div>\r\n\t\t\t\t\t<\/div>\r\n\t\t<\/div>\r\n\t\t\t\t\t<\/div>\r\n\t\t<\/section>\r\n\t\t\t\t<\/div>\r\n\t\t","protected":false},"excerpt":{"rendered":"<p>&#8220;Quand le pass\u00e9 n&#8217;\u00e9claire plus l&#8217;avenir, l&#8217;esprit marche dans les t\u00e9n\u00e8bres&#8221; Alexis de Tocqueville IL \u00c9TAIT UNE FOIS&#8230; Through History est n\u00e9 de l\u2019amour pour cette p\u00e9riode historique riche et vari\u00e9e qu&#8217;est le moyen \u00e2ge. Nous nous sommes donn\u00e9s pour mission de rendre accessible \u00e0 tous les passionn\u00e9s, amateurs et professionnels, une large gamme de&hellip;&nbsp;<a href=\"https:\/\/through-history.boostrestau.com\/?page_id=281\" rel=\"bookmark\">Lire la suite &raquo;<span class=\"screen-reader-text\">Qui sommes nous ?<\/span><\/a><\/p>\n","protected":false},"author":1,"featured_media":0,"parent":0,"menu_order":0,"comment_status":"closed","ping_status":"closed","template":"","meta":{"neve_meta_sidebar":"full-width","neve_meta_container":"default","neve_meta_enable_content_width":"on","neve_meta_content_width":100,"neve_meta_title_alignment":"","neve_meta_author_avatar":"","neve_post_elements_order":"","neve_meta_disable_header":"","neve_meta_disable_footer":"","neve_meta_disable_title":"on","footnotes":""},"class_list":["post-281","page","type-page","status-publish","hentry"],"_links":{"self":[{"href":"https:\/\/through-history.boostrestau.com\/index.php?rest_route=\/wp\/v2\/pages\/281","targetHints":{"allow":["GET"]}}],"collection":[{"href":"https:\/\/through-history.boostrestau.com\/index.php?rest_route=\/wp\/v2\/pages"}],"about":[{"href":"https:\/\/through-history.boostrestau.com\/index.php?rest_route=\/wp\/v2\/types\/page"}],"author":[{"embeddable":true,"href":"https:\/\/through-history.boostrestau.com\/index.php?rest_route=\/wp\/v2\/users\/1"}],"replies":[{"embeddable":true,"href":"https:\/\/through-history.boostrestau.com\/index.php?rest_route=%2Fwp%2Fv2%2Fcomments&post=281"}],"version-history":[{"count":74,"href":"https:\/\/through-history.boostrestau.com\/index.php?rest_route=\/wp\/v2\/pages\/281\/revisions"}],"predecessor-version":[{"id":2022,"href":"https:\/\/through-history.boostrestau.com\/index.php?rest_route=\/wp\/v2\/pages\/281\/revisions\/2022"}],"wp:attachment":[{"href":"https:\/\/through-history.boostrestau.com\/index.php?rest_route=%2Fwp%2Fv2%2Fmedia&parent=281"}],"curies":[{"name":"wp","href":"https:\/\/api.w.org\/{rel}","templated":true}]}}