{"id":327,"date":"2019-03-06T12:59:31","date_gmt":"2019-03-06T12:59:31","guid":{"rendered":"https:\/\/demosites.io\/shop-gb\/cart\/"},"modified":"2025-01-06T15:41:26","modified_gmt":"2025-01-06T14:41:26","slug":"cart","status":"publish","type":"page","link":"https:\/\/through-history.boostrestau.com\/?page_id=327","title":{"rendered":"Panier"},"content":{"rendered":"\t\t<div data-elementor-type=\"wp-page\" data-elementor-id=\"327\" class=\"elementor elementor-327\">\r\n\t\t\t\t\t\t<section class=\"elementor-section elementor-top-section elementor-element elementor-element-a3caf18 elementor-section-boxed elementor-section-height-default elementor-section-height-default\" data-id=\"a3caf18\" data-element_type=\"section\" data-settings=\"{&quot;background_background&quot;:&quot;classic&quot;}\">\r\n\t\t\t\t\t\t<div class=\"elementor-container elementor-column-gap-default\">\r\n\t\t\t\t\t<div class=\"elementor-column elementor-col-100 elementor-top-column elementor-element elementor-element-5790f37\" data-id=\"5790f37\" data-element_type=\"column\">\r\n\t\t\t<div class=\"elementor-widget-wrap elementor-element-populated\">\r\n\t\t\t\t\t\t<div class=\"elementor-element elementor-element-34e9062 e-cart-layout-one-column elementor-widget elementor-widget-woocommerce-cart\" data-id=\"34e9062\" data-element_type=\"widget\" data-widget_type=\"woocommerce-cart.default\">\r\n\t\t\t\t<div class=\"elementor-widget-container\">\r\n\t\t\t<div class=\"woocommerce\"><div class=\"woocommerce-notices-wrapper\"><\/div><div class=\"wc-empty-cart-message\">\n\t<div class=\"cart-empty woocommerce-info\" role=\"status\">\n\t\tVotre panier est actuellement vide.\t<\/div>\n<\/div>\t<p class=\"return-to-shop\">\n\t\t<a class=\"button wc-backward\" href=\"https:\/\/through-history.boostrestau.com\/?page_id=326\">\n\t\t\tRetour \u00e0 la boutique\t\t<\/a>\n\t<\/p>\n<\/div>\t\t<\/div>\r\n\t\t\t\t<\/div>\r\n\t\t\t\t\t<\/div>\r\n\t\t<\/div>\r\n\t\t\t\t\t<\/div>\r\n\t\t<\/section>\r\n\t\t\t\t<\/div>\r\n\t\t","protected":false},"excerpt":{"rendered":"<p>Supprimer l\u2019\u00e9l\u00e9ment Miniature Produit Prix Quantit\u00e9 Sous-total &times; Bandes molleti\u00e8res &#8211; 100% laine Couleur: Bleu Crochet de molleti\u00e8re: Oui 59,90&nbsp;&euro; quantit\u00e9 de Bandes molleti\u00e8res &#8211; 100% laine 59,90&nbsp;&euro; &times; Bourse en cuir Hedeby 30,00&nbsp;&euro; quantit\u00e9 de Bourse en cuir Hedeby 30,00&nbsp;&euro; &times; Chaperon rembour\u00e9 Skjoldehamn 60,00&nbsp;&euro; quantit\u00e9 de Chaperon rembour\u00e9 Skjoldehamn 60,00&nbsp;&euro; &times; Broche Bally&hellip;&nbsp;<a href=\"https:\/\/through-history.boostrestau.com\/?page_id=327\" rel=\"bookmark\">Lire la suite &raquo;<span class=\"screen-reader-text\">Panier<\/span><\/a><\/p>\n","protected":false},"author":1,"featured_media":0,"parent":0,"menu_order":0,"comment_status":"closed","ping_status":"closed","template":"","meta":{"neve_meta_sidebar":"","neve_meta_container":"","neve_meta_enable_content_width":"","neve_meta_content_width":0,"neve_meta_title_alignment":"","neve_meta_author_avatar":"","neve_post_elements_order":"","neve_meta_disable_header":"","neve_meta_disable_footer":"","neve_meta_disable_title":"","footnotes":""},"class_list":["post-327","page","type-page","status-publish","hentry"],"_links":{"self":[{"href":"https:\/\/through-history.boostrestau.com\/index.php?rest_route=\/wp\/v2\/pages\/327","targetHints":{"allow":["GET"]}}],"collection":[{"href":"https:\/\/through-history.boostrestau.com\/index.php?rest_route=\/wp\/v2\/pages"}],"about":[{"href":"https:\/\/through-history.boostrestau.com\/index.php?rest_route=\/wp\/v2\/types\/page"}],"author":[{"embeddable":true,"href":"https:\/\/through-history.boostrestau.com\/index.php?rest_route=\/wp\/v2\/users\/1"}],"replies":[{"embeddable":true,"href":"https:\/\/through-history.boostrestau.com\/index.php?rest_route=%2Fwp%2Fv2%2Fcomments&post=327"}],"version-history":[{"count":37,"href":"https:\/\/through-history.boostrestau.com\/index.php?rest_route=\/wp\/v2\/pages\/327\/revisions"}],"predecessor-version":[{"id":1930,"href":"https:\/\/through-history.boostrestau.com\/index.php?rest_route=\/wp\/v2\/pages\/327\/revisions\/1930"}],"wp:attachment":[{"href":"https:\/\/through-history.boostrestau.com\/index.php?rest_route=%2Fwp%2Fv2%2Fmedia&parent=327"}],"curies":[{"name":"wp","href":"https:\/\/api.w.org\/{rel}","templated":true}]}}