{"id":329,"date":"2020-09-09T17:55:08","date_gmt":"2020-09-09T17:55:08","guid":{"rendered":"https:\/\/demosites.io\/shop-gb\/?page_id=265"},"modified":"2024-09-23T08:43:44","modified_gmt":"2024-09-23T06:43:44","slug":"52e3e-home","status":"publish","type":"page","link":"https:\/\/through-history.boostrestau.com\/?page_id=329","title":{"rendered":"Boutique de reconstitution historique &#8211; Through History"},"content":{"rendered":"\n<div id=\"wp-block-themeisle-blocks-advanced-columns-2e16e929\" class=\"wp-block-themeisle-blocks-advanced-columns alignfull has-1-columns has-desktop-equal-layout has-tablet-equal-layout has-mobile-equal-layout has-vertical-bottom\"><div class=\"wp-block-themeisle-blocks-advanced-columns-overlay\"><\/div><div class=\"innerblocks-wrap\">\n<div id=\"wp-block-themeisle-blocks-advanced-column-630e65ce\" class=\"wp-block-themeisle-blocks-advanced-column\">\n<h1 class=\"wp-block-heading has-text-align-left has-nv-light-bg-color has-text-color\"><strong>Pr\u00eat \u00e0 voyager avec Trough History<\/strong> ?<\/h1>\n\n\n\n<p class=\"has-text-align-left has-nv-light-bg-color has-text-color\" style=\"text-transform:uppercase\">Par des reconstitUeurs, pour des reconstitUeurs<\/p>\n\n\n\n<div class=\"wp-block-buttons is-layout-flex wp-block-buttons-is-layout-flex\">\n<div class=\"wp-block-button is-style-primary\"><a class=\"wp-block-button__link wp-element-button\" href=\"https:\/\/through-history.com\/?post_type=product\">Voir nos produits<\/a><\/div>\n<\/div>\n<\/div>\n<\/div><\/div>\n\n\n\n<p><\/p>\n\n\n\n<h2 class=\"wp-block-heading has-text-align-center\">\u00c9quipez vous du meilleur !<\/h2>\n\n\n<div data-align-buttons=\"true\" data-block-name=\"woocommerce\/handpicked-products\" data-columns=\"4\" data-content-visibility=\"{&quot;image&quot;:true,&quot;title&quot;:true,&quot;price&quot;:true,&quot;rating&quot;:false,&quot;button&quot;:false}\" data-products=\"[590,445,761,34]\" class=\"wc-block-grid wp-block-handpicked-products wp-block-woocommerce-handpicked-products wc-block-handpicked-products has-4-columns has-multiple-rows has-aligned-buttons\"><ul class=\"wc-block-grid__products\"><li class=\"wc-block-grid__product\">\n\t\t\t\t<a href=\"https:\/\/through-history.boostrestau.com\/?product=croix-viking-en-bronze-gotland\" class=\"wc-block-grid__product-link\">\n\t\t\t\t\t\n\t\t\t\t\t<div class=\"wc-block-grid__product-image\"><img data-opt-id=881512193  fetchpriority=\"high\" decoding=\"async\" width=\"300\" height=\"300\" src=\"https:\/\/mlugbwfz3xin.i.optimole.com\/cb:hFXJ.54d4c\/w:300\/h:300\/q:mauto\/rt:fill\/g:ce\/f:best\/id:b571bfeb431d373b76fa9224a29c381e\/https:\/\/through-history.com\/Capture-decran-2024-03-13-082127.png\" class=\"attachment-woocommerce_thumbnail size-woocommerce_thumbnail\" alt=\"Croix viking en bronze - Gotland\" srcset=\"https:\/\/mlugbwfz3xin.i.optimole.com\/cb:hFXJ.54d4c\/w:100\/h:100\/q:mauto\/f:best\/dpr:2\/id:b571bfeb431d373b76fa9224a29c381e\/https:\/\/through-history.com\/Capture-decran-2024-03-13-082127.png 100w, https:\/\/mlugbwfz3xin.i.optimole.com\/cb:hFXJ.54d4c\/w:300\/h:300\/q:mauto\/rt:fill\/g:ce\/f:best\/id:b571bfeb431d373b76fa9224a29c381e\/https:\/\/through-history.com\/Capture-decran-2024-03-13-082127.png 300w\" sizes=\"(max-width: 300px) 100vw, 300px\" \/><\/div>\n\t\t\t\t\t<div class=\"wc-block-grid__product-title\">Croix viking en bronze &#8211; Gotland<\/div>\n\t\t\t\t<\/a>\n\t\t\t\t<div class=\"wc-block-grid__product-price price\"><span class=\"woocommerce-Price-amount amount\">12,00&nbsp;<span class=\"woocommerce-Price-currencySymbol\">&euro;<\/span><\/span><\/div>\n\t\t\t\t\n\t\t\t\t\n\t\t\t<\/li><li class=\"wc-block-grid__product\">\n\t\t\t\t<a href=\"https:\/\/through-history.boostrestau.com\/?product=bandes-molletieres-100-laine\" class=\"wc-block-grid__product-link\">\n\t\t\t\t\t\n\t\t\t\t\t<div class=\"wc-block-grid__product-image\"><img data-opt-id=1684748257  fetchpriority=\"high\" decoding=\"async\" width=\"300\" height=\"300\" src=\"https:\/\/mlugbwfz3xin.i.optimole.com\/cb:hFXJ.54d4c\/w:300\/h:300\/q:mauto\/rt:fill\/g:ce\/f:best\/id:8f8c5fa4d71e283b70d1b0c0c4e8eaf4\/https:\/\/through-history.com\/Bandes_tous.jpg\" class=\"attachment-woocommerce_thumbnail size-woocommerce_thumbnail\" alt=\"Bandes molleti\u00e8res - 100% laine\" srcset=\"https:\/\/mlugbwfz3xin.i.optimole.com\/cb:hFXJ.54d4c\/w:100\/h:100\/q:mauto\/f:best\/dpr:2\/id:8f8c5fa4d71e283b70d1b0c0c4e8eaf4\/https:\/\/through-history.com\/Bandes_tous.jpg 100w, https:\/\/mlugbwfz3xin.i.optimole.com\/cb:hFXJ.54d4c\/w:300\/h:300\/q:mauto\/rt:fill\/g:ce\/f:best\/id:8f8c5fa4d71e283b70d1b0c0c4e8eaf4\/https:\/\/through-history.com\/Bandes_tous.jpg 300w\" sizes=\"(max-width: 300px) 100vw, 300px\" \/><\/div>\n\t\t\t\t\t<div class=\"wc-block-grid__product-title\">Bandes molleti\u00e8res &#8211; 100% laine<\/div>\n\t\t\t\t<\/a>\n\t\t\t\t<div class=\"wc-block-grid__product-price price\"><span class=\"woocommerce-Price-amount amount\" aria-hidden=\"true\">45,90&nbsp;<span class=\"woocommerce-Price-currencySymbol\">&euro;<\/span><\/span> <span aria-hidden=\"true\">\u00a0\u2013\u00a0<\/span> <span class=\"woocommerce-Price-amount amount\" aria-hidden=\"true\">59,90&nbsp;<span class=\"woocommerce-Price-currencySymbol\">&euro;<\/span><\/span><span class=\"screen-reader-text\">Plage de prix\u00a0: 45,90&nbsp;&euro; \u00e0 59,90&nbsp;&euro;<\/span><\/div>\n\t\t\t\t\n\t\t\t\t\n\t\t\t<\/li><li class=\"wc-block-grid__product\">\n\t\t\t\t<a href=\"https:\/\/through-history.boostrestau.com\/?product=casque-gjermundbu\" class=\"wc-block-grid__product-link\">\n\t\t\t\t\t\n\t\t\t\t\t<div class=\"wc-block-grid__product-image\"><img data-opt-id=1198468261  fetchpriority=\"high\" decoding=\"async\" width=\"300\" height=\"300\" src=\"https:\/\/mlugbwfz3xin.i.optimole.com\/cb:hFXJ.54d4c\/w:300\/h:300\/q:mauto\/rt:fill\/g:ce\/f:best\/id:309dc0f1fe8422063dbe8dc21ab6d54c\/https:\/\/through-history.com\/Gjermundbu-logo-final.jpg\" class=\"attachment-woocommerce_thumbnail size-woocommerce_thumbnail\" alt=\"Casque Gjermundbu\" srcset=\"https:\/\/mlugbwfz3xin.i.optimole.com\/cb:hFXJ.54d4c\/w:100\/h:100\/q:mauto\/f:best\/dpr:2\/id:309dc0f1fe8422063dbe8dc21ab6d54c\/https:\/\/through-history.com\/Gjermundbu-logo-final.jpg 100w, https:\/\/mlugbwfz3xin.i.optimole.com\/cb:hFXJ.54d4c\/w:300\/h:300\/q:mauto\/rt:fill\/g:ce\/f:best\/id:309dc0f1fe8422063dbe8dc21ab6d54c\/https:\/\/through-history.com\/Gjermundbu-logo-final.jpg 300w\" sizes=\"(max-width: 300px) 100vw, 300px\" \/><\/div>\n\t\t\t\t\t<div class=\"wc-block-grid__product-title\">Casque Gjermundbu<\/div>\n\t\t\t\t<\/a>\n\t\t\t\t<div class=\"wc-block-grid__product-price price\"><span class=\"woocommerce-Price-amount amount\">295,00&nbsp;<span class=\"woocommerce-Price-currencySymbol\">&euro;<\/span><\/span><\/div>\n\t\t\t\t\n\t\t\t\t\n\t\t\t<\/li><li class=\"wc-block-grid__product\">\n\t\t\t\t<a href=\"https:\/\/through-history.boostrestau.com\/?product=byzantine-battle-tunic-bambakion\" class=\"wc-block-grid__product-link\">\n\t\t\t\t\t\n\t\t\t\t\t<div class=\"wc-block-grid__product-image\"><img data-opt-id=1790497795  data-opt-src=\"https:\/\/mlugbwfz3xin.i.optimole.com\/cb:hFXJ.54d4c\/w:300\/h:300\/q:mauto\/rt:fill\/g:ce\/f:best\/id:db59f78b40eaa61f1d8ad644e937913b\/https:\/\/through-history.com\/tunic-simple-1-final.jpg\"  loading=\"lazy\" decoding=\"async\" width=\"300\" height=\"300\" src=\"data:image/svg+xml,%3Csvg%20viewBox%3D%220%200%20300%20300%22%20width%3D%22300%22%20height%3D%22300%22%20xmlns%3D%22http%3A%2F%2Fwww.w3.org%2F2000%2Fsvg%22%3E%3Crect%20width%3D%22300%22%20height%3D%22300%22%20fill%3D%22transparent%22%2F%3E%3C%2Fsvg%3E\" class=\"attachment-woocommerce_thumbnail size-woocommerce_thumbnail\" alt=\"Tunique de combat - Bambakion Byzantin\" old-srcset=\"https:\/\/mlugbwfz3xin.i.optimole.com\/cb:hFXJ.54d4c\/w:100\/h:100\/q:mauto\/f:best\/dpr:2\/id:db59f78b40eaa61f1d8ad644e937913b\/https:\/\/through-history.com\/tunic-simple-1-final.jpg 100w, https:\/\/mlugbwfz3xin.i.optimole.com\/cb:hFXJ.54d4c\/w:300\/h:300\/q:mauto\/f:best\/id:db59f78b40eaa61f1d8ad644e937913b\/https:\/\/through-history.com\/tunic-simple-1-final.jpg 300w\" \/><\/div>\n\t\t\t\t\t<div class=\"wc-block-grid__product-title\">Tunique de combat &#8211; Bambakion Byzantin<\/div>\n\t\t\t\t<\/a>\n\t\t\t\t<div class=\"wc-block-grid__product-price price\"><span class=\"woocommerce-Price-amount amount\">195,00&nbsp;<span class=\"woocommerce-Price-currencySymbol\">&euro;<\/span><\/span><\/div>\n\t\t\t\t\n\t\t\t\t\n\t\t\t<\/li><\/ul><\/div>\n\n\n<h2 class=\"wp-block-heading has-text-align-center\">Nos valeurs<\/h2>\n\n\n\n<p class=\"has-text-align-center\">L&#8217;Histoire m\u00e9rite qu&#8217;on lui rend hommage de la plus belle des fa\u00e7ons !<\/p>\n\n\n\n<div id=\"wp-block-themeisle-blocks-advanced-columns-57bfef66\" class=\"wp-block-themeisle-blocks-advanced-columns alignwide has-1-columns has-desktop-equal-layout has-tablet-equal-layout has-mobile-equal-layout has-vertical-top\"><div class=\"wp-block-themeisle-blocks-advanced-columns-overlay\"><\/div><div class=\"innerblocks-wrap\">\n<div id=\"wp-block-themeisle-blocks-advanced-column-88849554\" class=\"wp-block-themeisle-blocks-advanced-column\">\n<div id=\"wp-block-themeisle-blocks-advanced-columns-f4d5db45\" class=\"wp-block-themeisle-blocks-advanced-columns has-3-columns has-desktop-equal-layout has-tablet-equal-layout has-mobile-collapsedRows-layout has-vertical-top\"><div class=\"wp-block-themeisle-blocks-advanced-columns-overlay\"><\/div><div class=\"innerblocks-wrap\">\n<div id=\"wp-block-themeisle-blocks-advanced-column-abaf1f32\" class=\"wp-block-themeisle-blocks-advanced-column\">\n<div class=\"wp-block-themeisle-blocks-service\">\n<div id=\"wp-block-themeisle-blocks-font-awesome-icons-83293f68\" class=\"wp-block-themeisle-blocks-font-awesome-icons\"><span class=\"wp-block-themeisle-blocks-font-awesome-icons-container\"><i class=\"fas fa-search\"><\/i><\/span><\/div>\n\n\n\n<h3 class=\"wp-block-heading has-text-align-center\">Des produits SOURC\u00e9s<\/h3>\n\n\n\n<p class=\"has-text-align-center has-neve-text-color-color has-text-color\">Nous r\u00e9alisons des recherches quotidiennes sur des objets arch\u00e9ologiques de toute \u00e9poques<br><br><\/p>\n<\/div>\n<\/div>\n\n\n\n<div id=\"wp-block-themeisle-blocks-advanced-column-2670760a\" class=\"wp-block-themeisle-blocks-advanced-column\">\n<div class=\"wp-block-themeisle-blocks-service\">\n<div id=\"wp-block-themeisle-blocks-font-awesome-icons-48f0c34c\" class=\"wp-block-themeisle-blocks-font-awesome-icons\"><span class=\"wp-block-themeisle-blocks-font-awesome-icons-container\"><i class=\"fas fa-shipping-fast\"><\/i><\/span><\/div>\n\n\n\n<h3 class=\"wp-block-heading has-text-align-center\">Livraison rapide<\/h3>\n\n\n\n<p class=\"has-text-align-center has-neve-text-color-color has-text-color\">Nous emballons nous m\u00eame nos produits, et livrons volontiers partout dans le monde.<br><\/p>\n<\/div>\n<\/div>\n\n\n\n<div id=\"wp-block-themeisle-blocks-advanced-column-4f9991e5\" class=\"wp-block-themeisle-blocks-advanced-column\">\n<div class=\"wp-block-themeisle-blocks-service\">\n<div id=\"wp-block-themeisle-blocks-font-awesome-icons-8351db79\" class=\"wp-block-themeisle-blocks-font-awesome-icons\"><span class=\"wp-block-themeisle-blocks-font-awesome-icons-container\"><i class=\"fas fa-star\"><\/i><\/span><\/div>\n\n\n\n<h3 class=\"wp-block-heading has-text-align-center\">ESSAYER C&#8217;EST L&#8217;ADOPTER<\/h3>\n\n\n\n<p class=\"has-text-align-center\">La qualit\u00e9 est le centre de notre attention, en terme de rendu et d&#8217;historicit\u00e9 sur nos produits.<\/p>\n<\/div>\n<\/div>\n<\/div><\/div>\n<\/div>\n<\/div><\/div>\n\n\n\n<div id=\"wp-block-themeisle-blocks-advanced-columns-a83673d2\" class=\"wp-block-themeisle-blocks-advanced-columns has-1-columns has-desktop-equal-layout has-tablet-equal-layout has-mobile-equal-layout has-vertical-unset\"><div class=\"wp-block-themeisle-blocks-advanced-columns-overlay\"><\/div><div class=\"innerblocks-wrap\">\n<div id=\"wp-block-themeisle-blocks-advanced-column-6ff783c9\" class=\"wp-block-themeisle-blocks-advanced-column\">\n<div class=\"wp-block-group alignwide\"><div class=\"wp-block-group__inner-container is-layout-constrained wp-container-core-group-is-layout-b0c428d9 wp-block-group-is-layout-constrained\">\n<div class=\"wp-block-columns alignwide is-layout-flex wp-container-core-columns-is-layout-9d6595d7 wp-block-columns-is-layout-flex\">\n<div class=\"wp-block-column is-layout-flow wp-block-column-is-layout-flow\" style=\"flex-basis:58%\">\n<div class=\"wp-block-cover is-light\" style=\"padding-top:80px;padding-right:80px;padding-bottom:80px;padding-left:80px;min-height:430px;aspect-ratio:unset;\"><span aria-hidden=\"true\" class=\"wp-block-cover__background has-background-dim-20 has-background-dim\" style=\"background-color:#87847d\"><\/span><img data-opt-id=93888863  data-opt-src=\"https:\/\/mlugbwfz3xin.i.optimole.com\/cb:hFXJ.54d4c\/w:auto\/h:auto\/q:mauto\/f:best\/https:\/\/through-history.com\/wp-content\/uploads\/id:2a1a1c2d5fb87e8c39c6cd8511a343e5\/https:\/\/through-history.com\/Pantalon-devant-1olympus-digital-camera-21-e1726041109986.jpg\"  loading=\"lazy\" decoding=\"async\" width=\"1200\" height=\"900\" class=\"wp-block-cover__image-background wp-image-1075\" alt=\"\" src=\"data:image/svg+xml,%3Csvg%20viewBox%3D%220%200%20100%%20100%%22%20width%3D%22100%%22%20height%3D%22100%%22%20xmlns%3D%22http%3A%2F%2Fwww.w3.org%2F2000%2Fsvg%22%3E%3Crect%20width%3D%22100%%22%20height%3D%22100%%22%20fill%3D%22transparent%22%2F%3E%3C%2Fsvg%3E\" data-object-fit=\"cover\" old-srcset=\"https:\/\/mlugbwfz3xin.i.optimole.com\/cb:hFXJ.54d4c\/w:auto\/h:auto\/q:mauto\/f:best\/https:\/\/through-history.com\/wp-content\/uploads\/2024\/06\/Pantalon-devant-1olympus-digital-camera-21olympus-digital-camera-21olympus-digital-camera-21olympus-digital-camera-21.jpg 300w, https:\/\/mlugbwfz3xin.i.optimole.com\/cb:hFXJ.54d4c\/w:auto\/h:auto\/q:mauto\/f:best\/https:\/\/through-history.com\/wp-content\/uploads\/2024\/06\/Pantalon-devant-1olympus-digital-camera-21olympus-digital-camera-21olympus-digital-camera-21olympus-digital-camera-21.jpg 1024w, https:\/\/mlugbwfz3xin.i.optimole.com\/cb:hFXJ.54d4c\/w:auto\/h:auto\/q:mauto\/f:best\/https:\/\/through-history.com\/wp-content\/uploads\/2024\/06\/Pantalon-devant-1olympus-digital-camera-21olympus-digital-camera-21olympus-digital-camera-21olympus-digital-camera-21.jpg 600w, https:\/\/mlugbwfz3xin.i.optimole.com\/cb:hFXJ.54d4c\/w:auto\/h:auto\/q:mauto\/f:best\/https:\/\/through-history.com\/wp-content\/uploads\/id:2a1a1c2d5fb87e8c39c6cd8511a343e5\/https:\/\/through-history.com\/Pantalon-devant-1olympus-digital-camera-21-e1726041109986.jpg 1200w\" \/><div class=\"wp-block-cover__inner-container is-layout-flow wp-block-cover-is-layout-flow\">\n<p class=\"has-text-align-center has-text-color has-inter-font-family\" style=\"color:#ffffff;font-size:40px;font-style:normal;font-weight:700;line-height:1.3;text-transform:uppercase\"><\/p>\n<\/div><\/div>\n<\/div>\n\n\n\n<div class=\"wp-block-column is-vertically-aligned-center is-layout-flow wp-block-column-is-layout-flow\">\n<p class=\"has-text-color has-inter-font-family\" style=\"color:#000000;font-size:22px;font-style:normal;font-weight:300;line-height:1.3\">Habillez vous de la t\u00eate aux pieds avec notre nouvelle collection de pantalons 100% en laine. Restez au chaud en hiver et confortable en \u00e9t\u00e9 !<\/p>\n\n\n\n<div class=\"wp-block-buttons is-layout-flex wp-block-buttons-is-layout-flex\">\n<div class=\"wp-block-button is-style-secondary\"><a class=\"wp-block-button__link wp-element-button\" href=\"https:\/\/through-history.com\/produit\/pantalon-bouffant-100-en-laine\/\">D\u00e9couvrir<\/a><\/div>\n<\/div>\n<\/div>\n<\/div>\n<\/div><\/div>\n\n\n\n<div style=\"height:30px\" aria-hidden=\"true\" class=\"wp-block-spacer\"><\/div>\n<\/div>\n<\/div><\/div>\n\n\n\n<div id=\"wp-block-themeisle-blocks-advanced-columns-139710be\" class=\"wp-block-themeisle-blocks-advanced-columns alignfull has-1-columns has-desktop-equal-layout has-tablet-equal-layout has-mobile-equal-layout has-vertical-unset\"><div class=\"wp-block-themeisle-blocks-advanced-columns-overlay\"><\/div><div class=\"innerblocks-wrap\">\n<div id=\"wp-block-themeisle-blocks-advanced-column-0a061573\" class=\"wp-block-themeisle-blocks-advanced-column\">\n<div class=\"wp-block-jetpack-contact-form\">\n<h3 class=\"wp-block-heading has-text-align-center has-neve-link-color-color has-text-color\" style=\"font-size:30px\">Inscrivez vous \u00e0 notre Newsletter pour int\u00e9grer la grande famille de la reconstitution m\u00e9di\u00e9vale<\/h3>\n\n\n\n\n<\/div>\n<\/div>\n<\/div><\/div>\n\n\n\n<p><\/p>\n","protected":false},"excerpt":{"rendered":"<p>\u00c9quipez vous du meilleur ! Nos valeurs L&#8217;Histoire m\u00e9rite qu&#8217;on lui rend hommage de la plus belle des fa\u00e7ons !<\/p>\n","protected":false},"author":1,"featured_media":0,"parent":0,"menu_order":0,"comment_status":"closed","ping_status":"closed","template":"","meta":{"neve_meta_sidebar":"full-width","neve_meta_container":"default","neve_meta_enable_content_width":"on","neve_meta_content_width":100,"neve_meta_title_alignment":"","neve_meta_author_avatar":"","neve_post_elements_order":"","neve_meta_disable_header":"","neve_meta_disable_footer":"","neve_meta_disable_title":"on","footnotes":""},"class_list":["post-329","page","type-page","status-publish","hentry"],"_links":{"self":[{"href":"https:\/\/through-history.boostrestau.com\/index.php?rest_route=\/wp\/v2\/pages\/329","targetHints":{"allow":["GET"]}}],"collection":[{"href":"https:\/\/through-history.boostrestau.com\/index.php?rest_route=\/wp\/v2\/pages"}],"about":[{"href":"https:\/\/through-history.boostrestau.com\/index.php?rest_route=\/wp\/v2\/types\/page"}],"author":[{"embeddable":true,"href":"https:\/\/through-history.boostrestau.com\/index.php?rest_route=\/wp\/v2\/users\/1"}],"replies":[{"embeddable":true,"href":"https:\/\/through-history.boostrestau.com\/index.php?rest_route=%2Fwp%2Fv2%2Fcomments&post=329"}],"version-history":[{"count":44,"href":"https:\/\/through-history.boostrestau.com\/index.php?rest_route=\/wp\/v2\/pages\/329\/revisions"}],"predecessor-version":[{"id":1340,"href":"https:\/\/through-history.boostrestau.com\/index.php?rest_route=\/wp\/v2\/pages\/329\/revisions\/1340"}],"wp:attachment":[{"href":"https:\/\/through-history.boostrestau.com\/index.php?rest_route=%2Fwp%2Fv2%2Fmedia&parent=329"}],"curies":[{"name":"wp","href":"https:\/\/api.w.org\/{rel}","templated":true}]}}