{"id":1017,"date":"2024-06-18T09:49:59","date_gmt":"2024-06-18T07:49:59","guid":{"rendered":"https:\/\/through-history.com\/?post_type=product&#038;p=1017"},"modified":"2024-06-18T11:10:49","modified_gmt":"2024-06-18T09:10:49","slug":"casque-de-yarm","status":"publish","type":"product","link":"https:\/\/through-history.boostrestau.com\/?product=casque-de-yarm","title":{"rendered":"Casque de Yarm"},"content":{"rendered":"<p>2mm d&#8217;\u00e9paisseur, pr\u00eat pour le combat m\u00e9di\u00e9val. Le casque est vendu avec sa maille compl\u00e8te et une grille de protection, pour une meilleure s\u00e9curit\u00e9.<\/p>\n<div class=\"x11i5rnm xat24cr x1mh8g0r x1vvkbs xtlvy1s x126k92a\">\n<div dir=\"auto\">Le casque de Yarm es un casque retrouv\u00e9 dans le Danelaw, territoire Saxon sous domination Danoise.En Angleterre les pi\u00e8ces de fouilles ne sont pas forc\u00e9ment le lobby des mus\u00e9es : celui qui d\u00e9couvre l&#8217;objet peu le garder pour lui ou le vendre au plus offrant que ce soit un mus\u00e9e ou un particulier.Pendant des ann\u00e9es le casque de Yarm a appartenu \u00e0 une collection priv\u00e9. Il a \u00e9t\u00e9 longuement d\u00e9battu par les apprentis sorciers afin de savoir si oui ou non il \u00e9tait une pi\u00e8ce originelle ou un faux.R\u00e9cemment l&#8217;universit\u00e9 de Durham as eu acc\u00e8s au casque et \u00e0 pu en confirm\u00e9 la v\u00e9racit\u00e9 historique. Le casque es d\u00e9sormais expos\u00e9 au Preston Park Mus\u00e9um.<\/div>\n<\/div>\n<div class=\"x11i5rnm xat24cr x1mh8g0r x1vvkbs xtlvy1s x126k92a\">\n<div dir=\"auto\"><\/div>\n<div dir=\"auto\">Le casque de Yarm es une exclusivit\u00e9 Through History. Il n&#8217;es pas tr\u00e8s c\u00e9l\u00e8bre et donc pas repr\u00e9sent\u00e9.C&#8217;est l&#8217;occasion id\u00e9al de porter un casque \u00e0 lunette au combat tout en retrouvant un peu d&#8217;originalit\u00e9.Ces casques typiquement Vikings relativement repr\u00e9sent\u00e9s sur divers sculptures et ornementations de l&#8217;\u00e9poque, sans pour autant se contenter du mythique Gjermunbu largement pr\u00e9sent sur les champs de bataille.<\/div>\n<\/div>\n<p>&nbsp;<\/p>\n","protected":false},"excerpt":{"rendered":"<p>IX\/X \u00e8me si\u00e8cle &#8211; Danemark \/ Angleterre<\/p>\n<p>Revivez l&#8217;invasion des Danois en Angleterre et imposer le Danelaw sur ces nouvelles terre ! Suivez Ivra Ragnarsson dans sa conqu\u00eate et revivez la guerre comme jamais.<\/p>\n<p>Ce produit est en pr\u00e9commande. Le d\u00e9lai de livraison sera de 3 mois environ. Le casque est vendu avec sa maille compl\u00e8te et une grille de protection, pour une meilleure s\u00e9curit\u00e9.<\/p>\n","protected":false},"featured_media":1022,"template":"","meta":{"neve_meta_sidebar":"","neve_meta_container":"","neve_meta_enable_content_width":"off","neve_meta_content_width":100,"neve_meta_title_alignment":"","neve_meta_author_avatar":"","neve_post_elements_order":"","neve_meta_disable_header":"","neve_meta_disable_footer":"","neve_meta_disable_title":""},"product_brand":[],"product_cat":[192,15],"product_tag":[25,391,24,26,16,432],"class_list":{"0":"post-1017","1":"product","2":"type-product","3":"status-publish","4":"has-post-thumbnail","6":"product_cat-casques-viking","7":"product_cat-tous-nos-produits","8":"product_tag-casque","9":"product_tag-danemark","10":"product_tag-helmet","11":"product_tag-medieval","12":"product_tag-viking","13":"product_tag-yarm","14":"product_shipping_class-casques","16":"first","17":"onbackorder","18":"taxable","19":"shipping-taxable","20":"purchasable","21":"product-type-variable"},"_links":{"self":[{"href":"https:\/\/through-history.boostrestau.com\/index.php?rest_route=\/wp\/v2\/product\/1017","targetHints":{"allow":["GET"]}}],"collection":[{"href":"https:\/\/through-history.boostrestau.com\/index.php?rest_route=\/wp\/v2\/product"}],"about":[{"href":"https:\/\/through-history.boostrestau.com\/index.php?rest_route=\/wp\/v2\/types\/product"}],"wp:featuredmedia":[{"embeddable":true,"href":"https:\/\/through-history.boostrestau.com\/index.php?rest_route=\/wp\/v2\/media\/1022"}],"wp:attachment":[{"href":"https:\/\/through-history.boostrestau.com\/index.php?rest_route=%2Fwp%2Fv2%2Fmedia&parent=1017"}],"wp:term":[{"taxonomy":"product_brand","embeddable":true,"href":"https:\/\/through-history.boostrestau.com\/index.php?rest_route=%2Fwp%2Fv2%2Fproduct_brand&post=1017"},{"taxonomy":"product_cat","embeddable":true,"href":"https:\/\/through-history.boostrestau.com\/index.php?rest_route=%2Fwp%2Fv2%2Fproduct_cat&post=1017"},{"taxonomy":"product_tag","embeddable":true,"href":"https:\/\/through-history.boostrestau.com\/index.php?rest_route=%2Fwp%2Fv2%2Fproduct_tag&post=1017"}],"curies":[{"name":"wp","href":"https:\/\/api.w.org\/{rel}","templated":true}]}}