{"id":1064,"date":"2024-06-19T22:20:34","date_gmt":"2024-06-19T20:20:34","guid":{"rendered":"https:\/\/through-history.com\/?post_type=product&#038;p=1064"},"modified":"2024-06-21T09:51:05","modified_gmt":"2024-06-21T07:51:05","slug":"tunique-de-lin","status":"publish","type":"product","link":"https:\/\/through-history.boostrestau.com\/?product=tunique-de-lin","title":{"rendered":"Tunique de lin"},"content":{"rendered":"<p>Scandinave \/ Franc\/ Rus<br \/>\nToute \u00e9poque<\/p>\n<p>Nous proposons une tunique de lin \u00e0 la couleur simple et naturelle pour convenir \u00e0 tout type de statut sociale. La tunique de lin peut se dissimul\u00e9e facilement dessous une tunique en laine pour \u00e9vit\u00e9e les d\u00e9mangeaisons.<\/p>\n","protected":false},"excerpt":{"rendered":"<p>Le lin est une mati\u00e8re beaucoup utilis\u00e9e durant le moyen age. Il est cependant beaucoup utilis\u00e9 par la bourgeoisie en tant qu&#8217;habits, car il est l\u00e9ger et ne gratte pas, contrairement \u00e0 la laine. La plupart des tissus retrouv\u00e9s \u00e9taient teint de couleurs riches comme le bleu, le rouge ou le violet.<\/p>\n<p>Nous proposons une tunique de lin \u00e0 la couleur simple et naturelle pour convenir \u00e0 tout type de statut sociale. La tunique de lin peut se dissimul\u00e9e facilement dessous une tunique en laine pour \u00e9vit\u00e9e les d\u00e9mangeaisons.<\/p>\n","protected":false},"featured_media":1065,"template":"","meta":{"neve_meta_sidebar":"","neve_meta_container":"","neve_meta_enable_content_width":"off","neve_meta_content_width":100,"neve_meta_title_alignment":"","neve_meta_author_avatar":"","neve_post_elements_order":"","neve_meta_disable_header":"","neve_meta_disable_footer":"","neve_meta_disable_title":""},"product_brand":[],"product_cat":[15,436],"product_tag":[438,439],"class_list":{"0":"post-1064","1":"product","2":"type-product","3":"status-publish","4":"has-post-thumbnail","6":"product_cat-tous-nos-produits","7":"product_cat-vetements","8":"product_tag-tunique","9":"product_tag-tunique-de-lin","11":"first","12":"instock","13":"taxable","14":"shipping-taxable","15":"purchasable","16":"product-type-variable"},"_links":{"self":[{"href":"https:\/\/through-history.boostrestau.com\/index.php?rest_route=\/wp\/v2\/product\/1064","targetHints":{"allow":["GET"]}}],"collection":[{"href":"https:\/\/through-history.boostrestau.com\/index.php?rest_route=\/wp\/v2\/product"}],"about":[{"href":"https:\/\/through-history.boostrestau.com\/index.php?rest_route=\/wp\/v2\/types\/product"}],"wp:featuredmedia":[{"embeddable":true,"href":"https:\/\/through-history.boostrestau.com\/index.php?rest_route=\/wp\/v2\/media\/1065"}],"wp:attachment":[{"href":"https:\/\/through-history.boostrestau.com\/index.php?rest_route=%2Fwp%2Fv2%2Fmedia&parent=1064"}],"wp:term":[{"taxonomy":"product_brand","embeddable":true,"href":"https:\/\/through-history.boostrestau.com\/index.php?rest_route=%2Fwp%2Fv2%2Fproduct_brand&post=1064"},{"taxonomy":"product_cat","embeddable":true,"href":"https:\/\/through-history.boostrestau.com\/index.php?rest_route=%2Fwp%2Fv2%2Fproduct_cat&post=1064"},{"taxonomy":"product_tag","embeddable":true,"href":"https:\/\/through-history.boostrestau.com\/index.php?rest_route=%2Fwp%2Fv2%2Fproduct_tag&post=1064"}],"curies":[{"name":"wp","href":"https:\/\/api.w.org\/{rel}","templated":true}]}}