{"id":1071,"date":"2024-06-19T22:29:13","date_gmt":"2024-06-19T20:29:13","guid":{"rendered":"https:\/\/through-history.com\/?post_type=product&#038;p=1071"},"modified":"2024-10-15T14:54:59","modified_gmt":"2024-10-15T12:54:59","slug":"pantalon-bouffant-100-en-laine","status":"publish","type":"product","link":"https:\/\/through-history.boostrestau.com\/?product=pantalon-bouffant-100-en-laine","title":{"rendered":"Pantalon bouffant 100% en laine"},"content":{"rendered":"<p>X\u00e8me si\u00e8cle &#8211; Scandinave \/ Hedeby \/ Rus<br \/>\n100% laine<\/p>\n<p>Ce pantalon est id\u00e9al pour les amateurs d&#8217;histoire, de reconstitution ou de fantasy, qui veulent se plonger dans l&#8217;univers des vikings.<\/p>\n","protected":false},"excerpt":{"rendered":"<p>X\u00e8me si\u00e8cle<br \/>\nScandinave \/ Hedeby \/ Rus<br \/>\n100% laine<\/p>\n<p>D\u00e9couvert sur le site de Hedeby, ce pantalon bouffant viking, fabriqu\u00e9 100% en laine de qualit\u00e9 sup\u00e9rieure, ce qui le rend chaud, confortable et r\u00e9sistant. Il a une coupe ample et un style authentique, inspir\u00e9 des v\u00eatements port\u00e9s par les guerriers nordiques.<\/p>\n<p>Ce pantalon est id\u00e9al pour les amateurs d&#8217;histoire, de reconstitution ou de fantasy, qui veulent se plonger dans l&#8217;univers des vikings.<\/p>\n","protected":false},"featured_media":1072,"template":"","meta":{"neve_meta_sidebar":"","neve_meta_container":"","neve_meta_enable_content_width":"off","neve_meta_content_width":100,"neve_meta_title_alignment":"","neve_meta_author_avatar":"","neve_post_elements_order":"","neve_meta_disable_header":"","neve_meta_disable_footer":"","neve_meta_disable_title":""},"product_brand":[],"product_cat":[15,436],"product_tag":[182,440,16],"class_list":{"0":"post-1071","1":"product","2":"type-product","3":"status-publish","4":"has-post-thumbnail","6":"product_cat-tous-nos-produits","7":"product_cat-vetements","8":"product_tag-laine","9":"product_tag-pantalon","10":"product_tag-viking","12":"first","13":"instock","14":"taxable","15":"shipping-taxable","16":"purchasable","17":"product-type-variable"},"_links":{"self":[{"href":"https:\/\/through-history.boostrestau.com\/index.php?rest_route=\/wp\/v2\/product\/1071","targetHints":{"allow":["GET"]}}],"collection":[{"href":"https:\/\/through-history.boostrestau.com\/index.php?rest_route=\/wp\/v2\/product"}],"about":[{"href":"https:\/\/through-history.boostrestau.com\/index.php?rest_route=\/wp\/v2\/types\/product"}],"wp:featuredmedia":[{"embeddable":true,"href":"https:\/\/through-history.boostrestau.com\/index.php?rest_route=\/wp\/v2\/media\/1072"}],"wp:attachment":[{"href":"https:\/\/through-history.boostrestau.com\/index.php?rest_route=%2Fwp%2Fv2%2Fmedia&parent=1071"}],"wp:term":[{"taxonomy":"product_brand","embeddable":true,"href":"https:\/\/through-history.boostrestau.com\/index.php?rest_route=%2Fwp%2Fv2%2Fproduct_brand&post=1071"},{"taxonomy":"product_cat","embeddable":true,"href":"https:\/\/through-history.boostrestau.com\/index.php?rest_route=%2Fwp%2Fv2%2Fproduct_cat&post=1071"},{"taxonomy":"product_tag","embeddable":true,"href":"https:\/\/through-history.boostrestau.com\/index.php?rest_route=%2Fwp%2Fv2%2Fproduct_tag&post=1071"}],"curies":[{"name":"wp","href":"https:\/\/api.w.org\/{rel}","templated":true}]}}