{"id":1156,"date":"2024-09-24T22:20:45","date_gmt":"2024-09-24T20:20:45","guid":{"rendered":"https:\/\/through-history.com\/?post_type=product&#038;p=1156"},"modified":"2024-10-03T09:27:01","modified_gmt":"2024-10-03T07:27:01","slug":"croix-en-bronze-a-tete-de-loup-fossi-iceland","status":"publish","type":"product","link":"https:\/\/through-history.boostrestau.com\/?product=croix-en-bronze-a-tete-de-loup-fossi-iceland","title":{"rendered":"Croix \u00e0 t\u00eate de loup en bronze &#8211; Fossi"},"content":{"rendered":"<p>Les Vikings portaient des bijoux non seulement pour leur beaut\u00e9, mais aussi pour leur signification spirituelle et sociale.\u00a0La croix de Fossi est un symbole de cette riche tradition, illustrant \u00e0 la fois la complexit\u00e9 et la diversit\u00e9 de la culture viking.<\/p>\n","protected":false},"excerpt":{"rendered":"<p>Scandinave \/ Icelande<br \/>\nX\u00e8me si\u00e8cle<br \/>\nTaille : 3 x 2<\/p>\n<p><span class=\"VIpgJd-yAWNEb-VIpgJd-fmcmS-sn54Q\">Ce superbe pendentif en forme de croix de loup est bas\u00e9 sur le c\u00e9l\u00e8bre Mj\u00f6lnir de Fossi en Islande et combine le symbolisme pa\u00efen et chr\u00e9tien en un tout harmonieux.<\/span><\/p>\n","protected":false},"featured_media":1355,"template":"","meta":{"neve_meta_sidebar":"","neve_meta_container":"","neve_meta_enable_content_width":"off","neve_meta_content_width":100,"neve_meta_title_alignment":"","neve_meta_author_avatar":"","neve_post_elements_order":"","neve_meta_disable_header":"","neve_meta_disable_footer":"","neve_meta_disable_title":""},"product_brand":[],"product_cat":[191,435,15],"product_tag":[429,447,449,448],"class_list":{"0":"post-1156","1":"product","2":"type-product","3":"status-publish","4":"has-post-thumbnail","6":"product_cat-accessoires","7":"product_cat-bijoux","8":"product_cat-tous-nos-produits","9":"product_tag-bijoux","10":"product_tag-croix-en-bronze","11":"product_tag-fossi","12":"product_tag-loup","14":"first","15":"instock","16":"taxable","17":"shipping-taxable","18":"purchasable","19":"product-type-simple"},"_links":{"self":[{"href":"https:\/\/through-history.boostrestau.com\/index.php?rest_route=\/wp\/v2\/product\/1156","targetHints":{"allow":["GET"]}}],"collection":[{"href":"https:\/\/through-history.boostrestau.com\/index.php?rest_route=\/wp\/v2\/product"}],"about":[{"href":"https:\/\/through-history.boostrestau.com\/index.php?rest_route=\/wp\/v2\/types\/product"}],"wp:featuredmedia":[{"embeddable":true,"href":"https:\/\/through-history.boostrestau.com\/index.php?rest_route=\/wp\/v2\/media\/1355"}],"wp:attachment":[{"href":"https:\/\/through-history.boostrestau.com\/index.php?rest_route=%2Fwp%2Fv2%2Fmedia&parent=1156"}],"wp:term":[{"taxonomy":"product_brand","embeddable":true,"href":"https:\/\/through-history.boostrestau.com\/index.php?rest_route=%2Fwp%2Fv2%2Fproduct_brand&post=1156"},{"taxonomy":"product_cat","embeddable":true,"href":"https:\/\/through-history.boostrestau.com\/index.php?rest_route=%2Fwp%2Fv2%2Fproduct_cat&post=1156"},{"taxonomy":"product_tag","embeddable":true,"href":"https:\/\/through-history.boostrestau.com\/index.php?rest_route=%2Fwp%2Fv2%2Fproduct_tag&post=1156"}],"curies":[{"name":"wp","href":"https:\/\/api.w.org\/{rel}","templated":true}]}}