{"id":1403,"date":"2024-10-31T12:05:53","date_gmt":"2024-10-31T11:05:53","guid":{"rendered":"https:\/\/through-history.com\/?post_type=product&#038;p=1403"},"modified":"2024-10-31T12:47:20","modified_gmt":"2024-10-31T11:47:20","slug":"tente-speciale","status":"publish","type":"product","link":"https:\/\/through-history.boostrestau.com\/?product=tente-speciale","title":{"rendered":"Tente sp\u00e9ciale"},"content":{"rendered":"<p>Commande sp\u00e9ciale pour Eldrefar.<\/p>\n<p>tente en lin impr\u00e9gn\u00e9, fermeture en lin, dimension de 4.35 x 2.45 x 2.20m<\/p>\n","protected":false},"excerpt":{"rendered":"<p>Commande sp\u00e9ciale pour Eldrefar. tente en lin impr\u00e9gn\u00e9, fermeture en lin, dimension de 4.35 x 2.45 x 2.20m<\/p>\n","protected":false},"featured_media":1404,"template":"","meta":{"neve_meta_sidebar":"","neve_meta_container":"","neve_meta_enable_content_width":"off","neve_meta_content_width":100,"neve_meta_title_alignment":"","neve_meta_author_avatar":"","neve_post_elements_order":"","neve_meta_disable_header":"","neve_meta_disable_footer":"","neve_meta_disable_title":""},"product_brand":[],"product_cat":[15],"product_tag":[],"class_list":{"0":"post-1403","1":"product","2":"type-product","3":"status-publish","4":"has-post-thumbnail","6":"product_cat-tous-nos-produits","8":"first","9":"instock","10":"sale","11":"taxable","12":"shipping-taxable","13":"purchasable","14":"product-type-simple"},"_links":{"self":[{"href":"https:\/\/through-history.boostrestau.com\/index.php?rest_route=\/wp\/v2\/product\/1403","targetHints":{"allow":["GET"]}}],"collection":[{"href":"https:\/\/through-history.boostrestau.com\/index.php?rest_route=\/wp\/v2\/product"}],"about":[{"href":"https:\/\/through-history.boostrestau.com\/index.php?rest_route=\/wp\/v2\/types\/product"}],"wp:featuredmedia":[{"embeddable":true,"href":"https:\/\/through-history.boostrestau.com\/index.php?rest_route=\/wp\/v2\/media\/1404"}],"wp:attachment":[{"href":"https:\/\/through-history.boostrestau.com\/index.php?rest_route=%2Fwp%2Fv2%2Fmedia&parent=1403"}],"wp:term":[{"taxonomy":"product_brand","embeddable":true,"href":"https:\/\/through-history.boostrestau.com\/index.php?rest_route=%2Fwp%2Fv2%2Fproduct_brand&post=1403"},{"taxonomy":"product_cat","embeddable":true,"href":"https:\/\/through-history.boostrestau.com\/index.php?rest_route=%2Fwp%2Fv2%2Fproduct_cat&post=1403"},{"taxonomy":"product_tag","embeddable":true,"href":"https:\/\/through-history.boostrestau.com\/index.php?rest_route=%2Fwp%2Fv2%2Fproduct_tag&post=1403"}],"curies":[{"name":"wp","href":"https:\/\/api.w.org\/{rel}","templated":true}]}}