{"id":1413,"date":"2024-11-09T13:38:41","date_gmt":"2024-11-09T12:38:41","guid":{"rendered":"https:\/\/through-history.com\/?post_type=product&#038;p=1413"},"modified":"2024-11-20T15:31:08","modified_gmt":"2024-11-20T14:31:08","slug":"1413","status":"publish","type":"product","link":"https:\/\/through-history.boostrestau.com\/?product=1413","title":{"rendered":"Cale de combat"},"content":{"rendered":"<p>Une forme g\u00e9n\u00e9rique qui s&#8217;adapte \u00e0 toute origine ou p\u00e9riode.<br \/>\nUne simple cale, avec l&#8217;ajout d&#8217;une protection sur la nuque.<br \/>\nL&#8217;int\u00e9rieur de la cale est en lin.<br \/>\nLa cale est rembourr\u00e9e sur deux centim\u00e8tres et adapt\u00e9e au combat.<\/p>\n<p>Taille unique standard<\/p>\n","protected":false},"excerpt":{"rendered":"<p>Une forme g\u00e9n\u00e9rique qui s&#8217;adapte \u00e0 toute origine ou p\u00e9riode.<br \/>\nUne simple cale, avec l&#8217;ajout d&#8217;une protection sur la nuque.<br \/>\nL&#8217;int\u00e9rieur de la cale est en lin.<br \/>\nLa cale est rembourr\u00e9e sur deux centim\u00e8tres et adapt\u00e9e au combat.<\/p>\n<p>Taille unique standard<\/p>\n","protected":false},"featured_media":1414,"template":"","meta":{"neve_meta_sidebar":"","neve_meta_container":"","neve_meta_enable_content_width":"off","neve_meta_content_width":100,"neve_meta_title_alignment":"","neve_meta_author_avatar":"","neve_post_elements_order":"","neve_meta_disable_header":"","neve_meta_disable_footer":"","neve_meta_disable_title":""},"product_brand":[],"product_cat":[193,205,15],"product_tag":[],"class_list":{"0":"post-1413","1":"product","2":"type-product","3":"status-publish","4":"has-post-thumbnail","6":"product_cat-cales-de-combat","7":"product_cat-pour-le-combat","8":"product_cat-tous-nos-produits","9":"product_shipping_class-chaussure","11":"first","12":"instock","13":"taxable","14":"shipping-taxable","15":"purchasable","16":"product-type-variable"},"_links":{"self":[{"href":"https:\/\/through-history.boostrestau.com\/index.php?rest_route=\/wp\/v2\/product\/1413","targetHints":{"allow":["GET"]}}],"collection":[{"href":"https:\/\/through-history.boostrestau.com\/index.php?rest_route=\/wp\/v2\/product"}],"about":[{"href":"https:\/\/through-history.boostrestau.com\/index.php?rest_route=\/wp\/v2\/types\/product"}],"wp:featuredmedia":[{"embeddable":true,"href":"https:\/\/through-history.boostrestau.com\/index.php?rest_route=\/wp\/v2\/media\/1414"}],"wp:attachment":[{"href":"https:\/\/through-history.boostrestau.com\/index.php?rest_route=%2Fwp%2Fv2%2Fmedia&parent=1413"}],"wp:term":[{"taxonomy":"product_brand","embeddable":true,"href":"https:\/\/through-history.boostrestau.com\/index.php?rest_route=%2Fwp%2Fv2%2Fproduct_brand&post=1413"},{"taxonomy":"product_cat","embeddable":true,"href":"https:\/\/through-history.boostrestau.com\/index.php?rest_route=%2Fwp%2Fv2%2Fproduct_cat&post=1413"},{"taxonomy":"product_tag","embeddable":true,"href":"https:\/\/through-history.boostrestau.com\/index.php?rest_route=%2Fwp%2Fv2%2Fproduct_tag&post=1413"}],"curies":[{"name":"wp","href":"https:\/\/api.w.org\/{rel}","templated":true}]}}