{"id":1452,"date":"2024-11-27T18:29:59","date_gmt":"2024-11-27T17:29:59","guid":{"rendered":"https:\/\/through-history.com\/?post_type=product&#038;p=1452"},"modified":"2024-11-27T18:30:00","modified_gmt":"2024-11-27T17:30:00","slug":"gant-de-combat","status":"publish","type":"product","link":"https:\/\/through-history.boostrestau.com\/?product=gant-de-combat","title":{"rendered":"Gant de combat"},"content":{"rendered":"<p>Toute origine et toute p\u00e9riode<\/p>\n<p>Vous souhaitez faire du combat m\u00e9di\u00e9val tout en \u00e9tant prot\u00e9g\u00e9 ? Ces gants sont id\u00e9aux pour allier protection et ambiance m\u00e9di\u00e9val. Ces gants poss\u00e8dent des plaques d&#8217;acier afin de mieux amortir et prot\u00e9ger vos doigts.<\/p>\n<p>Test\u00e9s et approuv\u00e9s contre les coups d&#8217;\u00e9p\u00e9e et de hache.<\/p>\n","protected":false},"excerpt":{"rendered":"<p>Toute origine et toute p\u00e9riode<\/p>\n<p>Vous souhaitez faire du combat m\u00e9di\u00e9val tout en \u00e9tant prot\u00e9g\u00e9 ? Ces gants sont id\u00e9aux pour allier protection et ambiance m\u00e9di\u00e9val. Ces gants poss\u00e8dent des plaques d&#8217;acier afin de mieux amortir et prot\u00e9ger vos doigts.<\/p>\n<p>Test\u00e9s et approuv\u00e9s contre les coups d&#8217;\u00e9p\u00e9e et de hache.<\/p>\n","protected":false},"featured_media":1465,"template":"","meta":{"neve_meta_sidebar":"","neve_meta_container":"","neve_meta_enable_content_width":"off","neve_meta_content_width":100,"neve_meta_title_alignment":"","neve_meta_author_avatar":"","neve_post_elements_order":"","neve_meta_disable_header":"","neve_meta_disable_footer":"","neve_meta_disable_title":""},"product_brand":[],"product_cat":[205],"product_tag":[],"class_list":{"0":"post-1452","1":"product","2":"type-product","3":"status-publish","4":"has-post-thumbnail","6":"product_cat-pour-le-combat","7":"product_shipping_class-chaussure","9":"first","10":"instock","11":"taxable","12":"shipping-taxable","13":"purchasable","14":"product-type-variable"},"_links":{"self":[{"href":"https:\/\/through-history.boostrestau.com\/index.php?rest_route=\/wp\/v2\/product\/1452","targetHints":{"allow":["GET"]}}],"collection":[{"href":"https:\/\/through-history.boostrestau.com\/index.php?rest_route=\/wp\/v2\/product"}],"about":[{"href":"https:\/\/through-history.boostrestau.com\/index.php?rest_route=\/wp\/v2\/types\/product"}],"wp:featuredmedia":[{"embeddable":true,"href":"https:\/\/through-history.boostrestau.com\/index.php?rest_route=\/wp\/v2\/media\/1465"}],"wp:attachment":[{"href":"https:\/\/through-history.boostrestau.com\/index.php?rest_route=%2Fwp%2Fv2%2Fmedia&parent=1452"}],"wp:term":[{"taxonomy":"product_brand","embeddable":true,"href":"https:\/\/through-history.boostrestau.com\/index.php?rest_route=%2Fwp%2Fv2%2Fproduct_brand&post=1452"},{"taxonomy":"product_cat","embeddable":true,"href":"https:\/\/through-history.boostrestau.com\/index.php?rest_route=%2Fwp%2Fv2%2Fproduct_cat&post=1452"},{"taxonomy":"product_tag","embeddable":true,"href":"https:\/\/through-history.boostrestau.com\/index.php?rest_route=%2Fwp%2Fv2%2Fproduct_tag&post=1452"}],"curies":[{"name":"wp","href":"https:\/\/api.w.org\/{rel}","templated":true}]}}