{"id":16,"date":"2023-04-21T15:26:05","date_gmt":"2023-04-21T13:26:05","guid":{"rendered":"https:\/\/through-history.com\/index.php\/produit\/tjele-helmet\/"},"modified":"2024-10-26T22:00:01","modified_gmt":"2024-10-26T20:00:01","slug":"tjele-helmet","status":"publish","type":"product","link":"https:\/\/through-history.boostrestau.com\/?product=tjele-helmet","title":{"rendered":"Casque de Tjele"},"content":{"rendered":"<p>En 1850, un jeune fermier \u00e0 fait une d\u00e9couverte extraordinaire dans la for\u00eat de Lindum Storskov, pr\u00e8s de Tjele, au Danemark.<br \/>\nLa d\u00e9couverte de ce qui semble avoir \u00e9t\u00e9 l&#8217;emplacement d&#8217;une forte avec un ensemble d&#8217;\u00e9quipement de forgeron, une lance, une hache, un fragment de casque :<\/p>\n<p>Un &#8220;fragment en forme d&#8217;aile&#8221; a \u00e9t\u00e9 fait en une seule pi\u00e8ce de fer recouverte d&#8217;au moins une d\u00e9coration verticale en bronze. Le fragments comporte des emplacements de rivets, preuves qu&#8217;il \u00e9tait joint \u00e0 une extensions vers la base du nez, en forme de lunette. Bien que maintenant le fragment ne comprenne que les sourcils et le nez d&#8217;un casque, il faisait probablement partie d&#8217;un masque facial comme celui du casque de Gjermunbu, de yarm, ou d&#8217;autre casque \u00e0 lunettes de la tradition Germano-scandinave. Il n&#8217;y a aucune trace de cotte de mailles dans la trouvaille, ni de plaques de fer propres \u00e0 constituer le reste du casque. Mais le casque, sans doute inachev\u00e9 a \u00e9t\u00e9 d\u00e9couvert avec 8 bandes de fer de 1 cm de large.<\/p>\n<p>Deux possibilit\u00e9s s&#8217;offrent alors \u00e0 nous :<br \/>\n1. Monter le casque comme un gjermunbu, ou les bande de fers de 1cm \u00e9galement viennent enser\u00e9es les plaques en sandwich pour les maintenir.<br \/>\nMais si l&#8217;on \u00e9tudie les casques \u00e0 Scandinaves de la fin de l&#8217;antiquit\u00e9 au haut moyen \u00e2ge, le gjermunbu differt r\u00e9ellement des nombreux autres casques par sa conception, certe spanglheim, mais tr\u00e8s atypique par sa finesse, et se place \u00e0 la fin de la p\u00e9riode viking.<\/p>\n<p>Un autre casque embl\u00e9matique de cette p\u00e9riode, et probablement d&#8217;origine de la grande arm\u00e9e Danoise est le casque de Yarm.<br \/>\nSon montage spanglheim est tr\u00e8s g\u00e9n\u00e9rique et s&#8217;inscrit sur une continuit\u00e9 de cette zone de l&#8217;Europe, en dehors de sa fixation de maille verticale tr\u00e8s particuli\u00e8re.<\/p>\n<p>C&#8217;est un d\u00f4me similaire beaucoup plus g\u00e9n\u00e9rique que nous avons donc choisit.<\/p>\n<p>Pour l&#8217;utilisation des 8 barres de 1 cm, r\u00e9alis\u00e9 \u00e0 ce que l&#8217;on pourrais croire dans le m\u00eame temps que la lunette, nous avons opt\u00e9 pour des barres ornementales.<br \/>\nExplications :<br \/>\nla grande majorit\u00e9 des casques \u00e0 cr\u00eates scandinaves du Danemark, Su\u00e8de au Gotland &#8230; En passant par un autre casque Norv\u00e8gien dat\u00e9 du IX \/ X \u00e8me poss\u00e8de des barres de fer ou de bronze de 1 cm \u00e9pais qui viennent couvrir la surface du casque le long, en parall\u00e8le ou perpendiculairement aux plaques du d\u00f4me. C&#8217;est ce syst\u00e8me que nous avons choisit, car il nous para\u00eet plus probable un casque s&#8217;inscrivant dans la m\u00eame continuit\u00e9 que ces nombreux pr\u00e9d\u00e9cesseurs, plut\u00f4t qu&#8217;un sch\u00e9ma plus particulier comme celui du Gjermunbu. Le Vendel 14, par son air de rapace, en particulier.<\/p>\n<p>L&#8217;interpr\u00e9tation de la lunette est un exercice hasardeux. Pour une plus proche v\u00e9racit\u00e9 historique nous avons opt\u00e9 pour l&#8217;inscrire dans une d\u00e9marche se basant sur l&#8217;\u00e9tude de la typologie des casques \u00e0 lunette davantage que sur l&#8217;\u00e9tude d&#8217;une pi\u00e8ce unique par ces caract\u00e9ristiques (Gjermunbu), bien que parfaitement conserv\u00e9e.<\/p>\n<p>&nbsp;<\/p>\n","protected":false},"excerpt":{"rendered":"<p>Danemark &#8211; X \u00e8me si\u00e8cle<\/p>\n<p>Ce casque est une interpr\u00e9tation du fragment du casque Danois de Tjele. Un casque rarement pr\u00e9sent\u00e9, mais qui pourtant est d&#8217;un grand int\u00e9r\u00eat et s&#8217;inscrit dans la longue tradition des casques Germano-scandinaves.<\/p>\n<p>\u00c9quipez vous, guerrier, et embarquez sur la mer afin de rejoindre la grande arm\u00e9e Danoise et de prendre part \u00e0 la conqu\u00eate de l&#8217;Angleterre !<\/p>\n<p>Ce produit est en pr\u00e9commande. Le d\u00e9lai de livraison sera de 6 mois environ. Le casque est propos\u00e9 avec une grille de protection, cach\u00e9e par une cote de maille ferm\u00e9e pour des raisons de s\u00e9curit\u00e9.<\/p>\n","protected":false},"featured_media":69,"template":"","meta":{"neve_meta_sidebar":"","neve_meta_container":"","neve_meta_enable_content_width":"off","neve_meta_content_width":100,"neve_meta_title_alignment":"","neve_meta_author_avatar":"","neve_post_elements_order":"","neve_meta_disable_header":"","neve_meta_disable_footer":"","neve_meta_disable_title":""},"product_brand":[],"product_cat":[192,15],"product_tag":[25,28,24,26,27,23,16],"class_list":{"0":"post-16","1":"product","2":"type-product","3":"status-publish","4":"has-post-thumbnail","6":"product_cat-casques-viking","7":"product_cat-tous-nos-produits","8":"product_tag-casque","9":"product_tag-dane_law","10":"product_tag-helmet","11":"product_tag-medieval","12":"product_tag-neenactment","13":"product_tag-tjele","14":"product_tag-viking","16":"first","17":"instock","18":"taxable","19":"shipping-taxable","20":"purchasable","21":"product-type-variable"},"_links":{"self":[{"href":"https:\/\/through-history.boostrestau.com\/index.php?rest_route=\/wp\/v2\/product\/16","targetHints":{"allow":["GET"]}}],"collection":[{"href":"https:\/\/through-history.boostrestau.com\/index.php?rest_route=\/wp\/v2\/product"}],"about":[{"href":"https:\/\/through-history.boostrestau.com\/index.php?rest_route=\/wp\/v2\/types\/product"}],"wp:featuredmedia":[{"embeddable":true,"href":"https:\/\/through-history.boostrestau.com\/index.php?rest_route=\/wp\/v2\/media\/69"}],"wp:attachment":[{"href":"https:\/\/through-history.boostrestau.com\/index.php?rest_route=%2Fwp%2Fv2%2Fmedia&parent=16"}],"wp:term":[{"taxonomy":"product_brand","embeddable":true,"href":"https:\/\/through-history.boostrestau.com\/index.php?rest_route=%2Fwp%2Fv2%2Fproduct_brand&post=16"},{"taxonomy":"product_cat","embeddable":true,"href":"https:\/\/through-history.boostrestau.com\/index.php?rest_route=%2Fwp%2Fv2%2Fproduct_cat&post=16"},{"taxonomy":"product_tag","embeddable":true,"href":"https:\/\/through-history.boostrestau.com\/index.php?rest_route=%2Fwp%2Fv2%2Fproduct_tag&post=16"}],"curies":[{"name":"wp","href":"https:\/\/api.w.org\/{rel}","templated":true}]}}