{"id":18,"date":"2023-04-21T15:26:07","date_gmt":"2023-04-21T13:26:07","guid":{"rendered":"https:\/\/through-history.com\/index.php\/produit\/pskov-hedeby-boots\/"},"modified":"2024-06-13T16:19:35","modified_gmt":"2024-06-13T14:19:35","slug":"pskov-hedeby-boots","status":"publish","type":"product","link":"https:\/\/through-history.boostrestau.com\/?product=pskov-hedeby-boots","title":{"rendered":"Chaussures Pskov \/ Hedeby"},"content":{"rendered":"<p>Chez Through History nous avons un petit faible pour les bottes, et tout ce qu&#8217;il y a de Viking, de Rus et du haut moyen \u00e2ge&#8230; Mais \u00e9galement un gros faible pour les sources historiques. Dans notre combat pour vous apporter le maximum de produits avec leurs preuves historiques nous ne sommes pas d\u00e9\u00e7u d&#8217;aller de surprise en surprise.<\/p>\n<p>Elles \u00e9taient rependues sur les camps du haut moyen \u00e2ge les belles bottes Varegues \u00e0 boutons-os. Mais pourtant elles sont purement fantaisistes. Les ont supplant\u00e9 les sobres mais \u00e9l\u00e9gantes bottes Rus. Que voil\u00e0 un produit que nous voulions proposer :<\/p>\n<p>Les bottes de Novgorod, dat\u00e9es du XIV et XV \u00e8me si\u00e8cle. D\u00e9ception que de ce dire que la seule source tangible de bottes Rus nous glissa entre les doigts. Mais nous n&#8217;avons pas d\u00e9poser les armes. En v\u00e9rit\u00e9 cette proposition de reconstitution n&#8217;est pas si \u00e9loign\u00e9. Et nous as permis de reconstitu\u00e9 un mod\u00e8le qui conviens tout \u00e0 fait \u00e0 la reconstitution de personnage su\u00e9dois, rus ou m\u00eame byzantin.<\/p>\n<p>Les premi\u00e8res bottes rus auxquelles nous nous sommes int\u00e9ress\u00e9s sont donc les bottes de Novgorod. Dat\u00e9e du XIV-XV \u00e8me.<br \/>\nTr\u00e8s d\u00e9\u00e7u que nos projets de bottes Rus tombent \u00e0 l&#8217;eau nous nous sommes retourn\u00e9s vers des bottes vikings&#8230; &#8220;Les vikings ne portaient pas de bottes, les bottes sont pour les cavaliers et viennent des peuples steppiques&#8221;. En dehors des chaussures montantes, ou bottines de Heddeby type III, nous avons particuli\u00e8rement travaill\u00e9s sur trois types de bottes :<\/p>\n<p>Les premi\u00e8res bottes relativement int\u00e9ressantes et expos\u00e9es en Norv\u00e8ge sont les tr\u00e8s c\u00e9l\u00e8bres, mais peu reproduites, bottes d&#8217;Osberg. Que nous vous proposerons sous peu amis Norv\u00e9giens, un peu de patience. Des bottes dont la partie du tibia viens se replier et se maintenir pas un nombreux la\u00e7age. Relativement \u00e9loign\u00e9e de ce que nous recherchions pour nos bottes rus.<\/p>\n<p>Le second mod\u00e8le de bottes beaucoup plus int\u00e9ressantes sur lequelles nous avons travaill\u00e9s est plus int\u00e9ressant pour notre id\u00e9e de d\u00e9part : les bottes de Heddeby. Elles ressemblent au type III par le bas. Et aux bottes rus par le haut. Il n&#8217;y a pas besoin de replier et fermer une partie pour prot\u00e9ger le tibia de l&#8217;exposition. La botte poss\u00e8de en revanche seulement des coutures lat\u00e9rales. Le pied et la partie de la jambe sont dans la m\u00eame pi\u00e8ce de cuir. L&#8217;aspect n&#8217;est pas encore celui recherch\u00e9. Ce type est dat\u00e9 du X \u00e8me si\u00e8cle.<\/p>\n<p>Ensuite en creusant davantage nous d\u00e9couvrons un second mod\u00e8le de bottes de Heddeby ou Ribe dat\u00e9es du XI \u00e8me et qui lui vient presque coller parfaitement au mod\u00e8le que nous cherchons.<br \/>\nLa botte est en trois parties : une pour le pied qui vient se rattach\u00e9e au reste par une couture en forme de rectangle comme celles de Novgorod. Mais contrairement aux bottes de novgorod, la jambe est elle faite en deux parties. Cependant le mod\u00e8le reste court. A peine plus haut que les bottines types III qui lui sont contemporaines. Amis Danois, patienter aussi, vous aurez bient\u00f4t des bottes sourc\u00e9es pour vous disponibles en boutique !<\/p>\n<p>En creusant encore, nous passons en Su\u00e8de. A la fin du XI \u00e8me puis fin XII si\u00e8cle d\u00e9but XIII \u00e8me. Deux mod\u00e8les sont int\u00e9ressants: le premier est le m\u00eame patron que le mod\u00e8le de botte de Heddeby pr\u00e9c\u00e9dent. Mais avec le bout du pied plus pointu. Par contre la botte monte l\u00e0 plus haut, et se rapproche de ce que nous cherchons. Enfin le dernier type de bottes scandinaves qui fera le lien entre les bottes de Heddeby et celles de Novgorod est celui des bottes de Gamlebyen, retrouv\u00e9es \u00e0 Oslo en 1977, et dat\u00e9es du milieu \u00e0 la fin du XII \u00e8me si\u00e8cle. Elles poss\u00e8dent la m\u00eame forme du pied que celles de Heddeby XI \u00e8me et Novgorod XV \u00e8me, rattach\u00e9es au reste par sa couture rectangle. Mais ne poss\u00e8dent plus qu&#8217;une seule couture sur la partie de la jambe, et c\u00f4t\u00e9 int\u00e9rieur du tibia.<\/p>\n<p>Apr\u00e8s avoir \u00e9tudi\u00e9s les bottes norv\u00e9giennes de Osberg totalement diff\u00e9rentes de par leurs compositions, les bottes Danoises de Heddeby similaires mais plus courtes et form\u00e9es de trois parties, les deux types de bottes su\u00e9doises des XII et XIII si\u00e8cles quasiment identiques \u00e0 une couture pr\u00e8s aux bottes de Novgorod XV \u00e8me&#8230; Il reste une pi\u00e8ce centrale \u00e0 notre tableau :<br \/>\nLes bottes de Pskov. Des bottes pour enfant dat\u00e9es du X au XI \u00e8me, et Rus. Ces bottes sont similaires au mod\u00e8le que nous proposons \u00e0 la vente, avec le m\u00eame lacet \u00e0 la cheville que celles de Heddeby. Mais d&#8217;avantage montantes. Et les m\u00eames coutures en trois pi\u00e8ces. La pointe du pied est plus ronde.<\/p>\n<p>Ces bottes sont diff\u00e9rentes des bottes Kazar et Magyar dans leurs conceptions. Ce qui nous ram\u00e8ne \u00e0 les rattacher bien davantage, voir totalement, avec la culture scandinave<\/p>\n<p>Voil\u00e0 les trois principales sources sur lesquels s&#8217;appuient nos patrons :<br \/>\nLa forme du pied rattach\u00e9e au reste par la couture en rectangle, des bottes de Heddeby XI \u00e8me \u00e0 celles de Novgorod XV \u00e8me en passant par celles de Gamlebyen XII \u00e8me et celles de Pskov XI \u00e8me.<\/p>\n<p>La partie jambe qui entoure tibia, en deux parties avec deux coutures lat\u00e9rales sur le type Heddeby XI \u00e8me, et les bottes de Pskov XI \u00e8me, jusque sur le type su\u00e9dois fin XI \u00e8me.<br \/>\nEn faisant le parall\u00e8le entre les bottes de Heddeby au Danemark, les Bottes de Pskov en Rus, et l&#8217;\u00e9volution des patrons des bottes de Gamlebyen et de Novgorod du XII au XV \u00e8me avec une r\u00e9duction des coutures et du nombres de pi\u00e8ces de cuir&#8230; Nous pouvons propos\u00e9 ce mod\u00e8le \u00e0 la vente de mani\u00e8re assez fiable pour les reconstituteurs Danois, Suedois et bien-s\u00fbre Rus du X et XI \u00e8me si\u00e8cle.<\/p>\n<p>Enfin les repr\u00e9sentations iconographiques :<br \/>\nEst ce que les sources pr\u00e9c\u00e9dentes sont suffisantes pour les exploiter en reconstitutions haut moyen \u00e2ge rus ou noroise et g\u00e9n\u00e9ralis\u00e9 l&#8217;utilisation de bottes ? L&#8217;on retrouve le m\u00eame style de bottes sur des gravures de kiev, et des peintures et enluminures de Byzance de la m\u00eame p\u00e9riode. Sauf que&#8230; Si le style byzantin est diff\u00e9rent, il conserve des similitude sur la forme de la pi\u00e8ce du pied et sur la hauteur de la botte. Comme nous l&#8217;avons d\u00e9montr\u00e9s ces bottes retrouv\u00e9es chez les rus sont similaires en forme avec celles retrouv\u00e9es au Danemark et en Su\u00e8de. Les coutures vont seulement se diff\u00e9renci\u00e9es sur la partie qui englobe le tibia. Premi\u00e8rement nous allons nous appuyer sur ces enluminures pour attester d&#8217;avantage de la v\u00e9racit\u00e9 historique de l&#8217;utilisation de bottes dans ce style chez les rus, su\u00e9dois, ainsi que chez les byzantins au haut moyen \u00e2ge. Secondement nous allons \u00e9galement regarder ces enluminures de plus pr\u00e8s :<\/p>\n<p>Les bottes n&#8217;ont pas de coutures lat\u00e9rales, ce qui l\u00e9gitimerai l&#8217;utilisation de bottes novgorod dat\u00e9es du XV \u00e8me d\u00e8s le XI \u00e8me si\u00e8cle ? O\u00f9 est ce seulement un style artistique pour \u00e9purer les d\u00e9tails ? Ces bottes sont port\u00e9es par des personnages important de l&#8217;iconographie byzantine et \u00e9galement sur les sculptures de Kiev. Les deux styles se sont ils rencontr\u00e9s \u00e0 la crois\u00e9e des chemins de l&#8217;empire et des rus pour donner naissance aux bottes de novgorod ?<\/p>\n<p>Quoi qu&#8217;il en soit les bottes vikings retrouv\u00e9es et celles de l&#8217;iconographie Byzantine se portent plus basse que le style stepiques. Et s&#8217;en d\u00e9note assez clairement. Gardez l&#8217;\u0153il ouvert, nous vous pr\u00e9senterons bient\u00f4t notre mod\u00e8le de bottes Suedoise \/ Rus du haut moyen \u00e2ge disponible \u00e0 la vente ! A propos des fameuses bottes \u00e0 boutons en os qui ont fait fureur sur les camps il y as quelques ann\u00e9es&#8230; Un mod\u00e8le qui y fait penser, avec lui des fermoirs historiques en cuir. \u00c7a forme est des plus original, il as \u00e9t\u00e9 retrouv\u00e9 \u00e0 Heddeby \u00e9galement&#8230; Mais ceci est une prochaine histoire.<\/p>\n","protected":false},"excerpt":{"rendered":"<p>Rus \/ Su\u00e8de\/ Danemark &#8211; XI\/XIII \u00e8me si\u00e8cle<\/p>\n<p>Des bottes pour enfant dat\u00e9es du X au XI \u00e8me, et Rus. Ces bottes sont similaires au mod\u00e8le que nous proposons \u00e0 la vente, avec le m\u00eame lacet \u00e0 la cheville que celles de Heddeby. Mais d&#8217;avantage montantes. Et les m\u00eames coutures en trois pi\u00e8ces.<\/p>\n","protected":false},"featured_media":427,"template":"","meta":{"neve_meta_sidebar":"","neve_meta_container":"","neve_meta_enable_content_width":"off","neve_meta_content_width":100,"neve_meta_title_alignment":"","neve_meta_author_avatar":"","neve_post_elements_order":"","neve_meta_disable_header":"","neve_meta_disable_footer":"","neve_meta_disable_title":""},"product_brand":[],"product_cat":[190,195,198,15],"product_tag":[20,31,26,30,29,21,16],"class_list":{"0":"post-18","1":"product","2":"type-product","3":"status-publish","4":"has-post-thumbnail","6":"product_cat-chaussures","7":"product_cat-danemark","8":"product_cat-rus","9":"product_cat-tous-nos-produits","10":"product_tag-boot","11":"product_tag-cuir","12":"product_tag-medieval","13":"product_tag-reenactment","14":"product_tag-rus","15":"product_tag-shoes","16":"product_tag-viking","17":"product_shipping_class-chaussure","19":"first","20":"onbackorder","21":"taxable","22":"shipping-taxable","23":"purchasable","24":"product-type-variable"},"_links":{"self":[{"href":"https:\/\/through-history.boostrestau.com\/index.php?rest_route=\/wp\/v2\/product\/18","targetHints":{"allow":["GET"]}}],"collection":[{"href":"https:\/\/through-history.boostrestau.com\/index.php?rest_route=\/wp\/v2\/product"}],"about":[{"href":"https:\/\/through-history.boostrestau.com\/index.php?rest_route=\/wp\/v2\/types\/product"}],"wp:featuredmedia":[{"embeddable":true,"href":"https:\/\/through-history.boostrestau.com\/index.php?rest_route=\/wp\/v2\/media\/427"}],"wp:attachment":[{"href":"https:\/\/through-history.boostrestau.com\/index.php?rest_route=%2Fwp%2Fv2%2Fmedia&parent=18"}],"wp:term":[{"taxonomy":"product_brand","embeddable":true,"href":"https:\/\/through-history.boostrestau.com\/index.php?rest_route=%2Fwp%2Fv2%2Fproduct_brand&post=18"},{"taxonomy":"product_cat","embeddable":true,"href":"https:\/\/through-history.boostrestau.com\/index.php?rest_route=%2Fwp%2Fv2%2Fproduct_cat&post=18"},{"taxonomy":"product_tag","embeddable":true,"href":"https:\/\/through-history.boostrestau.com\/index.php?rest_route=%2Fwp%2Fv2%2Fproduct_tag&post=18"}],"curies":[{"name":"wp","href":"https:\/\/api.w.org\/{rel}","templated":true}]}}