{"id":19,"date":"2023-04-21T15:26:07","date_gmt":"2023-04-21T13:26:07","guid":{"rendered":"https:\/\/through-history.com\/index.php\/produit\/chaussure-franc-paladru\/"},"modified":"2024-04-20T20:36:02","modified_gmt":"2024-04-20T18:36:02","slug":"chaussure-franc-paladru","status":"publish","type":"product","link":"https:\/\/through-history.boostrestau.com\/?product=chaussure-franc-paladru","title":{"rendered":"Chaussures Franc Paladru"},"content":{"rendered":"<p>\u00c0 la fin du X \u00e8me si\u00e8cle, le niveau du lac Paladru, dans la r\u00e9gion de l&#8217;Is\u00e8re en France, \u00e9tait plus bas qu&#8217;aujourd&#8217;hui.<br \/>\nUne soixantaine de colons ont alors construit un habitat fortifi\u00e9 en bois sur une plage de craie.<\/p>\n<p>Ces personnes semblent avoir \u00e9t\u00e9s envoy\u00e9es par l&#8217;archev\u00eaque de Vienne pour colonis\u00e9 et d\u00e9fendre la zone fronti\u00e8re que constituait alors le lac.<\/p>\n<p>Les colons \u00e9taient \u00e0 la fois paysans et agriculteurs, \u00e9leveurs mais aussi artisans (travail du bois, du tissu, du cuir, du fer\u2026) et formaient une v\u00e9ritable communaut\u00e9.<br \/>\nLeur position strat\u00e9gique sur le lac les obligeait ou destinait \u00e0 une seconde mission : la d\u00e9fense du territoire.<\/p>\n<p>Ainsi, ils devaient quitter leurs occupations quotidiennes pour rev\u00eatir l&#8217;armure et \u00e9taient vraisemblablement sous le commandement d&#8217;un chevalier dans ces temps du d\u00e9but de la f\u00e9odalit\u00e9.<\/p>\n<p>L&#8217;eau du lac est mont\u00e9e progressivement et, autour de l&#8217;an de gr\u00e2ce 1040, les chevaliers et paysans ont quitt\u00e9s leur habitat fortifi\u00e9.<\/p>\n<p>Le site a b\u00e9n\u00e9fici\u00e9 de fouilles entre 1972 et 2009. Des b\u00e9n\u00e9voles, dont des plongeurs, se relaient tous les \u00e9t\u00e9s pour fouiller le site.<br \/>\nLe site arch\u00e9ologique n&#8217;est plus accessible au public depuis la fin de l&#8217;\u00e9t\u00e9 2009, mais une partie des collections \u00e9tait visible au mus\u00e9e arch\u00e9ologique du lac de Paladru, situ\u00e9 sur la commune de Charavines.<\/p>\n","protected":false},"excerpt":{"rendered":"<p>Carolingiens \/ Ottoniens<br \/>\nX\/XI \u00e8me si\u00e8cle<\/p>\n<p>Le lac de Paladru, en Is\u00e8re, regorge de nombreux objets militaires et civils comme ces chaussures franc. Parfait si vous voulez reconstituer un franc Ottoniens ou de la fin du r\u00e8gne Carolingien.<\/p>\n","protected":false},"featured_media":423,"template":"","meta":{"neve_meta_sidebar":"","neve_meta_container":"","neve_meta_enable_content_width":"off","neve_meta_content_width":100,"neve_meta_title_alignment":"","neve_meta_author_avatar":"","neve_post_elements_order":"","neve_meta_disable_header":"","neve_meta_disable_footer":"","neve_meta_disable_title":""},"product_brand":[],"product_cat":[190,196,15],"product_tag":[34,35,36,32,37,33],"class_list":{"0":"post-19","1":"product","2":"type-product","3":"status-publish","4":"has-post-thumbnail","6":"product_cat-chaussures","7":"product_cat-franc","8":"product_cat-tous-nos-produits","9":"product_tag-chassure_en_cuir","10":"product_tag-chaussure_carolingienne","11":"product_tag-chaussure_franc","12":"product_tag-chaussure_paladru","13":"product_tag-chaussure_viking","14":"product_tag-lac_de_paladru","15":"product_shipping_class-chaussure","17":"first","18":"instock","19":"taxable","20":"shipping-taxable","21":"purchasable","22":"product-type-variable"},"_links":{"self":[{"href":"https:\/\/through-history.boostrestau.com\/index.php?rest_route=\/wp\/v2\/product\/19","targetHints":{"allow":["GET"]}}],"collection":[{"href":"https:\/\/through-history.boostrestau.com\/index.php?rest_route=\/wp\/v2\/product"}],"about":[{"href":"https:\/\/through-history.boostrestau.com\/index.php?rest_route=\/wp\/v2\/types\/product"}],"wp:featuredmedia":[{"embeddable":true,"href":"https:\/\/through-history.boostrestau.com\/index.php?rest_route=\/wp\/v2\/media\/423"}],"wp:attachment":[{"href":"https:\/\/through-history.boostrestau.com\/index.php?rest_route=%2Fwp%2Fv2%2Fmedia&parent=19"}],"wp:term":[{"taxonomy":"product_brand","embeddable":true,"href":"https:\/\/through-history.boostrestau.com\/index.php?rest_route=%2Fwp%2Fv2%2Fproduct_brand&post=19"},{"taxonomy":"product_cat","embeddable":true,"href":"https:\/\/through-history.boostrestau.com\/index.php?rest_route=%2Fwp%2Fv2%2Fproduct_cat&post=19"},{"taxonomy":"product_tag","embeddable":true,"href":"https:\/\/through-history.boostrestau.com\/index.php?rest_route=%2Fwp%2Fv2%2Fproduct_tag&post=19"}],"curies":[{"name":"wp","href":"https:\/\/api.w.org\/{rel}","templated":true}]}}