{"id":20,"date":"2023-04-21T15:26:07","date_gmt":"2023-04-21T13:26:07","guid":{"rendered":"https:\/\/through-history.com\/index.php\/produit\/moshchevaya-balka-boots\/"},"modified":"2024-10-15T14:54:59","modified_gmt":"2024-10-15T12:54:59","slug":"moshchevaya-balka-boots","status":"publish","type":"product","link":"https:\/\/through-history.boostrestau.com\/?product=moshchevaya-balka-boots","title":{"rendered":"Chaussures Moshchevaya Balka"},"content":{"rendered":"<p>Through History vous emm\u00e8nes en voyage au travers du temps, direction la route de la soie :<\/p>\n<p>C&#8217;\u00e9tait la grande route commerciale terrestre du monde antique, mythique, transportant des marchandises, y compris des soies, de la Chine \u00e0 la M\u00e9diterran\u00e9e au travers du plus gros bloc terrestre du vieux monde. Au VIe si\u00e8cle de notre \u00e8re, les tensions entre Byzance et l&#8217;Empire sassanide perturb\u00e8rent le commerce le long de la route traditionnelle. Les marchands d&#8217;Asie centrale ont alors d\u00e9velopp\u00e9s une nouvelle route vers Byzance, allant au nord de la mer Caspienne et traversant les montagnes du Caucase via des cols escarp\u00e9s (principalement dans le Caucase du Nord, les gorges de Darial). La premi\u00e8re caravane transportant des soies chinoises a voyag\u00e9 via cette route du Caucase du Nord en 568. Les routes de la soie du Caucase sont rest\u00e9es en service au Moyen \u00c2ge, perdant leur importance seulement au 14\u00e8me si\u00e8cle. Sur cette route de nombreux empires mythiques, dont celui des Kazhars puis la Rus de Kiev.<\/p>\n<p>Au XXe si\u00e8cle, de nombreuses trouvailles textiles des IX et X eme ont \u00e9t\u00e9s d\u00e9couvertes pr\u00e8s des cols et sur le pi\u00e9mont en contrebas du Caucase. Le site principal de Moshchevaja Balka (&#8220;Ravin des momies ou des reliques&#8221;), est un cimeti\u00e8re de ce qui as probablement \u00e9t\u00e9 le ou l&#8217;un des plus gros comptoirs de cette route mythique lors de son d\u00e9bouch\u00e9 en Europe, situ\u00e9 dans une zone dens\u00e9ment bois\u00e9e \u00e0 environ 1 000 m\u00e8tres (3 300 pieds) au-dessus du niveau de la mer.<\/p>\n<p>Anna A. Ierusalimskaja, conservatrice des antiquit\u00e9s du Caucase du Nord \u00e0 l&#8217;Ermitage, a beaucoup \u00e9crit sur les trouvailles (en russe et en allemand), mais Elfriede R. Knauer conclut que &#8220;ni l&#8217;\u00e2ge ni les lieux de fabrication de la majorit\u00e9 des soies chinoises ni de ceux de la M\u00e9diterran\u00e9e orientale r\u00e9cup\u00e9r\u00e9s sur les sites du Caucase du Nord ne peuvent encore \u00eatre d\u00e9finis avec une certitude absolue. En l&#8217;absence de crit\u00e8res suppl\u00e9mentaires, les dates d&#8217;Ierusalimskaja ne peuvent \u00eatre accept\u00e9es qu&#8217;avec prudence. &#8221;<\/p>\n<p>Cependant ces d\u00e9couvertes semblent correspondre \u00e0 une civilisation nomade Kazhar, depuis totalement disparut et o\u00f9 plusieurs tribus du Caucase du Nord &#8220;semblent avoir partag\u00e9 une culture mat\u00e9rielle assez uniforme et &#8211; sans les d\u00e9couvertes textiles &#8211; peu spectaculaire, connue sous le nom de culture Saltovo-Majaki.<\/p>\n","protected":false},"excerpt":{"rendered":"<p>Nomadic Magyar \/ Kazhar &#8211; IX\/X\u00e8me si\u00e8cle<\/p>\n<p>Les bottes ont \u00e9t\u00e9s r\u00e9alis\u00e9es \u00e0 partir d&#8217;un patron du sch\u00e9ma de montage fait par Olga Orfinskaya de l&#8217;acad\u00e9mie des sciences russe.<\/p>\n","protected":false},"featured_media":353,"template":"","meta":{"neve_meta_sidebar":"","neve_meta_container":"","neve_meta_enable_content_width":"off","neve_meta_content_width":100,"neve_meta_title_alignment":"","neve_meta_author_avatar":"","neve_post_elements_order":"","neve_meta_disable_header":"","neve_meta_disable_footer":"","neve_meta_disable_title":""},"product_brand":[],"product_cat":[190,198,15],"product_tag":[39,20,40,38,29,16],"class_list":{"0":"post-20","1":"product","2":"type-product","3":"status-publish","4":"has-post-thumbnail","6":"product_cat-chaussures","7":"product_cat-rus","8":"product_cat-tous-nos-produits","9":"product_tag-balka","10":"product_tag-boot","11":"product_tag-leather","12":"product_tag-moshchevaya","13":"product_tag-rus","14":"product_tag-viking","15":"product_shipping_class-chaussure","17":"first","18":"onbackorder","19":"taxable","20":"shipping-taxable","21":"purchasable","22":"product-type-variable"},"_links":{"self":[{"href":"https:\/\/through-history.boostrestau.com\/index.php?rest_route=\/wp\/v2\/product\/20","targetHints":{"allow":["GET"]}}],"collection":[{"href":"https:\/\/through-history.boostrestau.com\/index.php?rest_route=\/wp\/v2\/product"}],"about":[{"href":"https:\/\/through-history.boostrestau.com\/index.php?rest_route=\/wp\/v2\/types\/product"}],"wp:featuredmedia":[{"embeddable":true,"href":"https:\/\/through-history.boostrestau.com\/index.php?rest_route=\/wp\/v2\/media\/353"}],"wp:attachment":[{"href":"https:\/\/through-history.boostrestau.com\/index.php?rest_route=%2Fwp%2Fv2%2Fmedia&parent=20"}],"wp:term":[{"taxonomy":"product_brand","embeddable":true,"href":"https:\/\/through-history.boostrestau.com\/index.php?rest_route=%2Fwp%2Fv2%2Fproduct_brand&post=20"},{"taxonomy":"product_cat","embeddable":true,"href":"https:\/\/through-history.boostrestau.com\/index.php?rest_route=%2Fwp%2Fv2%2Fproduct_cat&post=20"},{"taxonomy":"product_tag","embeddable":true,"href":"https:\/\/through-history.boostrestau.com\/index.php?rest_route=%2Fwp%2Fv2%2Fproduct_tag&post=20"}],"curies":[{"name":"wp","href":"https:\/\/api.w.org\/{rel}","templated":true}]}}