{"id":22,"date":"2023-04-21T15:26:08","date_gmt":"2023-04-21T13:26:08","guid":{"rendered":"https:\/\/through-history.com\/index.php\/produit\/chaussure-birka-en-cuir\/"},"modified":"2024-11-20T15:35:31","modified_gmt":"2024-11-20T14:35:31","slug":"chaussures-birka","status":"publish","type":"product","link":"https:\/\/through-history.boostrestau.com\/?product=chaussures-birka","title":{"rendered":"Chaussures Birka"},"content":{"rendered":"<p>Chaussure Birka en cuir<br \/>\nSu\u00e8de<br \/>\nIX\/X \u00e8me si\u00e8cle<\/p>\n<p>Les chaussures sont reproduites d&#8217;apr\u00e8s le fragment quasiment complet retrouv\u00e9 \u00e0 Birka (voir photos jointes) et le travail d&#8217;arch\u00e9ologie de Olsson et Andreas en 2017 au mus\u00e9e Maritime de Birka \u00e0 Bj\u00f6rk\u00f6 fouille de 2004-2014. Et en s&#8217;inspirant de tr\u00e8s bon travail d&#8217;analyse de Projekt Forlog.<\/p>\n<p>Birka es un important comptoir commercial scandinave \u00e9tablit sur le lac Malar en Su\u00e8de entre approximativement 750 et 950. La ville connais son apog\u00e9e entre 900 \u00e0 950. De nombreuses pi\u00e8ces arch\u00e9ologiques y ont \u00e9t\u00e9s retrouv\u00e9es. Notamment d&#8217;origines orientales tel que de la monnaie, des verres, des bandes de soies, des lamelles d&#8217;armures et fragments de casque&#8230; Et m\u00eame une statuette de Bouda. La ville de Birka semble avoir \u00e9t\u00e9 un comptoir l\u00e9gendaire. Assez l\u00e9gendaire pour comport\u00e9 un quartier et une garnison Kazar d\u00e9fendant la fin de cette &#8220;route de la soie&#8221;.<\/p>\n<p>Vous faites du su\u00e9dois mais vous n&#8217;aviez jusque l\u00e0 rien \u00e0 vous mettre au pied ? Through History la fait pour vous ! Ne restez plus pieds nu.<\/p>\n","protected":false},"excerpt":{"rendered":"<p>Su\u00e8de &#8211; IX\/X \u00e8me si\u00e8cle<\/p>\n<p>Les chaussures sont reproduites d&#8217;apr\u00e8s le fragment quasiment complet retrouv\u00e9 \u00e0 Birka (voir photos jointes) et le travail d&#8217;arch\u00e9ologie de Olsson et Andreas en 2017 au mus\u00e9e Maritime de Birka \u00e0 Bj\u00f6rk\u00f6 fouille de 2004-2014. Et en s&#8217;inspirant de tr\u00e8s bon travail d&#8217;analyse de Projekt Forlog.<\/p>\n","protected":false},"featured_media":84,"template":"","meta":{"neve_meta_sidebar":"","neve_meta_container":"","neve_meta_enable_content_width":"off","neve_meta_content_width":100,"neve_meta_title_alignment":"","neve_meta_author_avatar":"","neve_post_elements_order":"","neve_meta_disable_header":"","neve_meta_disable_footer":"","neve_meta_disable_title":""},"product_brand":[],"product_cat":[203,190,15],"product_tag":[44,37,43,42,26,30,21,41],"class_list":{"0":"post-22","1":"product","2":"type-product","3":"status-publish","4":"has-post-thumbnail","6":"product_cat-birka","7":"product_cat-chaussures","8":"product_cat-tous-nos-produits","9":"product_tag-chaussure_birka","10":"product_tag-chaussure_viking","11":"product_tag-early_medieval","12":"product_tag-for_the_gods","13":"product_tag-medieval","14":"product_tag-reenactment","15":"product_tag-shoes","16":"product_tag-suede","17":"product_shipping_class-chaussure","19":"first","20":"onbackorder","21":"taxable","22":"shipping-taxable","23":"purchasable","24":"product-type-variable"},"_links":{"self":[{"href":"https:\/\/through-history.boostrestau.com\/index.php?rest_route=\/wp\/v2\/product\/22","targetHints":{"allow":["GET"]}}],"collection":[{"href":"https:\/\/through-history.boostrestau.com\/index.php?rest_route=\/wp\/v2\/product"}],"about":[{"href":"https:\/\/through-history.boostrestau.com\/index.php?rest_route=\/wp\/v2\/types\/product"}],"wp:featuredmedia":[{"embeddable":true,"href":"https:\/\/through-history.boostrestau.com\/index.php?rest_route=\/wp\/v2\/media\/84"}],"wp:attachment":[{"href":"https:\/\/through-history.boostrestau.com\/index.php?rest_route=%2Fwp%2Fv2%2Fmedia&parent=22"}],"wp:term":[{"taxonomy":"product_brand","embeddable":true,"href":"https:\/\/through-history.boostrestau.com\/index.php?rest_route=%2Fwp%2Fv2%2Fproduct_brand&post=22"},{"taxonomy":"product_cat","embeddable":true,"href":"https:\/\/through-history.boostrestau.com\/index.php?rest_route=%2Fwp%2Fv2%2Fproduct_cat&post=22"},{"taxonomy":"product_tag","embeddable":true,"href":"https:\/\/through-history.boostrestau.com\/index.php?rest_route=%2Fwp%2Fv2%2Fproduct_tag&post=22"}],"curies":[{"name":"wp","href":"https:\/\/api.w.org\/{rel}","templated":true}]}}