{"id":26,"date":"2023-04-21T15:26:10","date_gmt":"2023-04-21T13:26:10","guid":{"rendered":"https:\/\/through-history.com\/index.php\/produit\/guddal-fighting-tunic\/"},"modified":"2024-03-28T13:48:26","modified_gmt":"2024-03-28T12:48:26","slug":"guddal-fighting-tunic","status":"publish","type":"product","link":"https:\/\/through-history.boostrestau.com\/?product=guddal-fighting-tunic","title":{"rendered":"Tunique de combat &#8211; Guddal"},"content":{"rendered":"<p>Les fouilles pr\u00e8s de l&#8217;\u00e9glise de Guddal, en Norv\u00e8ge, ont r\u00e9v\u00e9l\u00e9es deux tuniques dat\u00e9es du X \u00e8me si\u00e8cle :<br \/>\nL&#8217;une \u00e0 col rond, en tissu ray\u00e9, la seconde avec un col montant et des manches d&#8217;une couleur diff\u00e9rentes du tronc. Ces tuniques, d\u00e9sormais expos\u00e9es au mus\u00e9e de Bergen, nous offre un bel aper\u00e7ut de ce qu&#8217;\u00e9tait la mode norv\u00e9gienne \u00e0 l&#8217;\u00e9poque viking. Leurs patrons sont assez classiques, mais la particularit\u00e9 r\u00e9side dans les quilles d&#8217;aisances qui offre de l&#8217;amplitude aux flancs, et au col montant de la type 2.<\/p>\n<p>Au combat, la type deux deviens int\u00e9ressante car le col montant rembourr\u00e9 permet au combattant une protection suppl\u00e9mentaire sur le cou et la nuque. Ces tuniques sont r\u00e9alis\u00e9s sur mesure, avec des couches allant de 1 \u00e0 3 \u00e9paisseurs de rembourrage par zone, et les couleurs de votre choix.<\/p>\n","protected":false},"excerpt":{"rendered":"<p>Norv\u00e8ge &#8211; X \u00e8me si\u00e8cle<\/p>\n<p>Guerriers de Norv\u00e8ge, on vous attend ! Battez vous avez style avec cette tenue de combat sur mesure. Nos tuniques sont r\u00e9alis\u00e9es sur mesure, il vous faudra choisir vos couleurs et nous fournir les mesures de votre corps en fonction du patron fourni.<\/p>\n","protected":false},"featured_media":25,"template":"","meta":{"neve_meta_sidebar":"","neve_meta_container":"","neve_meta_enable_content_width":"off","neve_meta_content_width":100,"neve_meta_title_alignment":"","neve_meta_author_avatar":"","neve_post_elements_order":"","neve_meta_disable_header":"","neve_meta_disable_footer":"","neve_meta_disable_title":""},"product_brand":[],"product_cat":[200,15,194],"product_tag":[55,51,52,50,26,54,56,53,16],"class_list":{"0":"post-26","1":"product","2":"type-product","3":"status-publish","4":"has-post-thumbnail","6":"product_cat-norvege-tuniques-de-combat","7":"product_cat-tous-nos-produits","8":"product_cat-tuniques-de-combat","9":"product_tag-armor","10":"product_tag-fight","11":"product_tag-fighting_tunic","12":"product_tag-guddal","13":"product_tag-medieval","14":"product_tag-padded","15":"product_tag-protection","16":"product_tag-tunic","17":"product_tag-viking","19":"first","20":"instock","21":"taxable","22":"shipping-taxable","23":"purchasable","24":"product-type-variable"},"_links":{"self":[{"href":"https:\/\/through-history.boostrestau.com\/index.php?rest_route=\/wp\/v2\/product\/26","targetHints":{"allow":["GET"]}}],"collection":[{"href":"https:\/\/through-history.boostrestau.com\/index.php?rest_route=\/wp\/v2\/product"}],"about":[{"href":"https:\/\/through-history.boostrestau.com\/index.php?rest_route=\/wp\/v2\/types\/product"}],"wp:featuredmedia":[{"embeddable":true,"href":"https:\/\/through-history.boostrestau.com\/index.php?rest_route=\/wp\/v2\/media\/25"}],"wp:attachment":[{"href":"https:\/\/through-history.boostrestau.com\/index.php?rest_route=%2Fwp%2Fv2%2Fmedia&parent=26"}],"wp:term":[{"taxonomy":"product_brand","embeddable":true,"href":"https:\/\/through-history.boostrestau.com\/index.php?rest_route=%2Fwp%2Fv2%2Fproduct_brand&post=26"},{"taxonomy":"product_cat","embeddable":true,"href":"https:\/\/through-history.boostrestau.com\/index.php?rest_route=%2Fwp%2Fv2%2Fproduct_cat&post=26"},{"taxonomy":"product_tag","embeddable":true,"href":"https:\/\/through-history.boostrestau.com\/index.php?rest_route=%2Fwp%2Fv2%2Fproduct_tag&post=26"}],"curies":[{"name":"wp","href":"https:\/\/api.w.org\/{rel}","templated":true}]}}