{"id":28,"date":"2023-04-21T15:26:11","date_gmt":"2023-04-21T13:26:11","guid":{"rendered":"https:\/\/through-history.com\/index.php\/produit\/pagne-historical-underwear\/"},"modified":"2024-12-03T21:35:03","modified_gmt":"2024-12-03T20:35:03","slug":"pagne-historical-underwear","status":"publish","type":"product","link":"https:\/\/through-history.boostrestau.com\/?product=pagne-historical-underwear","title":{"rendered":"Pagne &#8211; sous-v\u00eatement en lin"},"content":{"rendered":"","protected":false},"excerpt":{"rendered":"<p>Sous-v\u00eatements en lin historique.<\/p>\n<p>D\u2019\u00e2pres des trouvailles \u00c9gyptiennes et Romaines, et des repr\u00e9sentations de l&#8217;antiquit\u00e9 au moyen age. STOP aux cale\u00e7ons moderne en camp, Mettez vous \u00e0 l&#8217;aise !<\/p>\n<p>&#8220;Je poss\u00e8de un pagne, je suis \u00e0 l&#8217;aise historiquement.<br \/>\nJe ne me plains pas, je n&#8217;ai pas pas chaud en ce moment&#8221;<\/p>\n<p>Un sage, lors de la bataille d&#8217;Ulfrfold<\/p>\n","protected":false},"featured_media":61,"template":"","meta":{"neve_meta_sidebar":"","neve_meta_container":"","neve_meta_enable_content_width":"off","neve_meta_content_width":100,"neve_meta_title_alignment":"","neve_meta_author_avatar":"","neve_post_elements_order":"","neve_meta_disable_header":"","neve_meta_disable_footer":"","neve_meta_disable_title":""},"product_brand":[],"product_cat":[191,437,15,436],"product_tag":[67,64,66,65,26,61,63,62,16],"class_list":{"0":"post-28","1":"product","2":"type-product","3":"status-publish","4":"has-post-thumbnail","6":"product_cat-accessoires","7":"product_cat-autre","8":"product_cat-tous-nos-produits","9":"product_cat-vetements","10":"product_tag-boxer","11":"product_tag-celtic","12":"product_tag-lin","13":"product_tag-linen","14":"product_tag-medieval","15":"product_tag-pagne","16":"product_tag-roman","17":"product_tag-underware","18":"product_tag-viking","20":"first","21":"instock","22":"taxable","23":"shipping-taxable","24":"purchasable","25":"product-type-simple"},"_links":{"self":[{"href":"https:\/\/through-history.boostrestau.com\/index.php?rest_route=\/wp\/v2\/product\/28","targetHints":{"allow":["GET"]}}],"collection":[{"href":"https:\/\/through-history.boostrestau.com\/index.php?rest_route=\/wp\/v2\/product"}],"about":[{"href":"https:\/\/through-history.boostrestau.com\/index.php?rest_route=\/wp\/v2\/types\/product"}],"wp:featuredmedia":[{"embeddable":true,"href":"https:\/\/through-history.boostrestau.com\/index.php?rest_route=\/wp\/v2\/media\/61"}],"wp:attachment":[{"href":"https:\/\/through-history.boostrestau.com\/index.php?rest_route=%2Fwp%2Fv2%2Fmedia&parent=28"}],"wp:term":[{"taxonomy":"product_brand","embeddable":true,"href":"https:\/\/through-history.boostrestau.com\/index.php?rest_route=%2Fwp%2Fv2%2Fproduct_brand&post=28"},{"taxonomy":"product_cat","embeddable":true,"href":"https:\/\/through-history.boostrestau.com\/index.php?rest_route=%2Fwp%2Fv2%2Fproduct_cat&post=28"},{"taxonomy":"product_tag","embeddable":true,"href":"https:\/\/through-history.boostrestau.com\/index.php?rest_route=%2Fwp%2Fv2%2Fproduct_tag&post=28"}],"curies":[{"name":"wp","href":"https:\/\/api.w.org\/{rel}","templated":true}]}}