{"id":34,"date":"2023-04-21T15:26:15","date_gmt":"2023-04-21T13:26:15","guid":{"rendered":"https:\/\/through-history.com\/index.php\/produit\/byzantine-battle-tunic-bambakion\/"},"modified":"2024-03-28T13:48:13","modified_gmt":"2024-03-28T12:48:13","slug":"byzantine-battle-tunic-bambakion","status":"publish","type":"product","link":"https:\/\/through-history.boostrestau.com\/?product=byzantine-battle-tunic-bambakion","title":{"rendered":"Tunique de combat &#8211; Bambakion Byzantin"},"content":{"rendered":"<p>Byzantine<br \/>\nIX-X\u00e8me si\u00e8cle<\/p>\n<p>Vous voulez ressembler \u00e0 un Byzantin modeste ? Alors cette armure est faite pour vous. Pas de soie, donc moins cher. L&#8217;ouverture sur le cot\u00e9 en fait une tunique facile \u00e0 retirer et enfiler.<\/p>\n<p>Couleur uni au choix, tunique r\u00e9alis\u00e9e sur mesures. Utilisez le patron en photo pour r\u00e9aliser vos mesures.<\/p>\n","protected":false},"excerpt":{"rendered":"<p>Byzantine<br \/>\nIX-X\u00e8me si\u00e8cle<\/p>\n<p>Vous vouez ressembler \u00e0 un Byzantin modeste ? Alors cette armure est faite pour vous. Pas de soie, donc moins cher. L&#8217;ouverture sur le cot\u00e9 en fait une tunique facile \u00e0 retirer et enfiler. Couleur uni au choix, tunique r\u00e9alis\u00e9e sur mesures. Utilisez le patron en photo pour r\u00e9aliser vos mesures.<\/p>\n","protected":false},"featured_media":78,"template":"","meta":{"neve_meta_sidebar":"","neve_meta_container":"","neve_meta_enable_content_width":"off","neve_meta_content_width":100,"neve_meta_title_alignment":"","neve_meta_author_avatar":"","neve_post_elements_order":"","neve_meta_disable_header":"","neve_meta_disable_footer":"","neve_meta_disable_title":""},"product_brand":[],"product_cat":[202,15,194],"product_tag":[84,82,81,83,29,76,16,80],"class_list":{"0":"post-34","1":"product","2":"type-product","3":"status-publish","4":"has-post-thumbnail","6":"product_cat-byzantin","7":"product_cat-tous-nos-produits","8":"product_cat-tuniques-de-combat","9":"product_tag-bambakion","10":"product_tag-byzantine","11":"product_tag-history","12":"product_tag-ragnard","13":"product_tag-rus","14":"product_tag-varegue","15":"product_tag-viking","16":"product_tag-wool_armor","18":"first","19":"instock","20":"taxable","21":"shipping-taxable","22":"purchasable","23":"product-type-variable"},"_links":{"self":[{"href":"https:\/\/through-history.boostrestau.com\/index.php?rest_route=\/wp\/v2\/product\/34","targetHints":{"allow":["GET"]}}],"collection":[{"href":"https:\/\/through-history.boostrestau.com\/index.php?rest_route=\/wp\/v2\/product"}],"about":[{"href":"https:\/\/through-history.boostrestau.com\/index.php?rest_route=\/wp\/v2\/types\/product"}],"wp:featuredmedia":[{"embeddable":true,"href":"https:\/\/through-history.boostrestau.com\/index.php?rest_route=\/wp\/v2\/media\/78"}],"wp:attachment":[{"href":"https:\/\/through-history.boostrestau.com\/index.php?rest_route=%2Fwp%2Fv2%2Fmedia&parent=34"}],"wp:term":[{"taxonomy":"product_brand","embeddable":true,"href":"https:\/\/through-history.boostrestau.com\/index.php?rest_route=%2Fwp%2Fv2%2Fproduct_brand&post=34"},{"taxonomy":"product_cat","embeddable":true,"href":"https:\/\/through-history.boostrestau.com\/index.php?rest_route=%2Fwp%2Fv2%2Fproduct_cat&post=34"},{"taxonomy":"product_tag","embeddable":true,"href":"https:\/\/through-history.boostrestau.com\/index.php?rest_route=%2Fwp%2Fv2%2Fproduct_tag&post=34"}],"curies":[{"name":"wp","href":"https:\/\/api.w.org\/{rel}","templated":true}]}}