{"id":36,"date":"2023-04-21T15:26:16","date_gmt":"2023-04-21T13:26:16","guid":{"rendered":"https:\/\/through-history.com\/index.php\/produit\/chaperon-remboure-skjoldehamn\/"},"modified":"2024-03-18T15:20:43","modified_gmt":"2024-03-18T14:20:43","slug":"chaperon-remboure-skjoldehamn","status":"publish","type":"product","link":"https:\/\/through-history.boostrestau.com\/?product=chaperon-remboure-skjoldehamn","title":{"rendered":"Chaperon rembour\u00e9 Skjoldehamn"},"content":{"rendered":"<p>Chaperon de combat rembour\u00e9 Skjoldehamn<br \/>\nSkjoldehamn \/ Norv\u00e8ge<br \/>\nXI \u00e8me si\u00e8cle<\/p>\n<p>Un nouveau produit \u00e0 germ\u00e9 dans notre jardin secret !<br \/>\nOn ne pr\u00e9sente plus le c\u00e9l\u00e8bre chaperon de Skjoldehamn, d\u00e9couvert avec l&#8217;une des tenues les mieux conserv\u00e9e du haut moyen \u00e2ge.<br \/>\nD\u00e9couverte en 1936 sur l&#8217;\u00eele And\u00f8ya en Norv\u00e8ge, le d\u00e9bat sur l&#8217;origine de la tenue persiste : Norroise ou bien Sam\u00ed?<br \/>\nLe style vestimentaire de la tenue ( deux tuniques, un pantalon et une ceinture galon en plus du chaperon) laisse pens\u00e9 aux tenues tr\u00e8s color\u00e9es et tr\u00e8s chaudes du peuple Sam\u00ed.<br \/>\nLes galons et les encolure des tuniques notamment. Mais \u00e9galement le galon \u00e0 la cheville du pantalon.<\/p>\n<p>Cependant, si de nombreuses sources attestent des \u00e9changes entre Norrois et Sam\u00ed, on retrouve r\u00e9guli\u00e8rement des chaperons repr\u00e9sent\u00e9s sur des gravures Norroises. Jusqu&#8217;\u00e0 la pi\u00e8ce arch\u00e9ologique de Hedeby.<\/p>\n<p>Le chaperons de Skjoldehamn est une bonne alternative pour un reconstituteur norv\u00e9giens.<\/p>\n<p>Nous vous proposons sa version rembourr\u00e9e et adapt\u00e9e au combat que nous avons d\u00e9velopp\u00e9s et utilisions d\u00e9j\u00e0 depuis plus de six ans dans nos rangs au combat.<br \/>\nRembourr\u00e9e de 2 cm d&#8217;\u00e9paisseur sur la totalit\u00e9 de la pi\u00e8ce, le chaperons poss\u00e8de aussi une forme retravaill\u00e9 et adapt\u00e9 au port du casque que vous ne trouverez nul part ailleurs.<br \/>\nUn produit d\u00e9velopp\u00e9 par et pour les combattants ! Through History est une valeur s\u00fbre pour vos batailles \u00e0 livrer !<\/p>\n<p>Commandez le votre d\u00e8s maintenant !<\/p>\n","protected":false},"excerpt":{"rendered":"<p>Skjoldehamn \/ Norv\u00e8ge<br \/>\nXI \u00e8me si\u00e8cle<\/p>\n<p>On ne pr\u00e9sente plus le c\u00e9l\u00e8bre chaperon de Skjoldehamn, d\u00e9couvert avec l&#8217;une des tenues les mieux conserv\u00e9e du haut moyen \u00e2ge.<br \/>\nD\u00e9couverte en 1936 sur l&#8217;\u00eele And\u00f8ya en Norv\u00e8ge, le d\u00e9bat sur l&#8217;origine de la tenue persiste : Norroise ou bien Sam\u00ed?<\/p>\n<p>Nous vous proposons sa version rembourr\u00e9e et adapt\u00e9e au combat que nous avons d\u00e9velopp\u00e9s et utilisions d\u00e9j\u00e0 depuis plus de six ans dans nos rangs au combat.<\/p>\n","protected":false},"featured_media":59,"template":"","meta":{"neve_meta_sidebar":"","neve_meta_container":"","neve_meta_enable_content_width":"off","neve_meta_content_width":100,"neve_meta_title_alignment":"","neve_meta_author_avatar":"","neve_post_elements_order":"","neve_meta_disable_header":"","neve_meta_disable_footer":"","neve_meta_disable_title":""},"product_brand":[],"product_cat":[193,15],"product_tag":[57,86,87,90,89,88,85],"class_list":{"0":"post-36","1":"product","2":"type-product","3":"status-publish","4":"has-post-thumbnail","6":"product_cat-cales-de-combat","7":"product_cat-tous-nos-produits","8":"product_tag-cale_de_combat","9":"product_tag-cale_skjoldehamn","10":"product_tag-cale_viking","11":"product_tag-chaperon_norvege","12":"product_tag-chaperon_skjoldehamn","13":"product_tag-cheperon_viking","14":"product_tag-padded_cap","16":"first","17":"instock","18":"taxable","19":"shipping-taxable","20":"purchasable","21":"product-type-simple"},"_links":{"self":[{"href":"https:\/\/through-history.boostrestau.com\/index.php?rest_route=\/wp\/v2\/product\/36","targetHints":{"allow":["GET"]}}],"collection":[{"href":"https:\/\/through-history.boostrestau.com\/index.php?rest_route=\/wp\/v2\/product"}],"about":[{"href":"https:\/\/through-history.boostrestau.com\/index.php?rest_route=\/wp\/v2\/types\/product"}],"wp:featuredmedia":[{"embeddable":true,"href":"https:\/\/through-history.boostrestau.com\/index.php?rest_route=\/wp\/v2\/media\/59"}],"wp:attachment":[{"href":"https:\/\/through-history.boostrestau.com\/index.php?rest_route=%2Fwp%2Fv2%2Fmedia&parent=36"}],"wp:term":[{"taxonomy":"product_brand","embeddable":true,"href":"https:\/\/through-history.boostrestau.com\/index.php?rest_route=%2Fwp%2Fv2%2Fproduct_brand&post=36"},{"taxonomy":"product_cat","embeddable":true,"href":"https:\/\/through-history.boostrestau.com\/index.php?rest_route=%2Fwp%2Fv2%2Fproduct_cat&post=36"},{"taxonomy":"product_tag","embeddable":true,"href":"https:\/\/through-history.boostrestau.com\/index.php?rest_route=%2Fwp%2Fv2%2Fproduct_tag&post=36"}],"curies":[{"name":"wp","href":"https:\/\/api.w.org\/{rel}","templated":true}]}}