{"id":40,"date":"2023-04-21T15:26:18","date_gmt":"2023-04-21T13:26:18","guid":{"rendered":"https:\/\/through-history.com\/index.php\/produit\/gnezdovo-t2-helmet\/"},"modified":"2024-03-18T15:19:27","modified_gmt":"2024-03-18T14:19:27","slug":"gnezdovo-t2-helmet","status":"publish","type":"product","link":"https:\/\/through-history.boostrestau.com\/?product=gnezdovo-t2-helmet","title":{"rendered":"Casque de Gnezdovo T2"},"content":{"rendered":"<p>Un mot sur ce casque :<br \/>\nPourquoi l&#8217;emploi du terme Russo-Slave ? Parce que nous voulons rester prudents. Gnezdovo \u00e9tait un puissant comptoir Viking \u00e9tablit sur les routes commerciales de l&#8217;Est. Sa taille serait \u00e9quivalente \u00e0 celle de site prestigieux comme Birka.<\/p>\n<p>Les fouilles de Gnezdovo durent depuis 1949, mais plusieurs g\u00e9n\u00e9rations d&#8217;arch\u00e9ologues pourraient \u00eatre n\u00e9cessaires afin d&#8217;extraire les outils en m\u00e9tal, les perles, les \u00e9clats de c\u00e9ramique sur un immense territoire de 20 hectares et parmi plus de 4.000 tumuli.<\/p>\n<p>Gnezdovo \u00e0 \u00e9t\u00e9 peupl\u00e9 par un m\u00e9lange de Vikings d\u00e9barqu\u00e9s de Su\u00e8de et de peuples Slaves locaux. Les casques de Gnezdovo semblent typiques des montages de casques que l&#8217;on retrouve \u00e0 l&#8217;est (peuples Kazars) et dont les colons Vikings dit Rus semblent s&#8217;\u00eatre grandement inspir\u00e9s. O\u00f9 encore d&#8217;influence slave, comme le montre le casque de Gnezdovo type 1, dont on a retrouv\u00e9 un exemplaire similaire \u00e0 Prague.<\/p>\n<p>Le comptoir de Gnezdovo semble avoir d\u00e9clin\u00e9 au X \u00e8me si\u00e8cle&#8230; Pendant que la cit\u00e9 de Somlensk \u00e9tait cr\u00e9\u00e9 dans une r\u00e9gion proche. Mais les circonstances sont encore mal connues.<\/p>\n","protected":false},"excerpt":{"rendered":"<p>Gnezdovo \/ Rus &#8211; IX\/X \u00e8me si\u00e8cle<\/p>\n<p>Ce mod\u00e8le de Gnezdovo est propos\u00e9 sobre, sans dorure, comme la pi\u00e8ce originale. Il est possible de le commander avec des dorures pour affirmer votre stature.<\/p>\n<p>Ce produit est en pr\u00e9commande. Le d\u00e9lai de livraison sera de 6 mois environ. Le casque est propos\u00e9 avec une grille de protection, cach\u00e9e par une cote de maille ferm\u00e9e pour des raisons de s\u00e9curit\u00e9.<\/p>\n","protected":false},"featured_media":75,"template":"","meta":{"neve_meta_sidebar":"","neve_meta_container":"","neve_meta_enable_content_width":"off","neve_meta_content_width":100,"neve_meta_title_alignment":"","neve_meta_author_avatar":"","neve_post_elements_order":"","neve_meta_disable_header":"","neve_meta_disable_footer":"","neve_meta_disable_title":""},"product_brand":[],"product_cat":[192,15],"product_tag":[25,97,24,26,29,98,16],"class_list":{"0":"post-40","1":"product","2":"type-product","3":"status-publish","4":"has-post-thumbnail","6":"product_cat-casques-viking","7":"product_cat-tous-nos-produits","8":"product_tag-casque","9":"product_tag-gnezdovo","10":"product_tag-helmet","11":"product_tag-medieval","12":"product_tag-rus","13":"product_tag-slavic","14":"product_tag-viking","16":"first","17":"onbackorder","18":"sold-individually","19":"taxable","20":"shipping-taxable","21":"purchasable","22":"product-type-variable"},"_links":{"self":[{"href":"https:\/\/through-history.boostrestau.com\/index.php?rest_route=\/wp\/v2\/product\/40","targetHints":{"allow":["GET"]}}],"collection":[{"href":"https:\/\/through-history.boostrestau.com\/index.php?rest_route=\/wp\/v2\/product"}],"about":[{"href":"https:\/\/through-history.boostrestau.com\/index.php?rest_route=\/wp\/v2\/types\/product"}],"wp:featuredmedia":[{"embeddable":true,"href":"https:\/\/through-history.boostrestau.com\/index.php?rest_route=\/wp\/v2\/media\/75"}],"wp:attachment":[{"href":"https:\/\/through-history.boostrestau.com\/index.php?rest_route=%2Fwp%2Fv2%2Fmedia&parent=40"}],"wp:term":[{"taxonomy":"product_brand","embeddable":true,"href":"https:\/\/through-history.boostrestau.com\/index.php?rest_route=%2Fwp%2Fv2%2Fproduct_brand&post=40"},{"taxonomy":"product_cat","embeddable":true,"href":"https:\/\/through-history.boostrestau.com\/index.php?rest_route=%2Fwp%2Fv2%2Fproduct_cat&post=40"},{"taxonomy":"product_tag","embeddable":true,"href":"https:\/\/through-history.boostrestau.com\/index.php?rest_route=%2Fwp%2Fv2%2Fproduct_tag&post=40"}],"curies":[{"name":"wp","href":"https:\/\/api.w.org\/{rel}","templated":true}]}}