{"id":41,"date":"2023-04-21T15:26:18","date_gmt":"2023-04-21T13:26:18","guid":{"rendered":"https:\/\/through-history.com\/index.php\/produit\/tente-oseberg-viking-2x3-m\/"},"modified":"2024-03-26T13:31:02","modified_gmt":"2024-03-26T12:31:02","slug":"tente-oseberg-viking","status":"publish","type":"product","link":"https:\/\/through-history.boostrestau.com\/?product=tente-oseberg-viking","title":{"rendered":"Tente Oseberg viking"},"content":{"rendered":"<p>Les vikings \u00e9taient souvent en vadrouille cherchant gloire et richesses, on pourrait penser qu&#8217;ils avaient des tentes pour avoir un minimum de confort durant leurs exp\u00e9dition.<\/p>\n<p>Peu de logement mobile comme des tentes ont \u00e9t\u00e9 retrouv\u00e9s, car les vikings pr\u00e9f\u00e8rent partir l\u00e9ger \u00e0 l&#8217;aventure. Il est donc fort probable qu&#8217;ils utilisaient leurs cape (voir la voile du bateau) et quelques bouts de bois afin de former une tente de fortune pour s&#8217;abriter la nuit.<\/p>\n<p>Les bois de tente ont \u00e9t\u00e9 retrouv\u00e9s \u00e0 Oseberg en Norv\u00e8ge. Utilis\u00e9e probablement comme tente mortuaire pour deux femmes (dont probablement une reine), il est \u00e9galement possible que de telles tentes aient pu \u00eatre transport\u00e9es lors des exp\u00e9ditions pour servir de refuges \u00e0 l&#8217;\u00e9lite viking dans des campements de fortunes.<\/p>\n<p>Malgr\u00e9 le peu de source \u00e0 ce sujet, cette tente est la plus coh\u00e9rente dans l&#8217;univers viking. Le tissu est imperm\u00e9able \u00e0 l&#8217;eau et r\u00e9sistant au vent, ce qui permet de camper \u00e9t\u00e9 comme hiver et d&#8217;avoir un minimum de confort durant vos camps.<\/p>\n","protected":false},"excerpt":{"rendered":"<p>Oseberg \/ Norv\u00e8ge<br \/>\nIX \u00e8me si\u00e8cle<\/p>\n<p>Les dimensions de la tente font 2,5m x 2,5m au sol pour une hauteur de 2m. Elle est propos\u00e9 en lin et en coton, tous deux avec traitement imperm\u00e9able. Couture machine, livr\u00e9e sans les bois.<\/p>\n","protected":false},"featured_media":849,"template":"","meta":{"neve_meta_sidebar":"","neve_meta_container":"","neve_meta_enable_content_width":"off","neve_meta_content_width":100,"neve_meta_title_alignment":"","neve_meta_author_avatar":"","neve_post_elements_order":"","neve_meta_disable_header":"","neve_meta_disable_footer":"","neve_meta_disable_title":""},"product_brand":[],"product_cat":[15,387],"product_tag":[102,101,104,103,100,99],"class_list":{"0":"post-41","1":"product","2":"type-product","3":"status-publish","4":"has-post-thumbnail","6":"product_cat-tous-nos-produits","7":"product_cat-vie-de-camp","8":"product_tag-camping_viking","9":"product_tag-tente_de_camping","10":"product_tag-tente_en_coton","11":"product_tag-tente_en_lin","12":"product_tag-tente_oseberg","13":"product_tag-tente_viking","15":"first","16":"instock","17":"taxable","18":"shipping-taxable","19":"purchasable","20":"product-type-variable"},"_links":{"self":[{"href":"https:\/\/through-history.boostrestau.com\/index.php?rest_route=\/wp\/v2\/product\/41","targetHints":{"allow":["GET"]}}],"collection":[{"href":"https:\/\/through-history.boostrestau.com\/index.php?rest_route=\/wp\/v2\/product"}],"about":[{"href":"https:\/\/through-history.boostrestau.com\/index.php?rest_route=\/wp\/v2\/types\/product"}],"wp:featuredmedia":[{"embeddable":true,"href":"https:\/\/through-history.boostrestau.com\/index.php?rest_route=\/wp\/v2\/media\/849"}],"wp:attachment":[{"href":"https:\/\/through-history.boostrestau.com\/index.php?rest_route=%2Fwp%2Fv2%2Fmedia&parent=41"}],"wp:term":[{"taxonomy":"product_brand","embeddable":true,"href":"https:\/\/through-history.boostrestau.com\/index.php?rest_route=%2Fwp%2Fv2%2Fproduct_brand&post=41"},{"taxonomy":"product_cat","embeddable":true,"href":"https:\/\/through-history.boostrestau.com\/index.php?rest_route=%2Fwp%2Fv2%2Fproduct_cat&post=41"},{"taxonomy":"product_tag","embeddable":true,"href":"https:\/\/through-history.boostrestau.com\/index.php?rest_route=%2Fwp%2Fv2%2Fproduct_tag&post=41"}],"curies":[{"name":"wp","href":"https:\/\/api.w.org\/{rel}","templated":true}]}}