{"id":421,"date":"2023-08-21T20:56:21","date_gmt":"2023-08-21T18:56:21","guid":{"rendered":"http:\/\/through-history.com\/?post_type=product&#038;p=421"},"modified":"2024-11-20T15:31:30","modified_gmt":"2024-11-20T14:31:30","slug":"gourde-en-cuir","status":"publish","type":"product","link":"https:\/\/through-history.boostrestau.com\/?product=gourde-en-cuir","title":{"rendered":"Gourde en cuir 1L"},"content":{"rendered":"<p>Apr\u00e8s avoir d\u00e9couvert dans notre jardin secret les casques qu&#8217;Agamemnon avais laiss\u00e9 \u00e0 sa prog\u00e9niture en pr\u00e9vision des combats \u00e0 venir, nous avons voyager loin par les montagnes jusqu&#8217;en plein Dauphin\u00e9 du royaume de France. On y raconte que les moines en m\u00e9langeant des herbes obtiennent de fort fameux breuvages.<br \/>\nApr\u00e8s une longue soir\u00e9e \u00e0 s&#8217;enivrer et \u00e0 combattre ce mal, nous nous sommes aper\u00e7ut que m\u00eame le plus endurcit des guerriers a rapidement besoins d&#8217;eau&#8230;<br \/>\nAfin de de vous d\u00e9salt\u00e9rer apr\u00e8s vos \u00e9puisants combats et de soigner ce mal appel\u00e9 &#8220;migraine&#8221; ou mi-graine&#8230; Nous vous proposons nos gourdes simple de 1 litre en cuir.<\/p>\n<p>Les gourdes ont \u00e9t\u00e9s utiliser depuis fort longtemps et en divers mat\u00e9riaux : C\u00e9ramique, bois, cuir et panse animale pour les plus bon march\u00e9.<\/p>\n<p>Vous connaissez tous ces gourdes bons march\u00e9s cir\u00e9es \u00e0 l&#8217;int\u00e9rieur qui apr\u00e8s le moindre choc n&#8217;ont plus d&#8217;\u00e9tanch\u00e9it\u00e9. Nous avons mis au point un autre syst\u00e8me. Plus de cire fragiles sur les parois int\u00e9rieurs ! \u00c0 la place un gain de solidit\u00e9 !<\/p>\n<p>Le premier mod\u00e8le que nous vous proposons est un mod\u00e8le simple, mais dont la forme es inspir\u00e9 de la gourde viking d\u00e9couverte \u00e0 Dublin.<\/p>\n","protected":false},"excerpt":{"rendered":"<p>Gourde de Dublin<br \/>\nIX\/XI \u00e8me si\u00e8cle<\/p>\n<p>Apr\u00e8s avoir livr\u00e9 bataille avec ardeur, il es grand temps de se d\u00e9salt\u00e9rer. Nos gourde sont r\u00e9alis\u00e9 en cuir et sont cir\u00e9es \u00e0 la cire d&#8217;abeille.<\/p>\n<p>\u00c9cologique et historique, la gourde c&#8217;est pratique.<\/p>\n","protected":false},"featured_media":431,"template":"","meta":{"neve_meta_sidebar":"","neve_meta_container":"","neve_meta_enable_content_width":"off","neve_meta_content_width":100,"neve_meta_title_alignment":"","neve_meta_author_avatar":"","neve_post_elements_order":"","neve_meta_disable_header":"","neve_meta_disable_footer":"","neve_meta_disable_title":""},"product_brand":[],"product_cat":[191,437,15,387],"product_tag":[],"class_list":{"0":"post-421","1":"product","2":"type-product","3":"status-publish","4":"has-post-thumbnail","6":"product_cat-accessoires","7":"product_cat-autre","8":"product_cat-tous-nos-produits","9":"product_cat-vie-de-camp","11":"first","12":"instock","13":"taxable","14":"shipping-taxable","15":"purchasable","16":"product-type-simple"},"_links":{"self":[{"href":"https:\/\/through-history.boostrestau.com\/index.php?rest_route=\/wp\/v2\/product\/421","targetHints":{"allow":["GET"]}}],"collection":[{"href":"https:\/\/through-history.boostrestau.com\/index.php?rest_route=\/wp\/v2\/product"}],"about":[{"href":"https:\/\/through-history.boostrestau.com\/index.php?rest_route=\/wp\/v2\/types\/product"}],"wp:featuredmedia":[{"embeddable":true,"href":"https:\/\/through-history.boostrestau.com\/index.php?rest_route=\/wp\/v2\/media\/431"}],"wp:attachment":[{"href":"https:\/\/through-history.boostrestau.com\/index.php?rest_route=%2Fwp%2Fv2%2Fmedia&parent=421"}],"wp:term":[{"taxonomy":"product_brand","embeddable":true,"href":"https:\/\/through-history.boostrestau.com\/index.php?rest_route=%2Fwp%2Fv2%2Fproduct_brand&post=421"},{"taxonomy":"product_cat","embeddable":true,"href":"https:\/\/through-history.boostrestau.com\/index.php?rest_route=%2Fwp%2Fv2%2Fproduct_cat&post=421"},{"taxonomy":"product_tag","embeddable":true,"href":"https:\/\/through-history.boostrestau.com\/index.php?rest_route=%2Fwp%2Fv2%2Fproduct_tag&post=421"}],"curies":[{"name":"wp","href":"https:\/\/api.w.org\/{rel}","templated":true}]}}