{"id":43,"date":"2023-04-21T15:26:19","date_gmt":"2023-04-21T13:26:19","guid":{"rendered":"https:\/\/through-history.com\/index.php\/produit\/skjoldehamn-figthing-tunic\/"},"modified":"2024-11-05T09:50:10","modified_gmt":"2024-11-05T08:50:10","slug":"skjoldehamn-figthing-tunic","status":"publish","type":"product","link":"https:\/\/through-history.boostrestau.com\/?product=skjoldehamn-figthing-tunic","title":{"rendered":"Tunique de combat &#8211; Skjoldehamn"},"content":{"rendered":"<p>La tenue de Skjoldehamn est une des d\u00e9couvertes textile arch\u00e9ologiques les plus compl\u00e8tes de celles du haut moyen \u00e2ge.<br \/>\nAu nord de la Norv\u00e8ge, la tenue est compos\u00e9e de nombreux \u00e9l\u00e9ments, deux tuniques, un pantalon, un chaperon&#8230; Et est conserv\u00e9e au mus\u00e9e Troms\u00f6.<\/p>\n<p>L&#8217;origine de la tenue est tr\u00e8s probablement originaire du peuple Sami, et les tuniques en question ressemble remarquablement au m\u00eame \u00abkolt\u00bb que celles qui sont port\u00e9es encore aujourd&#8217;hui.<\/p>\n<p>Cette d\u00e9couverte peut ou non repr\u00e9senter une mode influente chez les vikings, un \u00e9change entre ses deux peuplades de Norv\u00e8ge, ou tout simplement un vestige Sam\u00ec.<\/p>\n","protected":false},"excerpt":{"rendered":"<p>Norv\u00e8ge \/ Sam\u00ec<\/p>\n<p>X\/XI \u00e8me si\u00e8cle<\/p>\n<p>Tiss\u00e9es de nombreuses couleurs, nous avons simplifier le sch\u00e9ma de couleur afin de le rendre plus sobre et adapt\u00e9 \u00e0 la pratique du combat. Nos tuniques sont r\u00e9alis\u00e9es sur mesure, il vous faudra choisir vos couleurs et nous fournir les mesures de votre corps en fonction du patron fourni.<\/p>\n","protected":false},"featured_media":417,"template":"","meta":{"neve_meta_sidebar":"","neve_meta_container":"","neve_meta_enable_content_width":"off","neve_meta_content_width":100,"neve_meta_title_alignment":"","neve_meta_author_avatar":"","neve_post_elements_order":"","neve_meta_disable_header":"","neve_meta_disable_footer":"","neve_meta_disable_title":""},"product_brand":[],"product_cat":[200,15,194],"product_tag":[55,107,26,109,54,108,16,80],"class_list":{"0":"post-43","1":"product","2":"type-product","3":"status-publish","4":"has-post-thumbnail","6":"product_cat-norvege-tuniques-de-combat","7":"product_cat-tous-nos-produits","8":"product_cat-tuniques-de-combat","9":"product_tag-armor","10":"product_tag-gambison","11":"product_tag-medieval","12":"product_tag-norway","13":"product_tag-padded","14":"product_tag-skjoldehamn","15":"product_tag-viking","16":"product_tag-wool_armor","18":"first","19":"instock","20":"taxable","21":"shipping-taxable","22":"purchasable","23":"product-type-variable"},"_links":{"self":[{"href":"https:\/\/through-history.boostrestau.com\/index.php?rest_route=\/wp\/v2\/product\/43","targetHints":{"allow":["GET"]}}],"collection":[{"href":"https:\/\/through-history.boostrestau.com\/index.php?rest_route=\/wp\/v2\/product"}],"about":[{"href":"https:\/\/through-history.boostrestau.com\/index.php?rest_route=\/wp\/v2\/types\/product"}],"wp:featuredmedia":[{"embeddable":true,"href":"https:\/\/through-history.boostrestau.com\/index.php?rest_route=\/wp\/v2\/media\/417"}],"wp:attachment":[{"href":"https:\/\/through-history.boostrestau.com\/index.php?rest_route=%2Fwp%2Fv2%2Fmedia&parent=43"}],"wp:term":[{"taxonomy":"product_brand","embeddable":true,"href":"https:\/\/through-history.boostrestau.com\/index.php?rest_route=%2Fwp%2Fv2%2Fproduct_brand&post=43"},{"taxonomy":"product_cat","embeddable":true,"href":"https:\/\/through-history.boostrestau.com\/index.php?rest_route=%2Fwp%2Fv2%2Fproduct_cat&post=43"},{"taxonomy":"product_tag","embeddable":true,"href":"https:\/\/through-history.boostrestau.com\/index.php?rest_route=%2Fwp%2Fv2%2Fproduct_tag&post=43"}],"curies":[{"name":"wp","href":"https:\/\/api.w.org\/{rel}","templated":true}]}}