{"id":435,"date":"2023-08-21T21:13:24","date_gmt":"2023-08-21T19:13:24","guid":{"rendered":"http:\/\/through-history.com\/?post_type=product&#038;p=435"},"modified":"2024-06-19T11:13:20","modified_gmt":"2024-06-19T09:13:20","slug":"escarcelle-tarsoly","status":"publish","type":"product","link":"https:\/\/through-history.boostrestau.com\/?product=escarcelle-tarsoly","title":{"rendered":"Escarcelle Tarsoly"},"content":{"rendered":"<p>Les colons Su\u00e9dois, les Rus, semblent l&#8217;avoir adopt\u00e9s de part leur commerce important avec cette communaut\u00e9. On en trouve de nombreux exemplaire dans les villes Rus jusqu&#8217;\u00e0 Birka.<\/p>\n<p>Cet objet nomades a \u00e9galement \u00e9t\u00e9 d\u00e9couvert en quelques tr\u00e8s rares exemplaires en Su\u00e8de, Norv\u00e8ge et m\u00eame dans les colonies viking de Dublin.<\/p>\n","protected":false},"excerpt":{"rendered":"<p>Rus \/ Birka<\/p>\n<p>VIII \/ XI \u00e8me Si\u00e8cle<\/p>\n<p>Le tarsoly (prononc\u00e9 Tarshoye), ou encore appel\u00e9 escarcelle, est une sacoche originaire des peuples nomades d&#8217;Asie centrale. R\u00e9alis\u00e9 en cuir.<\/p>\n","protected":false},"featured_media":438,"template":"","meta":{"neve_meta_sidebar":"","neve_meta_container":"","neve_meta_enable_content_width":"off","neve_meta_content_width":100,"neve_meta_title_alignment":"","neve_meta_author_avatar":"","neve_post_elements_order":"","neve_meta_disable_header":"","neve_meta_disable_footer":"","neve_meta_disable_title":""},"product_brand":[],"product_cat":[191,434,15],"product_tag":[],"class_list":{"0":"post-435","1":"product","2":"type-product","3":"status-publish","4":"has-post-thumbnail","6":"product_cat-accessoires","7":"product_cat-sacs-en-cuir","8":"product_cat-tous-nos-produits","10":"first","11":"onbackorder","12":"taxable","13":"shipping-taxable","14":"purchasable","15":"product-type-simple"},"_links":{"self":[{"href":"https:\/\/through-history.boostrestau.com\/index.php?rest_route=\/wp\/v2\/product\/435","targetHints":{"allow":["GET"]}}],"collection":[{"href":"https:\/\/through-history.boostrestau.com\/index.php?rest_route=\/wp\/v2\/product"}],"about":[{"href":"https:\/\/through-history.boostrestau.com\/index.php?rest_route=\/wp\/v2\/types\/product"}],"wp:featuredmedia":[{"embeddable":true,"href":"https:\/\/through-history.boostrestau.com\/index.php?rest_route=\/wp\/v2\/media\/438"}],"wp:attachment":[{"href":"https:\/\/through-history.boostrestau.com\/index.php?rest_route=%2Fwp%2Fv2%2Fmedia&parent=435"}],"wp:term":[{"taxonomy":"product_brand","embeddable":true,"href":"https:\/\/through-history.boostrestau.com\/index.php?rest_route=%2Fwp%2Fv2%2Fproduct_brand&post=435"},{"taxonomy":"product_cat","embeddable":true,"href":"https:\/\/through-history.boostrestau.com\/index.php?rest_route=%2Fwp%2Fv2%2Fproduct_cat&post=435"},{"taxonomy":"product_tag","embeddable":true,"href":"https:\/\/through-history.boostrestau.com\/index.php?rest_route=%2Fwp%2Fv2%2Fproduct_tag&post=435"}],"curies":[{"name":"wp","href":"https:\/\/api.w.org\/{rel}","templated":true}]}}