{"id":436,"date":"2023-08-21T21:16:46","date_gmt":"2023-08-21T19:16:46","guid":{"rendered":"http:\/\/through-history.com\/?post_type=product&#038;p=436"},"modified":"2024-12-03T21:35:04","modified_gmt":"2024-12-03T20:35:04","slug":"chaussures-oseberg-172","status":"publish","type":"product","link":"https:\/\/through-history.boostrestau.com\/?product=chaussures-oseberg-172","title":{"rendered":"Chaussures Oseberg 172"},"content":{"rendered":"<p>De nombreux artefacts ont \u00e9t\u00e9s d\u00e9couverts dans le site de fouille d&#8217;Oseberg, en Norv\u00e8ge, notamment ces chaussures hautes ou bottines dites &#8220;172&#8221;, d&#8217;apr\u00e8s les travaux de Margareth Hald, sur le m\u00eame site de fouille que les chaussures Oseberg &#8220;303&#8221; mais plus haute et sans fermoirs escargot. D\u00e9finies par &#8220;Bottes d&#8217;Oseberg&#8221; elles sont souvent reconstitu\u00e9es \u00e0 une taille exag\u00e9r\u00e9e bien plus haute que la version originelle conserv\u00e9 au mus\u00e9e.<\/p>\n<p>Le site de fouille d&#8217;Oseberg semble \u00eatre une importante s\u00e9pulture \u00e9tablie sur un impressionnant bateau. L&#8217;un des t\u00e9moignage les plus complet du pass\u00e9 viking de la Norv\u00e8ge. De nombreux artefacts y ont \u00e9t\u00e9s d\u00e9couverts.<\/p>\n","protected":false},"excerpt":{"rendered":"<p>Norv\u00e8ge &#8211; IX \/ X \u00e8me si\u00e8cle<\/p>\n<p>Le site de fouille d&#8217;Oseberg semble \u00eatre une importante s\u00e9pulture \u00e9tablie sur un impressionnant bateau. L&#8217;un des t\u00e9moignage les plus complet du pass\u00e9 viking de la Norv\u00e8ge. De nombreux artefacts y ont \u00e9t\u00e9s d\u00e9couverts dans le site de fouille d&#8217;Oseberg, en Norv\u00e8ge, notamment ces chaussures hautes ou bottines dites &#8220;172&#8221;, d&#8217;apr\u00e8s les travaux de Margareth Hald, sur le m\u00eame site de fouille que les chaussures Oseberg &#8220;303&#8221; mais plus haute et sans fermoirs escargot.<\/p>\n","protected":false},"featured_media":439,"template":"","meta":{"neve_meta_sidebar":"","neve_meta_container":"","neve_meta_enable_content_width":"off","neve_meta_content_width":100,"neve_meta_title_alignment":"","neve_meta_author_avatar":"","neve_post_elements_order":"","neve_meta_disable_header":"","neve_meta_disable_footer":"","neve_meta_disable_title":""},"product_brand":[],"product_cat":[190,197,15],"product_tag":[],"class_list":{"0":"post-436","1":"product","2":"type-product","3":"status-publish","4":"has-post-thumbnail","6":"product_cat-chaussures","7":"product_cat-norvege","8":"product_cat-tous-nos-produits","9":"product_shipping_class-chaussure","11":"first","12":"instock","13":"taxable","14":"shipping-taxable","15":"purchasable","16":"product-type-variable"},"_links":{"self":[{"href":"https:\/\/through-history.boostrestau.com\/index.php?rest_route=\/wp\/v2\/product\/436","targetHints":{"allow":["GET"]}}],"collection":[{"href":"https:\/\/through-history.boostrestau.com\/index.php?rest_route=\/wp\/v2\/product"}],"about":[{"href":"https:\/\/through-history.boostrestau.com\/index.php?rest_route=\/wp\/v2\/types\/product"}],"wp:featuredmedia":[{"embeddable":true,"href":"https:\/\/through-history.boostrestau.com\/index.php?rest_route=\/wp\/v2\/media\/439"}],"wp:attachment":[{"href":"https:\/\/through-history.boostrestau.com\/index.php?rest_route=%2Fwp%2Fv2%2Fmedia&parent=436"}],"wp:term":[{"taxonomy":"product_brand","embeddable":true,"href":"https:\/\/through-history.boostrestau.com\/index.php?rest_route=%2Fwp%2Fv2%2Fproduct_brand&post=436"},{"taxonomy":"product_cat","embeddable":true,"href":"https:\/\/through-history.boostrestau.com\/index.php?rest_route=%2Fwp%2Fv2%2Fproduct_cat&post=436"},{"taxonomy":"product_tag","embeddable":true,"href":"https:\/\/through-history.boostrestau.com\/index.php?rest_route=%2Fwp%2Fv2%2Fproduct_tag&post=436"}],"curies":[{"name":"wp","href":"https:\/\/api.w.org\/{rel}","templated":true}]}}