{"id":437,"date":"2023-08-21T21:21:53","date_gmt":"2023-08-21T19:21:53","guid":{"rendered":"http:\/\/through-history.com\/?post_type=product&#038;p=437"},"modified":"2024-04-20T20:35:59","modified_gmt":"2024-04-20T18:35:59","slug":"chaussures-shestovica","status":"publish","type":"product","link":"https:\/\/through-history.boostrestau.com\/?product=chaussures-shestovica","title":{"rendered":"Chaussures Shestovica"},"content":{"rendered":"<p>Through History vous propose les chaussures montantes type IV de Shestovica. D\u00e9couvertes lors des fouilles en 2005, dans le cimeti\u00e8re de Shestovica, \u00e0 Tchernigov en Ukraine.<\/p>\n<p>Ses chaussures sont embl\u00e9matiques de la mode Rus, et se caract\u00e9risent avec trois coutures d\u00e9coratives sur le talon.<\/p>\n","protected":false},"excerpt":{"rendered":"<p>X \u00e8me si\u00e8cle &#8211; Rus \/ Ukraine<\/p>\n<p>D\u00e9couvertes lors des fouilles en 2005, dans le cimeti\u00e8re de Shestovica, \u00e0 Tchernigov en Ukraine.<\/p>\n","protected":false},"featured_media":441,"template":"","meta":{"neve_meta_sidebar":"","neve_meta_container":"","neve_meta_enable_content_width":"off","neve_meta_content_width":100,"neve_meta_title_alignment":"","neve_meta_author_avatar":"","neve_post_elements_order":"","neve_meta_disable_header":"","neve_meta_disable_footer":"","neve_meta_disable_title":""},"product_brand":[],"product_cat":[190,198,15],"product_tag":[],"class_list":{"0":"post-437","1":"product","2":"type-product","3":"status-publish","4":"has-post-thumbnail","6":"product_cat-chaussures","7":"product_cat-rus","8":"product_cat-tous-nos-produits","9":"product_shipping_class-chaussure","11":"first","12":"onbackorder","13":"taxable","14":"shipping-taxable","15":"purchasable","16":"product-type-variable"},"_links":{"self":[{"href":"https:\/\/through-history.boostrestau.com\/index.php?rest_route=\/wp\/v2\/product\/437","targetHints":{"allow":["GET"]}}],"collection":[{"href":"https:\/\/through-history.boostrestau.com\/index.php?rest_route=\/wp\/v2\/product"}],"about":[{"href":"https:\/\/through-history.boostrestau.com\/index.php?rest_route=\/wp\/v2\/types\/product"}],"wp:featuredmedia":[{"embeddable":true,"href":"https:\/\/through-history.boostrestau.com\/index.php?rest_route=\/wp\/v2\/media\/441"}],"wp:attachment":[{"href":"https:\/\/through-history.boostrestau.com\/index.php?rest_route=%2Fwp%2Fv2%2Fmedia&parent=437"}],"wp:term":[{"taxonomy":"product_brand","embeddable":true,"href":"https:\/\/through-history.boostrestau.com\/index.php?rest_route=%2Fwp%2Fv2%2Fproduct_brand&post=437"},{"taxonomy":"product_cat","embeddable":true,"href":"https:\/\/through-history.boostrestau.com\/index.php?rest_route=%2Fwp%2Fv2%2Fproduct_cat&post=437"},{"taxonomy":"product_tag","embeddable":true,"href":"https:\/\/through-history.boostrestau.com\/index.php?rest_route=%2Fwp%2Fv2%2Fproduct_tag&post=437"}],"curies":[{"name":"wp","href":"https:\/\/api.w.org\/{rel}","templated":true}]}}