{"id":445,"date":"2023-08-22T14:22:01","date_gmt":"2023-08-22T12:22:01","guid":{"rendered":"http:\/\/through-history.com\/?post_type=product&#038;p=445"},"modified":"2024-04-19T20:28:10","modified_gmt":"2024-04-19T18:28:10","slug":"casque-gjermundbu","status":"publish","type":"product","link":"https:\/\/through-history.boostrestau.com\/?product=casque-gjermundbu","title":{"rendered":"Casque Gjermundbu"},"content":{"rendered":"<p>2mm d&#8217;\u00e9paisseur, pr\u00eat pour le combat m\u00e9di\u00e9val. Le casque est vendu avec sa maille compl\u00e8te et une grille de protection, pour une meilleure s\u00e9curit\u00e9.<\/p>\n<p>Nous vous proposons notre reproduction du c\u00e9l\u00e9bre casque de Gjermundbu. Certainement le casque le plus connu de la p\u00e9riode du haut moyen \u00e2ge.<\/p>\n<p>Ce casque d\u00e9couvert en 1943 \u00e0 la ferme de Gjermundbu est dat\u00e9 de l&#8217;an 970. Il \u00e0 \u00e9t\u00e9 longtemps expos\u00e9 en l&#8217;\u00e9tat et a depuis \u00e9t\u00e9 nettoy\u00e9 par Vegar Vig et livr\u00e9 ces nombreux secrets.<\/p>\n<p>Ainsi sur les pi\u00e8ces d\u00e9mont\u00e9s et nettoy\u00e9s on distingue ces particularit\u00e9s :<br \/>\nsa lunette incrust\u00e9e, dont l&#8217;oxydation des filigranes a laiss\u00e9 place \u00e0 des creux. Le rivet du sommet en forme de pique. Et les diverses parties et coques du casque qui forme une sorte de spanglheim tres sp\u00e9cifique. Originellement les trous pr\u00e9sents sur les c\u00f4t\u00e9s devais accueillir une nuqui\u00e8re de maille et\/ou un rembourrage. La lunette non perc\u00e9 sugg\u00e8re que la protection s&#8217;arr\u00eatait sur la face et laissait le visage libre.<\/p>\n","protected":false},"excerpt":{"rendered":"<p>X\/XI \u00e8me si\u00e8cle &#8211; Norv\u00e8ge<\/p>\n<p>Devenez Norv\u00e8gien et voyagez au travers de l&#8217;histoire. Du premier pillage viking de Lindisfarm, \u00e0 la chute d&#8217;Harald \u00e0 la dent bleu en passant par le si\u00e8ge de Paris&#8230;. Les guerriers norv\u00e9giens ne manquent pas d&#8217;aventures et de d\u00e9fis.<\/p>\n<p>Ce produit est en pr\u00e9commande. Le d\u00e9lai de livraison sera de 6 mois environ. Le casque est vendu avec sa maille compl\u00e8te et une grille de protection, pour une meilleure s\u00e9curit\u00e9.<\/p>\n","protected":false},"featured_media":449,"template":"","meta":{"neve_meta_sidebar":"","neve_meta_container":"","neve_meta_enable_content_width":"off","neve_meta_content_width":100,"neve_meta_title_alignment":"","neve_meta_author_avatar":"","neve_post_elements_order":"","neve_meta_disable_header":"","neve_meta_disable_footer":"","neve_meta_disable_title":""},"product_brand":[],"product_cat":[192,15],"product_tag":[],"class_list":{"0":"post-445","1":"product","2":"type-product","3":"status-publish","4":"has-post-thumbnail","6":"product_cat-casques-viking","7":"product_cat-tous-nos-produits","8":"product_shipping_class-casques","10":"first","11":"instock","12":"taxable","13":"shipping-taxable","14":"purchasable","15":"product-type-variable"},"_links":{"self":[{"href":"https:\/\/through-history.boostrestau.com\/index.php?rest_route=\/wp\/v2\/product\/445","targetHints":{"allow":["GET"]}}],"collection":[{"href":"https:\/\/through-history.boostrestau.com\/index.php?rest_route=\/wp\/v2\/product"}],"about":[{"href":"https:\/\/through-history.boostrestau.com\/index.php?rest_route=\/wp\/v2\/types\/product"}],"wp:featuredmedia":[{"embeddable":true,"href":"https:\/\/through-history.boostrestau.com\/index.php?rest_route=\/wp\/v2\/media\/449"}],"wp:attachment":[{"href":"https:\/\/through-history.boostrestau.com\/index.php?rest_route=%2Fwp%2Fv2%2Fmedia&parent=445"}],"wp:term":[{"taxonomy":"product_brand","embeddable":true,"href":"https:\/\/through-history.boostrestau.com\/index.php?rest_route=%2Fwp%2Fv2%2Fproduct_brand&post=445"},{"taxonomy":"product_cat","embeddable":true,"href":"https:\/\/through-history.boostrestau.com\/index.php?rest_route=%2Fwp%2Fv2%2Fproduct_cat&post=445"},{"taxonomy":"product_tag","embeddable":true,"href":"https:\/\/through-history.boostrestau.com\/index.php?rest_route=%2Fwp%2Fv2%2Fproduct_tag&post=445"}],"curies":[{"name":"wp","href":"https:\/\/api.w.org\/{rel}","templated":true}]}}