{"id":446,"date":"2023-08-22T14:19:51","date_gmt":"2023-08-22T12:19:51","guid":{"rendered":"http:\/\/through-history.com\/?post_type=product&#038;p=446"},"modified":"2024-11-12T08:26:48","modified_gmt":"2024-11-12T07:26:48","slug":"casque-nasal-monobloc","status":"publish","type":"product","link":"https:\/\/through-history.boostrestau.com\/?product=casque-nasal-monobloc","title":{"rendered":"Casque Nasal monobloc"},"content":{"rendered":"<p>Le casque \u00e0 nasal dit monobloc est certainement le casque le plus embl\u00e9matique du moyen \u00e2ge.<br \/>\nCe casque semble \u00eatre apparut en Europe Centrale au d\u00e9but du XI si\u00e8cle, avant de se rependre tr\u00e8s largement dans toute l&#8217;Europe et au del\u00e0, devenant le plus populaire jusqu&#8217;\u00e0 la fin du XIII \u00e8me si\u00e8cle. Il en existe divers variantes, avec et sans nasal, et dans la forme monobloc puis segment\u00e9, phrygien ou encore bomb\u00e9.<\/p>\n<p>Les premi\u00e8res sources arch\u00e9ologique de ce type de casque apparaissent autour du d\u00e9but du XI \u00e8me si\u00e8cle, dans les Royaumes de Pologne, nouvellement fond\u00e9 par la Dynastie de Piast, de Grande Moravie, et des marges de l&#8217;empire franc Ottonien ( Autriche, R\u00e9publique Tch\u00e8que)<\/p>\n<p>A la fin du X \u00e8me si\u00e8cle, et du r\u00e8gne de Mieszko unificateur de la Pologne, le jeune royaume en pleine expansion entre en conflit avec l&#8217;empire expansionniste Ottonien puis plus tard avec le Rus de Kiev. Dans cette p\u00e9riode pleine de conflits, les alliances et les conqu\u00eates passent de mains en mains.<\/p>\n<p>Nous avons deux th\u00e9orie sur l&#8217;apparition de ce casque :<\/p>\n<p>La premi\u00e8re est que ce casque provient de l&#8217;Europe occidentale.<br \/>\nIl est une \u00e9volution de l&#8217;h\u00e9ritage militaire de l&#8217;empire romain.<br \/>\nLes francs ayant conserv\u00e9s de nombreuses choses comme les scalaires, et la mani\u00e8re de mont\u00e9 et rivet\u00e9 les casques.<br \/>\nLe bandlheim, tr\u00e8s rependue dans l&#8217;empire franc, \u00e9tant une version simplifi\u00e9 du casque romain \u00e0 cr\u00eate.<br \/>\nLe Bojn\u00e0, un bandlheim avec le nasal rapport\u00e9 et une cr\u00eate, rappel \u00e9trangement les casques tardive romain, et pouvant \u00eatre un retour \u00e0 des versions plus \u00e9labor\u00e9.<\/p>\n<p>Le nasal devenant inclus dans le casque, et celui ci en une seule pi\u00e8ce de taule pouvant \u00eatre l&#8217;\u00e9volution de cette grande tradition militaire, permis par une meilleur ma\u00eetrise de la forge.<\/p>\n<p>Notre seconde hypoth\u00e8se et que ce casque est d&#8217;origine orientale.<br \/>\nLes casques stepique ayant r\u00e9guli\u00e8rement des nasal rivet\u00e9 \u00e9galement.<br \/>\nLes casque \u00e0 cr\u00eate romain s&#8217;inspirant d&#8217;ailleurs des casques du peuple oriental que sont les Scythes.<br \/>\nPar exemple on peu citer les casques de Nemia et de Wenceslas, tout deux en une seule coque et qui semblent originaires des Rus ou des scandinave du Gotland.<\/p>\n<p>Quoi qu&#8217;il en soit, qu&#8217;il tire son origine de la mode militaire de l&#8217;ouest ou de l&#8217;est, le monobloc est apparut en Europe central, et ces premi\u00e8res traces remonte aux conflit entre l&#8217;empire Ottonien et la jeune Pologne. Il s&#8217;est ensuite rapidement rependu dans toute l&#8217;Europe des le milieu du XI eme si\u00e8cle. De hasting aux croisades, il est devenu l&#8217;embl\u00e8me de la chevalerie.<br \/>\nSa simplicit\u00e9 et son efficacit\u00e9 ne sont plus \u00e0 prouver. Des version cannel\u00e9es, phrygiennes, puis \u00e0 d\u00f4me rond, vont faire leurs apparitions, et ce casque sera utilis\u00e9 jusqu&#8217;\u00e0 la fin du XIII \u00e8me si\u00e8cle dans toute l&#8217;Europe.<\/p>\n<p>Si il semble apparut trop tard, et trop loin pour que les Vikings se l&#8217;attribuent, il est retrouv\u00e9e des le milieu du 12 \u00e8me si\u00e8cle des traces de nasal dans la jeune scandinavie F\u00e9odale, notamment en face de l&#8217;ancien site de Birka, sur les rives du lac Mal\u00e4r. Le British mus\u00e9um ayant expos\u00e9 le casque de Lednica avec les trouvailles d&#8217;un charnier viking, certains pensent \u00e0 tord que ce casque \u00e9tait rependue en Angleterre et chez les danois avant le milieu le XI eme si\u00e8cle.<\/p>\n","protected":false},"excerpt":{"rendered":"<p>XI \/ XIII \u00e8me si\u00e8cle &#8211; Europe Centrale \/ Europe<\/p>\n<p>Les premi\u00e8res sources arch\u00e9ologique de ce type de casque apparaissent autour du d\u00e9but du XI eme si\u00e8cle, dans les Royaumes de Pologne, nouvellement fond\u00e9 par la Dynastie de Piast, de Grande Moravie, et des marges de l&#8217;empire franc Ottonien ( Autriche, R\u00e9publique Tch\u00e8que). Rejoignez les troupes slaves de la jeune Pologne, celle du redoutables empire Franc&#8230; Et participer \u00e0 la cr\u00e9ation de la F\u00e9odalit\u00e9 !<\/p>\n<p>Ce produit est en pr\u00e9commande. Le d\u00e9lai de livraison sera de 6 mois environ. Ce casque est vendue avec sa grille de protection, afin de garantir votre s\u00e9curit\u00e9.<\/p>\n","protected":false},"featured_media":447,"template":"","meta":{"neve_meta_sidebar":"","neve_meta_container":"","neve_meta_enable_content_width":"off","neve_meta_content_width":100,"neve_meta_title_alignment":"","neve_meta_author_avatar":"","neve_post_elements_order":"","neve_meta_disable_header":"","neve_meta_disable_footer":"","neve_meta_disable_title":""},"product_brand":[],"product_cat":[192,15],"product_tag":[],"class_list":{"0":"post-446","1":"product","2":"type-product","3":"status-publish","4":"has-post-thumbnail","6":"product_cat-casques-viking","7":"product_cat-tous-nos-produits","8":"product_shipping_class-casques","10":"first","11":"onbackorder","12":"taxable","13":"shipping-taxable","14":"purchasable","15":"product-type-variable"},"_links":{"self":[{"href":"https:\/\/through-history.boostrestau.com\/index.php?rest_route=\/wp\/v2\/product\/446","targetHints":{"allow":["GET"]}}],"collection":[{"href":"https:\/\/through-history.boostrestau.com\/index.php?rest_route=\/wp\/v2\/product"}],"about":[{"href":"https:\/\/through-history.boostrestau.com\/index.php?rest_route=\/wp\/v2\/types\/product"}],"wp:featuredmedia":[{"embeddable":true,"href":"https:\/\/through-history.boostrestau.com\/index.php?rest_route=\/wp\/v2\/media\/447"}],"wp:attachment":[{"href":"https:\/\/through-history.boostrestau.com\/index.php?rest_route=%2Fwp%2Fv2%2Fmedia&parent=446"}],"wp:term":[{"taxonomy":"product_brand","embeddable":true,"href":"https:\/\/through-history.boostrestau.com\/index.php?rest_route=%2Fwp%2Fv2%2Fproduct_brand&post=446"},{"taxonomy":"product_cat","embeddable":true,"href":"https:\/\/through-history.boostrestau.com\/index.php?rest_route=%2Fwp%2Fv2%2Fproduct_cat&post=446"},{"taxonomy":"product_tag","embeddable":true,"href":"https:\/\/through-history.boostrestau.com\/index.php?rest_route=%2Fwp%2Fv2%2Fproduct_tag&post=446"}],"curies":[{"name":"wp","href":"https:\/\/api.w.org\/{rel}","templated":true}]}}