{"id":46,"date":"2023-04-21T15:26:20","date_gmt":"2023-04-21T13:26:20","guid":{"rendered":"https:\/\/through-history.com\/index.php\/produit\/birka-great-hall-helmet-2\/"},"modified":"2024-06-19T09:04:27","modified_gmt":"2024-06-19T07:04:27","slug":"birka-great-hall-helmet-2","status":"publish","type":"product","link":"https:\/\/through-history.boostrestau.com\/?product=birka-great-hall-helmet-2","title":{"rendered":"Casque de Birka Great Hall 2"},"content":{"rendered":"<p>Au moins deux fragments provenant de casques ont \u00e9t\u00e9s identifi\u00e9s \u00e9parpill\u00e9s dans les vestiges du grand Hall, parmi de nombreuse artefacts provenant d&#8217;armures, dont des \u00e9cailles de lamellaires type A, type F&#8230;<\/p>\n<p>Ce petit fragment proviens du bandeau entourant le d\u00f4me et auquel \u00e9tait fix\u00e9 l&#8217;avantail de maille. Sa forme nous renvoie sans \u00e9quivoque \u00e0 un autre casque, retrouv\u00e9 il y a seulement quelques ann\u00e9es \u00e0 Triczina, dat\u00e9 de la m\u00eame p\u00e9riode et qui \u00e9tait alors une r\u00e9gion du Nord de l&#8217;empire Byzantin. Si le fragment de Birka est dor\u00e9, \u00e0 l&#8217;inverse du casque de Triczina, il est toutefois de m\u00eame dimension, et poss\u00e8de le m\u00eame syst\u00e8me de fixation de maille et les m\u00eames relief.<\/p>\n<p>Le casques de Triczina poss\u00e8de une ornementation frontale en forme de T, dont les proportions d\u00e9notent avec le reste du casque et qui comme le casque de St Wenceslas aurait pu \u00eatre un ajout plus tardif.<\/p>\n<p>Nous avons reproduit le bandeau dor\u00e9 d&#8217;apr\u00e8s le second fragment de Birka, puis l&#8217;avons plac\u00e9 sur le d\u00f4me du Triczina. Compl\u00e9tant \u00e0 cette occasion l&#8217;interpr\u00e9tation du premier fragment par un second casque \u00e9galement originaires de la partie orientale de l&#8217;Europe.<\/p>\n<p>Les deux casques de Birka, les lamellaires, ou encore d&#8217;autres art\u00e9facts nous permettent de mettre en valeur la relation forte entre le comptoir Su\u00e8dois, la Rus de Kiev et le puissant empire Byzantin. En \u00e9clairant sur un autre jour l&#8217;h\u00e9ritage des relations militaire sur cette route commerciale et appuyant les textes qui relatent l&#8217;importance des combattants et aristocrates Su\u00e9dois dans les rangs des arm\u00e9es Kievien et Byzantine.<\/p>\n","protected":false},"excerpt":{"rendered":"<p>Birka \/ Su\u00e8de &#8211; X \u00e8me si\u00e8cle<\/p>\n<p>Ce casque est une interpr\u00e9tation de fragments retrouv\u00e9 dans les vestiges du grand Hall, \u00e0 Birka.<\/p>\n<p>Ce produit est en pr\u00e9commande. Le d\u00e9lai de livraison sera de 6 mois environ.<\/p>\n","protected":false},"featured_media":1050,"template":"","meta":{"neve_meta_sidebar":"","neve_meta_container":"","neve_meta_enable_content_width":"off","neve_meta_content_width":100,"neve_meta_title_alignment":"","neve_meta_author_avatar":"","neve_post_elements_order":"","neve_meta_disable_header":"","neve_meta_disable_footer":"","neve_meta_disable_title":""},"product_brand":[],"product_cat":[192,15],"product_tag":[114,25,51,115,41,16],"class_list":{"0":"post-46","1":"product","2":"type-product","3":"status-publish","4":"has-post-thumbnail","6":"product_cat-casques-viking","7":"product_cat-tous-nos-produits","8":"product_tag-birka","9":"product_tag-casque","10":"product_tag-fight","11":"product_tag-helme","12":"product_tag-suede","13":"product_tag-viking","15":"first","16":"onbackorder","17":"sold-individually","18":"taxable","19":"shipping-taxable","20":"purchasable","21":"product-type-variable"},"_links":{"self":[{"href":"https:\/\/through-history.boostrestau.com\/index.php?rest_route=\/wp\/v2\/product\/46","targetHints":{"allow":["GET"]}}],"collection":[{"href":"https:\/\/through-history.boostrestau.com\/index.php?rest_route=\/wp\/v2\/product"}],"about":[{"href":"https:\/\/through-history.boostrestau.com\/index.php?rest_route=\/wp\/v2\/types\/product"}],"wp:featuredmedia":[{"embeddable":true,"href":"https:\/\/through-history.boostrestau.com\/index.php?rest_route=\/wp\/v2\/media\/1050"}],"wp:attachment":[{"href":"https:\/\/through-history.boostrestau.com\/index.php?rest_route=%2Fwp%2Fv2%2Fmedia&parent=46"}],"wp:term":[{"taxonomy":"product_brand","embeddable":true,"href":"https:\/\/through-history.boostrestau.com\/index.php?rest_route=%2Fwp%2Fv2%2Fproduct_brand&post=46"},{"taxonomy":"product_cat","embeddable":true,"href":"https:\/\/through-history.boostrestau.com\/index.php?rest_route=%2Fwp%2Fv2%2Fproduct_cat&post=46"},{"taxonomy":"product_tag","embeddable":true,"href":"https:\/\/through-history.boostrestau.com\/index.php?rest_route=%2Fwp%2Fv2%2Fproduct_tag&post=46"}],"curies":[{"name":"wp","href":"https:\/\/api.w.org\/{rel}","templated":true}]}}