{"id":50,"date":"2023-04-21T15:26:21","date_gmt":"2023-04-21T13:26:21","guid":{"rendered":"https:\/\/through-history.com\/index.php\/produit\/auvent-pour-camp-en-exterieur\/"},"modified":"2024-06-24T08:17:48","modified_gmt":"2024-06-24T06:17:48","slug":"broche-bally-spellan","status":"publish","type":"product","link":"https:\/\/through-history.boostrestau.com\/?product=broche-bally-spellan","title":{"rendered":"Broche Bally Spellan en Bronze"},"content":{"rendered":"<p id=\"tw-target-text\" class=\"tw-data-text tw-text-large tw-ta\" dir=\"ltr\" data-placeholder=\"Traduction\" aria-label=\"Texte traduit\" data-ved=\"2ahUKEwjH5JfIoeyGAxXGV6QEHUxUCjUQ3ewLegQIBRAT\"><span class=\"Y2IQFc\" lang=\"fr\">Cette magnifique broche en forme d&#8217;anneau viking est une r\u00e9plique d\u00e9taill\u00e9e de la broche Ballyspellan originale, trouv\u00e9e dans le comt\u00e9 de Kilkenny, qui date de l&#8217;\u00e8re viking du 9\u00e8me si\u00e8cle. Une telle broche \u00e9tait \u00e9galement appel\u00e9e broche en anneau, broche en fer \u00e0 cheval ou broche om\u00e9ga et \u00e9tait utilis\u00e9e pour fermer le manteau \u00e0 l&#8217;\u00e9poque viking. Les deux t\u00eates de dragon sculpt\u00e9es et l&#8217;ornementation animale expressive sont particuli\u00e8rement remarquables, qui, avec les petites bosses attach\u00e9es, conf\u00e8rent \u00e0 la broche de Ballyspellan un caract\u00e8re particuli\u00e8rement expressif.<\/span><\/p>\n<p>La broche originale Ballyspellan a \u00e9t\u00e9 trouv\u00e9e dans le comt\u00e9 de Kilkenny, en Irlande et \u00e9tait enti\u00e8rement en argent et mesurait 25 cm de long. La broche Balypellan est attribu\u00e9e \u00e0 la p\u00e9riode Viking vers 900 apr\u00e8s JC et combine des \u00e9l\u00e9ments celtiques et scandinaves.<\/p>\n<p>Au dos de la broche en anneau se trouve une gravure de quatre noms en \u00e9criture celtique Ogham qui auraient \u00e9t\u00e9 autrefois les propri\u00e9taires de la broche Ballyspellan. La broche anneau, \u00e9galement connue sous le nom de broche en fer \u00e0 cheval, \u00e9galement connue sous le nom de broche Omega, est une broche de v\u00eatement vieille de plus de mille ans et qui a des utilisations pratiques.<\/p>\n<p>La broche en anneau \u00e9tait particuli\u00e8rement pr\u00e9sente \u00e0 l&#8217;\u00e9poque viking entre 790 et 1060 et \u00e9tait utilis\u00e9e pour fermer rapidement les robes et les manteaux. L&#8217;aiguille de la broche anneau est ins\u00e9r\u00e9e \u00e0 travers le tissu de la cape sur l&#8217;\u00e9paule droite et fix\u00e9e avec la partie ronde afin que la broche ne puisse plus se d\u00e9tacher.<\/p>\n","protected":false},"excerpt":{"rendered":"<p>Irlande \/ Celtes<\/p>\n<p>IX\u00e8me si\u00e8cle<\/p>\n<p>Fibule Ballyspellan, r\u00e9plique de la d\u00e9couverte du comt\u00e9 irlandais de Kilkenny. L&#8217;original est en argent et mesure 25 cm. Celui-ci, cependant, est en bronze et a \u00e9t\u00e9 r\u00e9duit en taille pour le rendre plus pratique et abordable. Longtemps expos\u00e9e au British Museum, la fibule est maintenant entrepos\u00e9 \u00e0 l&#8217;abri des regards.<\/p>\n<p>Dimensions : 7 x 6 cm. Mesures de l&#8217;aiguille : 11,5 cm.<\/p>\n","protected":false},"featured_media":1091,"template":"","meta":{"neve_meta_sidebar":"","neve_meta_container":"","neve_meta_enable_content_width":"off","neve_meta_content_width":100,"neve_meta_title_alignment":"","neve_meta_author_avatar":"","neve_post_elements_order":"","neve_meta_disable_header":"","neve_meta_disable_footer":"","neve_meta_disable_title":""},"product_brand":[],"product_cat":[191,435,15],"product_tag":[445,441,442,443,444,446],"class_list":{"0":"post-50","1":"product","2":"type-product","3":"status-publish","4":"has-post-thumbnail","6":"product_cat-accessoires","7":"product_cat-bijoux","8":"product_cat-tous-nos-produits","9":"product_tag-bally","10":"product_tag-bijoux-en-bronze","11":"product_tag-broche","12":"product_tag-celtes","13":"product_tag-irlande","14":"product_tag-spellan","16":"first","17":"instock","18":"taxable","19":"shipping-taxable","20":"purchasable","21":"product-type-simple"},"_links":{"self":[{"href":"https:\/\/through-history.boostrestau.com\/index.php?rest_route=\/wp\/v2\/product\/50","targetHints":{"allow":["GET"]}}],"collection":[{"href":"https:\/\/through-history.boostrestau.com\/index.php?rest_route=\/wp\/v2\/product"}],"about":[{"href":"https:\/\/through-history.boostrestau.com\/index.php?rest_route=\/wp\/v2\/types\/product"}],"wp:featuredmedia":[{"embeddable":true,"href":"https:\/\/through-history.boostrestau.com\/index.php?rest_route=\/wp\/v2\/media\/1091"}],"wp:attachment":[{"href":"https:\/\/through-history.boostrestau.com\/index.php?rest_route=%2Fwp%2Fv2%2Fmedia&parent=50"}],"wp:term":[{"taxonomy":"product_brand","embeddable":true,"href":"https:\/\/through-history.boostrestau.com\/index.php?rest_route=%2Fwp%2Fv2%2Fproduct_brand&post=50"},{"taxonomy":"product_cat","embeddable":true,"href":"https:\/\/through-history.boostrestau.com\/index.php?rest_route=%2Fwp%2Fv2%2Fproduct_cat&post=50"},{"taxonomy":"product_tag","embeddable":true,"href":"https:\/\/through-history.boostrestau.com\/index.php?rest_route=%2Fwp%2Fv2%2Fproduct_tag&post=50"}],"curies":[{"name":"wp","href":"https:\/\/api.w.org\/{rel}","templated":true}]}}