{"id":54,"date":"2023-04-21T15:26:24","date_gmt":"2023-04-21T13:26:24","guid":{"rendered":"https:\/\/through-history.com\/index.php\/produit\/tunique-de-combat-franc\/"},"modified":"2024-03-28T13:31:35","modified_gmt":"2024-03-28T12:31:35","slug":"tunique-de-combat-franc","status":"publish","type":"product","link":"https:\/\/through-history.boostrestau.com\/?product=tunique-de-combat-franc","title":{"rendered":"Tunique de combat &#8211; Franc"},"content":{"rendered":"<p>tunique inspir\u00e9 d&#8217;une iconographie de Stuttgart.<\/p>\n<p>Tunique de combat de laine, rembourr\u00e9e, et couche inter rieur en lin. Couleur et taille sur mesure.<\/p>\n<p>Pratiquer le combat en tout confort avec un visuel historique. Un col a \u00e9t\u00e9 ajout\u00e9 sur la tunique, rembourr\u00e9, il prot\u00e8ge efficacement la zone des chocs mais aussi du frottement des armures et des sangles des baudriers.<\/p>\n","protected":false},"excerpt":{"rendered":"<p>Carolingien \/ Ottonien<\/p>\n<p>VIII \/ XI\u00e8me si\u00e8cle<\/p>\n<p>Tunique de combat de laine, rembourr\u00e9e, et couche interieur en lin. Couleur et taille sur mesure.<\/p>\n<p>Pratiquer le combat en tout confort avec un visuel historique. Un col a \u00e9t\u00e9 ajout\u00e9 sur la tunique, rembourr\u00e9, il prot\u00e8ge efficacement la zone des chocs mais aussi du frottement des armures et des sangles des baudriers.<\/p>\n","protected":false},"featured_media":57,"template":"","meta":{"neve_meta_sidebar":"","neve_meta_container":"","neve_meta_enable_content_width":"off","neve_meta_content_width":100,"neve_meta_title_alignment":"","neve_meta_author_avatar":"","neve_post_elements_order":"","neve_meta_disable_header":"","neve_meta_disable_footer":"","neve_meta_disable_title":""},"product_brand":[],"product_cat":[199,15,194],"product_tag":[141,116,143,142,118],"class_list":{"0":"post-54","1":"product","2":"type-product","3":"status-publish","4":"has-post-thumbnail","6":"product_cat-franc-tuniques-de-combat","7":"product_cat-tous-nos-produits","8":"product_cat-tuniques-de-combat","9":"product_tag-battle_tunic","10":"product_tag-tunique_de_combat","11":"product_tag-tunique_en_laine","12":"product_tag-tunique_franc","13":"product_tag-tunique_viking","15":"first","16":"instock","17":"taxable","18":"shipping-taxable","19":"purchasable","20":"product-type-variable"},"_links":{"self":[{"href":"https:\/\/through-history.boostrestau.com\/index.php?rest_route=\/wp\/v2\/product\/54","targetHints":{"allow":["GET"]}}],"collection":[{"href":"https:\/\/through-history.boostrestau.com\/index.php?rest_route=\/wp\/v2\/product"}],"about":[{"href":"https:\/\/through-history.boostrestau.com\/index.php?rest_route=\/wp\/v2\/types\/product"}],"wp:featuredmedia":[{"embeddable":true,"href":"https:\/\/through-history.boostrestau.com\/index.php?rest_route=\/wp\/v2\/media\/57"}],"wp:attachment":[{"href":"https:\/\/through-history.boostrestau.com\/index.php?rest_route=%2Fwp%2Fv2%2Fmedia&parent=54"}],"wp:term":[{"taxonomy":"product_brand","embeddable":true,"href":"https:\/\/through-history.boostrestau.com\/index.php?rest_route=%2Fwp%2Fv2%2Fproduct_brand&post=54"},{"taxonomy":"product_cat","embeddable":true,"href":"https:\/\/through-history.boostrestau.com\/index.php?rest_route=%2Fwp%2Fv2%2Fproduct_cat&post=54"},{"taxonomy":"product_tag","embeddable":true,"href":"https:\/\/through-history.boostrestau.com\/index.php?rest_route=%2Fwp%2Fv2%2Fproduct_tag&post=54"}],"curies":[{"name":"wp","href":"https:\/\/api.w.org\/{rel}","templated":true}]}}