{"id":590,"date":"2024-03-05T21:40:16","date_gmt":"2024-03-05T20:40:16","guid":{"rendered":"https:\/\/through-history.com\/?post_type=product&#038;p=590"},"modified":"2024-09-30T09:45:16","modified_gmt":"2024-09-30T07:45:16","slug":"bandes-molletieres-100-laine","status":"publish","type":"product","link":"https:\/\/through-history.boostrestau.com\/?product=bandes-molletieres-100-laine","title":{"rendered":"Bandes molleti\u00e8res &#8211; 100% laine"},"content":{"rendered":"<p>La bande molleti\u00e8re est un accessoire indispensable pour les passionn\u00e9s de reconstitution historique. Il s&#8217;agit d&#8217;un ruban de laine qui entoure le mollet, de la cheville au genou, et qui prot\u00e8ge la jambe tout en lui donnant un aspect authentique. La bande molleti\u00e8re \u00e9tait port\u00e9e par les soldats de l&#8217;Empire romain, de la Premi\u00e8re Guerre mondiale et d&#8217;autres \u00e9poques. Elle permettait d&#8217;\u00e9viter l&#8217;entr\u00e9e de la terre ou de la boue dans les chaussures, sans aggraver la p\u00e9nurie de cuir. Elle avait aussi un effet de contention qui soulageait les jambes fatigu\u00e9es.<\/p>\n","protected":false},"excerpt":{"rendered":"<p>X\/XI \u00e8me si\u00e8cle<\/p>\n<p>3m x 11cm \/ 100 % laine<\/p>\n<p>La bande molleti\u00e8re est le produit id\u00e9al pour compl\u00e9ter votre \u00e9quipement de reconstitution historique. Elle vous apportera confort, \u00e9l\u00e9gance et fid\u00e9lit\u00e9 historique.<\/p>\n<p>Disponible en plusieurs couleurs.<\/p>\n","protected":false},"featured_media":558,"template":"","meta":{"neve_meta_sidebar":"","neve_meta_container":"","neve_meta_enable_content_width":"off","neve_meta_content_width":100,"neve_meta_title_alignment":"","neve_meta_author_avatar":"","neve_post_elements_order":"","neve_meta_disable_header":"","neve_meta_disable_footer":"","neve_meta_disable_title":""},"product_brand":[],"product_cat":[191,437,15,436],"product_tag":[],"class_list":{"0":"post-590","1":"product","2":"type-product","3":"status-publish","4":"has-post-thumbnail","6":"product_cat-accessoires","7":"product_cat-autre","8":"product_cat-tous-nos-produits","9":"product_cat-vetements","11":"first","12":"instock","13":"taxable","14":"shipping-taxable","15":"purchasable","16":"product-type-variable"},"_links":{"self":[{"href":"https:\/\/through-history.boostrestau.com\/index.php?rest_route=\/wp\/v2\/product\/590","targetHints":{"allow":["GET"]}}],"collection":[{"href":"https:\/\/through-history.boostrestau.com\/index.php?rest_route=\/wp\/v2\/product"}],"about":[{"href":"https:\/\/through-history.boostrestau.com\/index.php?rest_route=\/wp\/v2\/types\/product"}],"wp:featuredmedia":[{"embeddable":true,"href":"https:\/\/through-history.boostrestau.com\/index.php?rest_route=\/wp\/v2\/media\/558"}],"wp:attachment":[{"href":"https:\/\/through-history.boostrestau.com\/index.php?rest_route=%2Fwp%2Fv2%2Fmedia&parent=590"}],"wp:term":[{"taxonomy":"product_brand","embeddable":true,"href":"https:\/\/through-history.boostrestau.com\/index.php?rest_route=%2Fwp%2Fv2%2Fproduct_brand&post=590"},{"taxonomy":"product_cat","embeddable":true,"href":"https:\/\/through-history.boostrestau.com\/index.php?rest_route=%2Fwp%2Fv2%2Fproduct_cat&post=590"},{"taxonomy":"product_tag","embeddable":true,"href":"https:\/\/through-history.boostrestau.com\/index.php?rest_route=%2Fwp%2Fv2%2Fproduct_tag&post=590"}],"curies":[{"name":"wp","href":"https:\/\/api.w.org\/{rel}","templated":true}]}}