{"id":663,"date":"2024-03-08T21:48:33","date_gmt":"2024-03-08T20:48:33","guid":{"rendered":"https:\/\/through-history.com\/?post_type=product&#038;p=663"},"modified":"2024-06-19T11:12:23","modified_gmt":"2024-06-19T09:12:23","slug":"collier-gnezdovo-en-laiton","status":"publish","type":"product","link":"https:\/\/through-history.boostrestau.com\/?product=collier-gnezdovo-en-laiton","title":{"rendered":"Collier Gnezdovo en Laiton"},"content":{"rendered":"<p>Gnezdovo \u00e9tait un point strat\u00e9gique du commerce entre Byzance et la Su\u00e8de, notamment le Gotland ou encore Birka. Ce comptoir commercial est multiculturel et s&#8217;inspire des vikings, mais aussi des coutumes locales, ainsi que la chr\u00e9tient\u00e9 Byzantine.<\/p>\n<p>Portez ce collier avec fiert\u00e9 lors de vos rassemblements vikings, de vos festivals historiques ou simplement comme un rappel quotidien de la puissance et de la bravoure des anciens guerriers nordiques. Avec son allure majestueuse et son histoire riche, ce collier en laiton est bien plus qu&#8217;un simple accessoire de mode &#8211; c&#8217;est un lien tangible avec le pass\u00e9 fascinant des Vikings de Gnezdovo.<\/p>\n","protected":false},"excerpt":{"rendered":"<p>Rus \/ Gnezdovo<br \/>\nX \/ XI\u00e8me si\u00e8cle<\/p>\n<p>Transportez-vous dans l&#8217;\u00e8re des Vikings avec notre collier en laiton, une r\u00e9plique fid\u00e8le d&#8217;un bijou d\u00e9couvert \u00e0 Gnezdovo, un site historique riche en tr\u00e9sors de l&#8217;\u00e9poque viking. Inspir\u00e9 par l&#8217;art et la culture de cette p\u00e9riode l\u00e9gendaire, ce collier incarne la force, la bravoure et la splendeur des guerriers nordiques.<\/p>\n","protected":false},"featured_media":664,"template":"","meta":{"neve_meta_sidebar":"","neve_meta_container":"","neve_meta_enable_content_width":"off","neve_meta_content_width":100,"neve_meta_title_alignment":"","neve_meta_author_avatar":"","neve_post_elements_order":"","neve_meta_disable_header":"","neve_meta_disable_footer":"","neve_meta_disable_title":""},"product_brand":[],"product_cat":[191,435,15],"product_tag":[208,207,209,29],"class_list":{"0":"post-663","1":"product","2":"type-product","3":"status-publish","4":"has-post-thumbnail","6":"product_cat-accessoires","7":"product_cat-bijoux","8":"product_cat-tous-nos-produits","9":"product_tag-collier","10":"product_tag-gnerdovo","11":"product_tag-pendentif","12":"product_tag-rus","14":"first","15":"instock","16":"taxable","17":"shipping-taxable","18":"purchasable","19":"product-type-simple"},"_links":{"self":[{"href":"https:\/\/through-history.boostrestau.com\/index.php?rest_route=\/wp\/v2\/product\/663","targetHints":{"allow":["GET"]}}],"collection":[{"href":"https:\/\/through-history.boostrestau.com\/index.php?rest_route=\/wp\/v2\/product"}],"about":[{"href":"https:\/\/through-history.boostrestau.com\/index.php?rest_route=\/wp\/v2\/types\/product"}],"wp:featuredmedia":[{"embeddable":true,"href":"https:\/\/through-history.boostrestau.com\/index.php?rest_route=\/wp\/v2\/media\/664"}],"wp:attachment":[{"href":"https:\/\/through-history.boostrestau.com\/index.php?rest_route=%2Fwp%2Fv2%2Fmedia&parent=663"}],"wp:term":[{"taxonomy":"product_brand","embeddable":true,"href":"https:\/\/through-history.boostrestau.com\/index.php?rest_route=%2Fwp%2Fv2%2Fproduct_brand&post=663"},{"taxonomy":"product_cat","embeddable":true,"href":"https:\/\/through-history.boostrestau.com\/index.php?rest_route=%2Fwp%2Fv2%2Fproduct_cat&post=663"},{"taxonomy":"product_tag","embeddable":true,"href":"https:\/\/through-history.boostrestau.com\/index.php?rest_route=%2Fwp%2Fv2%2Fproduct_tag&post=663"}],"curies":[{"name":"wp","href":"https:\/\/api.w.org\/{rel}","templated":true}]}}