{"id":761,"date":"2024-03-13T08:22:15","date_gmt":"2024-03-13T07:22:15","guid":{"rendered":"https:\/\/through-history.com\/?post_type=product&#038;p=761"},"modified":"2024-09-05T23:24:32","modified_gmt":"2024-09-05T21:24:32","slug":"croix-viking-en-bronze-gotland","status":"publish","type":"product","link":"https:\/\/through-history.boostrestau.com\/?product=croix-viking-en-bronze-gotland","title":{"rendered":"Croix viking en bronze &#8211; Gotland"},"content":{"rendered":"<p>Des crucifix similaires repr\u00e9sentant J\u00e9sus sont tr\u00e8s courants dans les d\u00e9couvertes de la fin de l&#8217;\u00e8re viking et \u00e9taient particuli\u00e8rement port\u00e9s par les scandinaves pour se distinguer des pa\u00efens. Le but \u00e9tait principalement de faire prosp\u00e9rer le commerce avec les r\u00e9gions chr\u00e9tiennes, mais aussi de conserver une paix durable avec ses voisins, mieux arm\u00e9s et plus nombreux.<\/p>\n<p>L&#8217;influence Byzantine n&#8217;y est pas pour rien, car elle reste la ville la plus riche de cette \u00e8re. Il fallait montrer patte blanche pour esp\u00e9rer y attirer les bonnes gr\u00e2ces des marchants ou des nobles. Ce genre de bijoux est beaucoup retrouv\u00e9 en Rus et en Su\u00e8de, r\u00e9gion tr\u00e8s commerciale avec Byzance.<\/p>\n","protected":false},"excerpt":{"rendered":"<p>Su\u00e8de \/ Rus<br \/>\nX\/XI\u00e8me si\u00e8cle<\/p>\n<p>R\u00e9plique en bronze d&#8217;un crucifix de l&#8217;\u00e9poque viking, bien que les pendentifs retrouv\u00e9s soit en argent. L&#8217;original de ce crucifix de l&#8217;\u00e8re viking avec la repr\u00e9sentation d\u00e9taill\u00e9e de J\u00e9sus provient de la d\u00e9couverte de l&#8217;\u00e8re viking \u00e0 Sanda sur l&#8217;\u00eele de Gotland.<\/p>\n","protected":false},"featured_media":764,"template":"","meta":{"neve_meta_sidebar":"","neve_meta_container":"","neve_meta_enable_content_width":"off","neve_meta_content_width":100,"neve_meta_title_alignment":"","neve_meta_author_avatar":"","neve_post_elements_order":"","neve_meta_disable_header":"","neve_meta_disable_footer":"","neve_meta_disable_title":""},"product_brand":[],"product_cat":[191,435,15],"product_tag":[],"class_list":{"0":"post-761","1":"product","2":"type-product","3":"status-publish","4":"has-post-thumbnail","6":"product_cat-accessoires","7":"product_cat-bijoux","8":"product_cat-tous-nos-produits","10":"first","11":"instock","12":"taxable","13":"shipping-taxable","14":"purchasable","15":"product-type-simple"},"_links":{"self":[{"href":"https:\/\/through-history.boostrestau.com\/index.php?rest_route=\/wp\/v2\/product\/761","targetHints":{"allow":["GET"]}}],"collection":[{"href":"https:\/\/through-history.boostrestau.com\/index.php?rest_route=\/wp\/v2\/product"}],"about":[{"href":"https:\/\/through-history.boostrestau.com\/index.php?rest_route=\/wp\/v2\/types\/product"}],"wp:featuredmedia":[{"embeddable":true,"href":"https:\/\/through-history.boostrestau.com\/index.php?rest_route=\/wp\/v2\/media\/764"}],"wp:attachment":[{"href":"https:\/\/through-history.boostrestau.com\/index.php?rest_route=%2Fwp%2Fv2%2Fmedia&parent=761"}],"wp:term":[{"taxonomy":"product_brand","embeddable":true,"href":"https:\/\/through-history.boostrestau.com\/index.php?rest_route=%2Fwp%2Fv2%2Fproduct_brand&post=761"},{"taxonomy":"product_cat","embeddable":true,"href":"https:\/\/through-history.boostrestau.com\/index.php?rest_route=%2Fwp%2Fv2%2Fproduct_cat&post=761"},{"taxonomy":"product_tag","embeddable":true,"href":"https:\/\/through-history.boostrestau.com\/index.php?rest_route=%2Fwp%2Fv2%2Fproduct_tag&post=761"}],"curies":[{"name":"wp","href":"https:\/\/api.w.org\/{rel}","templated":true}]}}