{"id":767,"date":"2024-03-13T16:55:15","date_gmt":"2024-03-13T15:55:15","guid":{"rendered":"https:\/\/through-history.com\/?post_type=product&#038;p=767"},"modified":"2024-09-12T20:52:22","modified_gmt":"2024-09-12T18:52:22","slug":"oseberg-303","status":"publish","type":"product","link":"https:\/\/through-history.boostrestau.com\/?product=oseberg-303","title":{"rendered":"Chaussures Oseberg 303"},"content":{"rendered":"<p>De nombreux artefacts ont \u00e9t\u00e9s d\u00e9couverts dans le site de fouille d&#8217;Osberg, en Norv\u00e8ge, notamment ces chaussures basse dites &#8220;303&#8221;, d&#8217;apr\u00e8s les travaux de Margareth Hald, similaire aux chaussures Osberg &#8220;172&#8221; mais plus basses et tr\u00e8s diff\u00e9rentes des chaussures montantes d&#8217;Osberg commun\u00e9ment appel\u00e9es &#8220;Bottes d&#8217;Osberg&#8221;. Ces chaussures &#8220;303&#8221; sont dat\u00e9es du milieu du IX si\u00e8cle au d\u00e9but du X \u00e8me. Le site de fouille d&#8217;Osberg semble \u00eatre une importante s\u00e9pulture \u00e9tablie sur un impressionnant bateau. L&#8217;un des t\u00e9moignages les plus complet du pass\u00e9 viking de la Norv\u00e8ge.<\/p>\n","protected":false},"excerpt":{"rendered":"<p>Norv\u00e8ge &#8211; IX\u00e8me si\u00e8cle<\/p>\n<p>De nombreux artefacts ont \u00e9t\u00e9s d\u00e9couverts dans le site de fouille d&#8217;Osberg, en Norv\u00e8ge, notamment ces chaussures basse dites &#8220;303&#8221;, d&#8217;apr\u00e8s les travaux de Margareth Hald, similaire aux chaussures Osberg &#8220;172&#8221; mais plus basses et tr\u00e8s diff\u00e9rentes des chaussures montantes d&#8217;Osberg commun\u00e9ment appel\u00e9es &#8220;Bottes d&#8217;Osberg&#8221;<\/p>\n","protected":false},"featured_media":795,"template":"","meta":{"neve_meta_sidebar":"","neve_meta_container":"","neve_meta_enable_content_width":"off","neve_meta_content_width":100,"neve_meta_title_alignment":"","neve_meta_author_avatar":"","neve_post_elements_order":"","neve_meta_disable_header":"","neve_meta_disable_footer":"","neve_meta_disable_title":""},"product_brand":[],"product_cat":[190,197,15],"product_tag":[383,48,17],"class_list":{"0":"post-767","1":"product","2":"type-product","3":"status-publish","4":"has-post-thumbnail","6":"product_cat-chaussures","7":"product_cat-norvege","8":"product_cat-tous-nos-produits","9":"product_tag-383","10":"product_tag-chaussure","11":"product_tag-oseberg","12":"product_shipping_class-chaussure","14":"first","15":"instock","16":"taxable","17":"shipping-taxable","18":"purchasable","19":"product-type-variable"},"_links":{"self":[{"href":"https:\/\/through-history.boostrestau.com\/index.php?rest_route=\/wp\/v2\/product\/767","targetHints":{"allow":["GET"]}}],"collection":[{"href":"https:\/\/through-history.boostrestau.com\/index.php?rest_route=\/wp\/v2\/product"}],"about":[{"href":"https:\/\/through-history.boostrestau.com\/index.php?rest_route=\/wp\/v2\/types\/product"}],"wp:featuredmedia":[{"embeddable":true,"href":"https:\/\/through-history.boostrestau.com\/index.php?rest_route=\/wp\/v2\/media\/795"}],"wp:attachment":[{"href":"https:\/\/through-history.boostrestau.com\/index.php?rest_route=%2Fwp%2Fv2%2Fmedia&parent=767"}],"wp:term":[{"taxonomy":"product_brand","embeddable":true,"href":"https:\/\/through-history.boostrestau.com\/index.php?rest_route=%2Fwp%2Fv2%2Fproduct_brand&post=767"},{"taxonomy":"product_cat","embeddable":true,"href":"https:\/\/through-history.boostrestau.com\/index.php?rest_route=%2Fwp%2Fv2%2Fproduct_cat&post=767"},{"taxonomy":"product_tag","embeddable":true,"href":"https:\/\/through-history.boostrestau.com\/index.php?rest_route=%2Fwp%2Fv2%2Fproduct_tag&post=767"}],"curies":[{"name":"wp","href":"https:\/\/api.w.org\/{rel}","templated":true}]}}