{"id":781,"date":"2024-03-13T17:34:27","date_gmt":"2024-03-13T16:34:27","guid":{"rendered":"https:\/\/through-history.com\/?post_type=product&#038;p=781"},"modified":"2024-09-12T20:52:22","modified_gmt":"2024-09-12T18:52:22","slug":"hedeby-type-iii","status":"publish","type":"product","link":"https:\/\/through-history.boostrestau.com\/?product=hedeby-type-iii","title":{"rendered":"Chaussures Hedeby type III"},"content":{"rendered":"<p>Ces chaussures poss\u00e8dent des semelles doubl\u00e9es et sont taill\u00e9es avec un bon maintient similaire aux chaussures de villes. Le cuir es \u00e9pais et les coutures \u00e9tanches.<\/p>\n<p>Hedeby (vieux norrois Hei\u00f0ab\u00fdr, de hei\u00f0r &#8220;lande&#8221;, et b\u00fdr &#8220;cour&#8221; ; allemand Haithabu, latin Heidiba ; \u00e9galement Hai\u00f0aby, Haidaby) \u00e9tait un important \u00e9tablissement Norrois du Danemark.<\/p>\n<p>Situ\u00e9 au sud du royaume Danois, pr\u00e8s de la fronti\u00e8re carolingienne, la localit\u00e9 \u00e9tait une ville au haut Moyen-\u00c2ge et un important comptoir commercial. Point de jonction pour le commerce de longue distance entre la Scandinavie, l&#8217;Europe de l&#8217;Ouest, les pays riverains de la Mer du Nord et les pays baltes, ce fut un pied \u00e0 terre c\u00e9l\u00e8bre pour les exp\u00e9ditions Vikings.<\/p>\n<p>Hedeby se trouve sur la p\u00e9ninsule des Cimbres, au fond de la Schlei, entre la Mer du Nord et la Mer Baltique. Le site est aujourd&#8217;hui en Allemagne, le terrain faisant partie de la commune de Busdorf, pr\u00e8s de Schleswig, dans l&#8217;arrondissement de Schleswig-Flensbourg.<\/p>\n<p>&nbsp;<\/p>\n<p>&nbsp;<\/p>\n","protected":false},"excerpt":{"rendered":"<p>Danemark &#8211; X \/ XI \u00e8me si\u00e8cle<\/p>\n<p>Nous sommes heureux de vous pr\u00e9sentez notre second option pour le mod\u00e8le de bottines type III de Hedeby, d&#8217;apr\u00e8s le travail du mus\u00e9e schleswig Holstein. Une option trois lacets, une variation retrouv\u00e9e parmis les diff\u00e9rentes chaussures type III de Hedeby \/Haitabu.<\/p>\n","protected":false},"featured_media":769,"template":"","meta":{"neve_meta_sidebar":"","neve_meta_container":"","neve_meta_enable_content_width":"off","neve_meta_content_width":100,"neve_meta_title_alignment":"","neve_meta_author_avatar":"","neve_post_elements_order":"","neve_meta_disable_header":"","neve_meta_disable_footer":"","neve_meta_disable_title":""},"product_brand":[],"product_cat":[190,195,15],"product_tag":[],"class_list":{"0":"post-781","1":"product","2":"type-product","3":"status-publish","4":"has-post-thumbnail","6":"product_cat-chaussures","7":"product_cat-danemark","8":"product_cat-tous-nos-produits","9":"product_shipping_class-chaussure","11":"first","12":"instock","13":"taxable","14":"shipping-taxable","15":"purchasable","16":"product-type-variable"},"_links":{"self":[{"href":"https:\/\/through-history.boostrestau.com\/index.php?rest_route=\/wp\/v2\/product\/781","targetHints":{"allow":["GET"]}}],"collection":[{"href":"https:\/\/through-history.boostrestau.com\/index.php?rest_route=\/wp\/v2\/product"}],"about":[{"href":"https:\/\/through-history.boostrestau.com\/index.php?rest_route=\/wp\/v2\/types\/product"}],"wp:featuredmedia":[{"embeddable":true,"href":"https:\/\/through-history.boostrestau.com\/index.php?rest_route=\/wp\/v2\/media\/769"}],"wp:attachment":[{"href":"https:\/\/through-history.boostrestau.com\/index.php?rest_route=%2Fwp%2Fv2%2Fmedia&parent=781"}],"wp:term":[{"taxonomy":"product_brand","embeddable":true,"href":"https:\/\/through-history.boostrestau.com\/index.php?rest_route=%2Fwp%2Fv2%2Fproduct_brand&post=781"},{"taxonomy":"product_cat","embeddable":true,"href":"https:\/\/through-history.boostrestau.com\/index.php?rest_route=%2Fwp%2Fv2%2Fproduct_cat&post=781"},{"taxonomy":"product_tag","embeddable":true,"href":"https:\/\/through-history.boostrestau.com\/index.php?rest_route=%2Fwp%2Fv2%2Fproduct_tag&post=781"}],"curies":[{"name":"wp","href":"https:\/\/api.w.org\/{rel}","templated":true}]}}