{"id":834,"date":"2024-03-18T10:45:57","date_gmt":"2024-03-18T09:45:57","guid":{"rendered":"https:\/\/through-history.com\/?post_type=product&#038;p=834"},"modified":"2024-06-19T09:03:18","modified_gmt":"2024-06-19T07:03:18","slug":"casque-de-birka-great-hall-1","status":"publish","type":"product","link":"https:\/\/through-history.boostrestau.com\/?product=casque-de-birka-great-hall-1","title":{"rendered":"Casque de Birka Great Hall 1"},"content":{"rendered":"<p>Ce fragment \u00e9tait rivet\u00e9 \u00e0 son d\u00f4me d\u2019origine par des rivets certainement perc\u00e9s \u00e0 une distance peu rapprocher comme l\u2019on peu observer sur le fragments. Son style graphique semble provenir de la partie orientale de l\u2019Europe, voir de plus loin encore. Birka \u00e9tant reconnu comme l&#8217;un des plus important comptoir commerciale du haut moyen \u00e9tant terme de la route de la soie en Scandinavie. Le grand Hall a lui seul r\u00e9v\u00e8le une importante diversit\u00e9 de fragments notamment de lamellaire d\u2019armures rus et nomade. Le style Oriental du fragment du bandeau de ce premier casque du grand Hall nous permet de rattacher ce casque \u00e0 la typologie de kirpichnikov. En nous penchant d&#8217;avantage sur le sujet, deux types de casque comporte un bandeau de forme similaire.<\/p>\n<p>Le Gnezdovo 2 et les casques \u00e0 conique comme le Nemia. Cette seconde hypoth\u00e8se semble la plus probable. Le style du bandeau, l&#8217;espace des rivets, l&#8217;absence de trou r\u00e9gulier ou fixer la maille, rapproche d&#8217;avantage le premier fragment du grand hall des casques conique \u00e0 bandeau retrouv\u00e9s en territoire Rus et dat\u00e9s des environs du X eme. La reconstruction du fragment en bandeau uniforme rivet\u00e9s sur un casque conique monobloc nous semble de loin la reconstitution la plus cr\u00e9dible. L&#8217;emplacement d&#8217;une fixation de maille \u00e9tant absente; nous avons choisit de coudre celle ci sur un cale en lin et de le rivet\u00e9s au casque a l&#8217;aide d&#8217;une bande de cuir. Le casque vous est proposez pr\u00eat \u00e0 \u00eatre rev\u00eatu pour vous lancer directement dans la m\u00eal\u00e9e au nom des Dieux !<\/p>\n","protected":false},"excerpt":{"rendered":"<p>X \u00e8me si\u00e8cle &#8211; Swedish \/ Rus \/ Nomads<\/p>\n<p>Voici notre interpr\u00e9tation du casque de Birka que nous nommerons 1, d\u2019apr\u00e8s l\u2019un des deux fragments d\u00e9couverts dans les vestiges du grand Hall.<\/p>\n<p>Ce produit est en pr\u00e9commande. Le d\u00e9lai de livraison sera de 6 mois environ. Le casque est propos\u00e9 avec une grille de protection, cach\u00e9e par une cote de maille ferm\u00e9e pour des raisons de s\u00e9curit\u00e9.<\/p>\n","protected":false},"featured_media":838,"template":"","meta":{"neve_meta_sidebar":"","neve_meta_container":"","neve_meta_enable_content_width":"off","neve_meta_content_width":100,"neve_meta_title_alignment":"","neve_meta_author_avatar":"","neve_post_elements_order":"","neve_meta_disable_header":"","neve_meta_disable_footer":"","neve_meta_disable_title":""},"product_brand":[],"product_cat":[192,15],"product_tag":[93,91,94,95,96,92],"class_list":{"0":"post-834","1":"product","2":"type-product","3":"status-publish","4":"has-post-thumbnail","6":"product_cat-casques-viking","7":"product_cat-tous-nos-produits","8":"product_tag-eastern_helmet","9":"product_tag-franc_helmet","10":"product_tag-helmet_for_fight","11":"product_tag-through_history","12":"product_tag-true_history_shop","13":"product_tag-viking_helmet","14":"product_shipping_class-casques","16":"first","17":"onbackorder","18":"sold-individually","19":"taxable","20":"shipping-taxable","21":"purchasable","22":"product-type-variable"},"_links":{"self":[{"href":"https:\/\/through-history.boostrestau.com\/index.php?rest_route=\/wp\/v2\/product\/834","targetHints":{"allow":["GET"]}}],"collection":[{"href":"https:\/\/through-history.boostrestau.com\/index.php?rest_route=\/wp\/v2\/product"}],"about":[{"href":"https:\/\/through-history.boostrestau.com\/index.php?rest_route=\/wp\/v2\/types\/product"}],"wp:featuredmedia":[{"embeddable":true,"href":"https:\/\/through-history.boostrestau.com\/index.php?rest_route=\/wp\/v2\/media\/838"}],"wp:attachment":[{"href":"https:\/\/through-history.boostrestau.com\/index.php?rest_route=%2Fwp%2Fv2%2Fmedia&parent=834"}],"wp:term":[{"taxonomy":"product_brand","embeddable":true,"href":"https:\/\/through-history.boostrestau.com\/index.php?rest_route=%2Fwp%2Fv2%2Fproduct_brand&post=834"},{"taxonomy":"product_cat","embeddable":true,"href":"https:\/\/through-history.boostrestau.com\/index.php?rest_route=%2Fwp%2Fv2%2Fproduct_cat&post=834"},{"taxonomy":"product_tag","embeddable":true,"href":"https:\/\/through-history.boostrestau.com\/index.php?rest_route=%2Fwp%2Fv2%2Fproduct_tag&post=834"}],"curies":[{"name":"wp","href":"https:\/\/api.w.org\/{rel}","templated":true}]}}