{"id":850,"date":"2024-03-21T13:53:14","date_gmt":"2024-03-21T12:53:14","guid":{"rendered":"https:\/\/through-history.com\/?post_type=product&#038;p=850"},"modified":"2024-09-15T15:42:10","modified_gmt":"2024-09-15T13:42:10","slug":"tente-saxonne-viking","status":"publish","type":"product","link":"https:\/\/through-history.boostrestau.com\/?product=tente-saxonne-viking","title":{"rendered":"Tente Saxonne viking"},"content":{"rendered":"<p>Les tentes saxonnes sont utilis\u00e9es par les peuples germaniques au d\u00e9but du Moyen \u00c2ge, souvent associ\u00e9es \u00e0 la p\u00e9riode s&#8217;\u00e9tendant du Ve au XIe si\u00e8cle. Ces tentes tirent leur nom des Saxons, un peuple germanique qui a jou\u00e9 un r\u00f4le important dans l&#8217;histoire de l&#8217;Europe occidentale pendant cette p\u00e9riode.<\/p>\n<p>Elles \u00e9taient g\u00e9n\u00e9ralement fabriqu\u00e9es \u00e0 partir de mat\u00e9riaux naturels tels que la toile de lin ou la laine, soutenues par des poteaux en bois. Elles avaient souvent une forme conique ou arrondie, avec une ouverture \u00e0 une extr\u00e9mit\u00e9 pour permettre l&#8217;entr\u00e9e et la sortie. Ces tentes \u00e9taient relativement simples dans leur conception mais efficaces pour fournir un abri contre les intemp\u00e9ries.<\/p>\n<p>Les peuples saxons et d&#8217;autres tribus germaniques utilisaient ces tentes pour diverses occasions, notamment comme habitations temporaires lors de voyages, de campements militaires, de rassemblements communautaires ou de march\u00e9s. Elles \u00e9taient \u00e9galement utilis\u00e9es comme quartiers g\u00e9n\u00e9raux pour les chefs de tribus ou les dirigeants militaires.<\/p>\n","protected":false},"excerpt":{"rendered":"<p>Franc \/ Saxon<br \/>\nV au XI \u00e8me si\u00e8cle<\/p>\n<p>Les dimensions de la tente font 5 m x 2 m au sol pour une hauteur de 2m. Elle est propos\u00e9 en lin et en coton, tous deux avec traitement imperm\u00e9able. Couture machine, livr\u00e9e sans les bois.<\/p>\n<p>Le tissu est imperm\u00e9able \u00e0 l&#8217;eau et r\u00e9sistant au vent, ce qui permet de camper \u00e9t\u00e9 comme hiver et d&#8217;avoir un minimum de confort durant vos camps.<\/p>\n","protected":false},"featured_media":853,"template":"","meta":{"neve_meta_sidebar":"","neve_meta_container":"","neve_meta_enable_content_width":"off","neve_meta_content_width":100,"neve_meta_title_alignment":"","neve_meta_author_avatar":"","neve_post_elements_order":"","neve_meta_disable_header":"","neve_meta_disable_footer":"","neve_meta_disable_title":""},"product_brand":[],"product_cat":[15,387],"product_tag":[102,101,104,103,100,99],"class_list":{"0":"post-850","1":"product","2":"type-product","3":"status-publish","4":"has-post-thumbnail","6":"product_cat-tous-nos-produits","7":"product_cat-vie-de-camp","8":"product_tag-camping_viking","9":"product_tag-tente_de_camping","10":"product_tag-tente_en_coton","11":"product_tag-tente_en_lin","12":"product_tag-tente_oseberg","13":"product_tag-tente_viking","15":"first","16":"instock","17":"taxable","18":"shipping-taxable","19":"purchasable","20":"product-type-variable"},"_links":{"self":[{"href":"https:\/\/through-history.boostrestau.com\/index.php?rest_route=\/wp\/v2\/product\/850","targetHints":{"allow":["GET"]}}],"collection":[{"href":"https:\/\/through-history.boostrestau.com\/index.php?rest_route=\/wp\/v2\/product"}],"about":[{"href":"https:\/\/through-history.boostrestau.com\/index.php?rest_route=\/wp\/v2\/types\/product"}],"wp:featuredmedia":[{"embeddable":true,"href":"https:\/\/through-history.boostrestau.com\/index.php?rest_route=\/wp\/v2\/media\/853"}],"wp:attachment":[{"href":"https:\/\/through-history.boostrestau.com\/index.php?rest_route=%2Fwp%2Fv2%2Fmedia&parent=850"}],"wp:term":[{"taxonomy":"product_brand","embeddable":true,"href":"https:\/\/through-history.boostrestau.com\/index.php?rest_route=%2Fwp%2Fv2%2Fproduct_brand&post=850"},{"taxonomy":"product_cat","embeddable":true,"href":"https:\/\/through-history.boostrestau.com\/index.php?rest_route=%2Fwp%2Fv2%2Fproduct_cat&post=850"},{"taxonomy":"product_tag","embeddable":true,"href":"https:\/\/through-history.boostrestau.com\/index.php?rest_route=%2Fwp%2Fv2%2Fproduct_tag&post=850"}],"curies":[{"name":"wp","href":"https:\/\/api.w.org\/{rel}","templated":true}]}}