{"id":864,"date":"2024-03-26T16:45:35","date_gmt":"2024-03-26T15:45:35","guid":{"rendered":"https:\/\/through-history.com\/?post_type=product&#038;p=864"},"modified":"2024-03-28T13:47:31","modified_gmt":"2024-03-28T12:47:31","slug":"tunique-de-combat-hedeby","status":"publish","type":"product","link":"https:\/\/through-history.boostrestau.com\/?product=tunique-de-combat-hedeby","title":{"rendered":"Tunique de combat &#8211; Hedeby"},"content":{"rendered":"<p>Nos tuniques sont r\u00e9alis\u00e9es sur mesure, il vous faudra choisir vos couleurs et nous fournir les mesures de votre corps en fonction du patron fourni.<\/p>\n","protected":false},"excerpt":{"rendered":"<p>Danemark<br \/>\nX\/XI \u00e8me si\u00e8cle<\/p>\n<p>Envahisseur Danois, rendez fi\u00e8re votre Roi avec cette tenue de combat aussi \u00e9l\u00e9gante qu&#8217;efficace ! Nos tuniques sont r\u00e9alis\u00e9es sur mesure, il vous faudra choisir vos couleurs et nous fournir les mesures de votre corps en fonction du patron fourni.<\/p>\n","protected":false},"featured_media":865,"template":"","meta":{"neve_meta_sidebar":"","neve_meta_container":"","neve_meta_enable_content_width":"off","neve_meta_content_width":100,"neve_meta_title_alignment":"","neve_meta_author_avatar":"","neve_post_elements_order":"","neve_meta_disable_header":"","neve_meta_disable_footer":"","neve_meta_disable_title":""},"product_brand":[],"product_cat":[389,15,194],"product_tag":[55,391,107,46,26,54,16,80],"class_list":{"0":"post-864","1":"product","2":"type-product","3":"status-publish","4":"has-post-thumbnail","6":"product_cat-danemark-fr","7":"product_cat-tous-nos-produits","8":"product_cat-tuniques-de-combat","9":"product_tag-armor","10":"product_tag-danemark","11":"product_tag-gambison","12":"product_tag-hedeby","13":"product_tag-medieval","14":"product_tag-padded","15":"product_tag-viking","16":"product_tag-wool_armor","18":"first","19":"instock","20":"taxable","21":"shipping-taxable","22":"purchasable","23":"product-type-variable"},"_links":{"self":[{"href":"https:\/\/through-history.boostrestau.com\/index.php?rest_route=\/wp\/v2\/product\/864","targetHints":{"allow":["GET"]}}],"collection":[{"href":"https:\/\/through-history.boostrestau.com\/index.php?rest_route=\/wp\/v2\/product"}],"about":[{"href":"https:\/\/through-history.boostrestau.com\/index.php?rest_route=\/wp\/v2\/types\/product"}],"wp:featuredmedia":[{"embeddable":true,"href":"https:\/\/through-history.boostrestau.com\/index.php?rest_route=\/wp\/v2\/media\/865"}],"wp:attachment":[{"href":"https:\/\/through-history.boostrestau.com\/index.php?rest_route=%2Fwp%2Fv2%2Fmedia&parent=864"}],"wp:term":[{"taxonomy":"product_brand","embeddable":true,"href":"https:\/\/through-history.boostrestau.com\/index.php?rest_route=%2Fwp%2Fv2%2Fproduct_brand&post=864"},{"taxonomy":"product_cat","embeddable":true,"href":"https:\/\/through-history.boostrestau.com\/index.php?rest_route=%2Fwp%2Fv2%2Fproduct_cat&post=864"},{"taxonomy":"product_tag","embeddable":true,"href":"https:\/\/through-history.boostrestau.com\/index.php?rest_route=%2Fwp%2Fv2%2Fproduct_tag&post=864"}],"curies":[{"name":"wp","href":"https:\/\/api.w.org\/{rel}","templated":true}]}}