{"id":964,"date":"2024-05-21T08:44:54","date_gmt":"2024-05-21T06:44:54","guid":{"rendered":"https:\/\/through-history.com\/?post_type=product&#038;p=964"},"modified":"2024-06-19T11:12:22","modified_gmt":"2024-06-19T09:12:22","slug":"fibule-en-laiton","status":"publish","type":"product","link":"https:\/\/through-history.boostrestau.com\/?product=fibule-en-laiton","title":{"rendered":"Fibule en laiton"},"content":{"rendered":"<p>Scandinave \/ Franc \/ Rus<br \/>\nIX &#8211; X\u00e8me si\u00e8cle<br \/>\nDiam\u00e8tre : 6cm \/ Pointe : 9cm<\/p>\n<p>Bien que cette fibule n&#8217;ait aucune source arch\u00e9ologique, nous avons voulu faire quelque chose de simple et d&#8217;accessible pour tous. Elle reste histo compatible pour les diff\u00e9rents camps et f\u00eates m\u00e9di\u00e9vales.<\/p>\n<p>Peut \u00eatre utilis\u00e9e pour maintenir une cape ou fermer un habit. Ne pas utiliser pour des bandes molleti\u00e8res, car trop grosse.<\/p>\n","protected":false},"excerpt":{"rendered":"<p>Bien que cette fibule n&#8217;ait aucune source arch\u00e9ologique, nous avons voulu faire quelque chose de simple et d&#8217;accessible pour tous. Elle reste histo compatible pour les diff\u00e9rents camps et f\u00eates m\u00e9di\u00e9vales.<\/p>\n<p>Peut \u00eatre utilis\u00e9e pour maintenir une cape ou fermer un habit. Ne pas utiliser pour des bandes molleti\u00e8res, car trop grosse.<\/p>\n","protected":false},"featured_media":967,"template":"","meta":{"neve_meta_sidebar":"","neve_meta_container":"","neve_meta_enable_content_width":"off","neve_meta_content_width":100,"neve_meta_title_alignment":"","neve_meta_author_avatar":"","neve_post_elements_order":"","neve_meta_disable_header":"","neve_meta_disable_footer":"","neve_meta_disable_title":""},"product_brand":[],"product_cat":[191,435,15],"product_tag":[431,429,428,430],"class_list":{"0":"post-964","1":"product","2":"type-product","3":"status-publish","4":"has-post-thumbnail","6":"product_cat-accessoires","7":"product_cat-bijoux","8":"product_cat-tous-nos-produits","9":"product_tag-accessoires","10":"product_tag-bijoux","11":"product_tag-fibule","12":"product_tag-laiton","13":"product_shipping_class-chaussure","15":"first","16":"instock","17":"taxable","18":"shipping-taxable","19":"purchasable","20":"product-type-simple"},"_links":{"self":[{"href":"https:\/\/through-history.boostrestau.com\/index.php?rest_route=\/wp\/v2\/product\/964","targetHints":{"allow":["GET"]}}],"collection":[{"href":"https:\/\/through-history.boostrestau.com\/index.php?rest_route=\/wp\/v2\/product"}],"about":[{"href":"https:\/\/through-history.boostrestau.com\/index.php?rest_route=\/wp\/v2\/types\/product"}],"wp:featuredmedia":[{"embeddable":true,"href":"https:\/\/through-history.boostrestau.com\/index.php?rest_route=\/wp\/v2\/media\/967"}],"wp:attachment":[{"href":"https:\/\/through-history.boostrestau.com\/index.php?rest_route=%2Fwp%2Fv2%2Fmedia&parent=964"}],"wp:term":[{"taxonomy":"product_brand","embeddable":true,"href":"https:\/\/through-history.boostrestau.com\/index.php?rest_route=%2Fwp%2Fv2%2Fproduct_brand&post=964"},{"taxonomy":"product_cat","embeddable":true,"href":"https:\/\/through-history.boostrestau.com\/index.php?rest_route=%2Fwp%2Fv2%2Fproduct_cat&post=964"},{"taxonomy":"product_tag","embeddable":true,"href":"https:\/\/through-history.boostrestau.com\/index.php?rest_route=%2Fwp%2Fv2%2Fproduct_tag&post=964"}],"curies":[{"name":"wp","href":"https:\/\/api.w.org\/{rel}","templated":true}]}}