{"id":969,"date":"2024-05-21T10:07:39","date_gmt":"2024-05-21T08:07:39","guid":{"rendered":"https:\/\/through-history.com\/?post_type=product&#038;p=969"},"modified":"2024-08-23T10:50:45","modified_gmt":"2024-08-23T08:50:45","slug":"crystal-ball-gotland","status":"publish","type":"product","link":"https:\/\/through-history.boostrestau.com\/?product=crystal-ball-gotland","title":{"rendered":"Crystal ball &#8211; Gotland"},"content":{"rendered":"<p>L&#8217;\u00eele du Gotland poss\u00e8de bien des richesses, de part sa grande plateforme commerciale, gr\u00e2ce au prolongement de la route de soie depuis Byzance. Cette \u00eele prosp\u00e8re regroupe tout un tas de bijoux et d&#8217;artefacts model\u00e9 par des artisans aussi dou\u00e9 que riche.<\/p>\n<p>Cette Crytal ball, d\u00e9couverte au Gotland, est la preuve qu&#8217;un outils peut aussi devenir un bijoux et une marque de richesse. Ce bijou est constitu\u00e9 d&#8217;une bille en quartz (ronde ou plates selon les trouvailles) cercl\u00e9e d&#8217;argent.<\/p>\n<p>Bien que ce bijou ait une utilit\u00e9 cosm\u00e9tique, il sert aussi de briquet, mais aussi de loupe. C&#8217;est pourquoi il est recommand\u00e9 de faire attention en \u00e9t\u00e9 pour \u00e9viter les br\u00fblures.<\/p>\n","protected":false},"excerpt":{"rendered":"<p>Gotland<br \/>\nX \/ XII\u00e8me si\u00e8cle<\/p>\n<p>Taille : 2.5cm de diam\u00e8tre pour 5cm de haut.<\/p>\n<p>Cette Crytal ball, d\u00e9couverte au Gotland, est la preuve qu&#8217;un outils peut aussi devenir un bijoux et une marque de richesse. Ce bijou est constitu\u00e9 d&#8217;une bille en quartz (ronde ou plates selon les trouvailles) cercl\u00e9e d&#8217;argent.<\/p>\n<p>Bien que ce bijou ait une utilit\u00e9 cosm\u00e9tique, il sert aussi de briquet, mais aussi de loupe. C&#8217;est pourquoi il est recommand\u00e9 de faire attention en \u00e9t\u00e9 pour \u00e9viter les br\u00fblures.<\/p>\n","protected":false},"featured_media":971,"template":"","meta":{"neve_meta_sidebar":"","neve_meta_container":"","neve_meta_enable_content_width":"off","neve_meta_content_width":100,"neve_meta_title_alignment":"","neve_meta_author_avatar":"","neve_post_elements_order":"","neve_meta_disable_header":"","neve_meta_disable_footer":"","neve_meta_disable_title":""},"product_brand":[],"product_cat":[191,435,15],"product_tag":[],"class_list":{"0":"post-969","1":"product","2":"type-product","3":"status-publish","4":"has-post-thumbnail","6":"product_cat-accessoires","7":"product_cat-bijoux","8":"product_cat-tous-nos-produits","10":"first","11":"instock","12":"taxable","13":"shipping-taxable","14":"purchasable","15":"product-type-simple"},"_links":{"self":[{"href":"https:\/\/through-history.boostrestau.com\/index.php?rest_route=\/wp\/v2\/product\/969","targetHints":{"allow":["GET"]}}],"collection":[{"href":"https:\/\/through-history.boostrestau.com\/index.php?rest_route=\/wp\/v2\/product"}],"about":[{"href":"https:\/\/through-history.boostrestau.com\/index.php?rest_route=\/wp\/v2\/types\/product"}],"wp:featuredmedia":[{"embeddable":true,"href":"https:\/\/through-history.boostrestau.com\/index.php?rest_route=\/wp\/v2\/media\/971"}],"wp:attachment":[{"href":"https:\/\/through-history.boostrestau.com\/index.php?rest_route=%2Fwp%2Fv2%2Fmedia&parent=969"}],"wp:term":[{"taxonomy":"product_brand","embeddable":true,"href":"https:\/\/through-history.boostrestau.com\/index.php?rest_route=%2Fwp%2Fv2%2Fproduct_brand&post=969"},{"taxonomy":"product_cat","embeddable":true,"href":"https:\/\/through-history.boostrestau.com\/index.php?rest_route=%2Fwp%2Fv2%2Fproduct_cat&post=969"},{"taxonomy":"product_tag","embeddable":true,"href":"https:\/\/through-history.boostrestau.com\/index.php?rest_route=%2Fwp%2Fv2%2Fproduct_tag&post=969"}],"curies":[{"name":"wp","href":"https:\/\/api.w.org\/{rel}","templated":true}]}}